{"id":580,"date":"2023-03-28T10:15:18","date_gmt":"2023-03-28T10:15:18","guid":{"rendered":"http:\/\/prinz-ks.com\/?post_type=product&#038;p=580"},"modified":"2023-06-27T14:27:08","modified_gmt":"2023-06-27T14:27:08","slug":"himbere","status":"publish","type":"product","link":"https:\/\/prinz-ks.com\/sq\/produkt\/himbere\/","title":{"rendered":"Prinz Himbeere- MJED\u00cbR"},"content":{"rendered":"<p>RAKI MJEDR\u00cb NGA AUSTRIA<br \/>\n\u25cf Raki frutash nga mjedra t\u00eb vjelura me dor\u00eb<br \/>\n\u25cf Distilohet but\u00ebsisht dhe ruhet p\u00ebr disa vite<br \/>\n\u25cf Tipike e shum\u00ebllojshm\u00ebris\u00eb dhe intensive n\u00eb er\u00eb dhe shije<\/p>\n<p>Mjedrat lokale t\u00eb kuqe t\u00eb thella, t\u00eb pjekura nga dielli, mblidhen me dor\u00eb dhe m\u00eb pas macerohen n\u00eb alkool n\u00eb distilerin ton\u00eb. N\u00eb procesin klasik t\u00eb distilimit t\u00eb pap\u00ebrpunuar dhe t\u00eb im\u00ebt, krijohet nj\u00eb distilim i im\u00ebt, i cili karakterizohet nga nj\u00eb arom\u00eb e fort\u00eb, varietale e mjedr\u00ebs. Ruajtja n\u00eb en\u00eb balte i jep asaj nj\u00eb thell\u00ebsi shtes\u00eb dhe but\u00ebsi t\u00eb k\u00ebndshme, gj\u00eb q\u00eb i b\u00ebn rakiatt e b\u00ebra prej tij kaq t\u00eb ve\u00e7anta.<\/p>\n<p>Nj\u00eb arom\u00eb intensive e manave dhe nj\u00eb shije e ve\u00e7ant\u00eb frutash n\u00eb shije karakterizojn\u00eb k\u00ebt\u00eb k\u00ebnaq\u00ebsi t\u00eb shk\u00eblqyer t\u00eb rakis\u00eb. E frutshme dhe e but\u00eb n\u00eb fund, \u00ebsht\u00eb k\u00ebnaq\u00ebsia perfekte e pijes p\u00ebr shum\u00eb raste &#8211; si n\u00eb dim\u00ebr ashtu edhe n\u00eb ver\u00eb.<\/p>\n<p>Rekomandimi yn\u00eb p\u00ebr pije: Shijoni rakin\u00eb e mjedr\u00ebs n\u00eb nj\u00eb got\u00eb t\u00eb rakis\u00eb, n\u00eb nj\u00eb temperatur\u00eb midis 17 dhe 20 \u00b0C.<\/p>","protected":false},"excerpt":{"rendered":"<p>Nj\u00eb arom\u00eb intensive e manave dhe nj\u00eb shije e ve\u00e7ant\u00eb frutash n\u00eb shije karakterizojn\u00eb k\u00ebt\u00eb k\u00ebnaq\u00ebsi t\u00eb shk\u00eblqyer t\u00eb rakis\u00eb. E frutshme dhe e but\u00eb n\u00eb fund, \u00ebsht\u00eb k\u00ebnaq\u00ebsia perfekte e pijes p\u00ebr shum\u00eb raste &#8211; si n\u00eb dim\u00ebr ashtu edhe n\u00eb ver\u00eb.<\/p>","protected":false},"featured_media":581,"comment_status":"open","ping_status":"closed","template":"","meta":{"nf_dc_page":"","om_disable_all_campaigns":false,"_monsterinsights_skip_tracking":false,"_monsterinsights_sitenote_active":false,"_monsterinsights_sitenote_note":"","_monsterinsights_sitenote_category":0,"site-sidebar-layout":"default","site-content-layout":"default","ast-site-content-layout":"default","site-content-style":"default","site-sidebar-style":"default","ast-global-header-display":"","ast-banner-title-visibility":"","ast-main-header-display":"","ast-hfb-above-header-display":"","ast-hfb-below-header-display":"","ast-hfb-mobile-header-display":"","site-post-title":"","ast-breadcrumbs-content":"","ast-featured-img":"","footer-sml-layout":"","ast-disable-related-posts":"","theme-transparent-header-meta":"default","adv-header-id-meta":"","stick-header-meta":"","header-above-stick-meta":"","header-main-stick-meta":"","header-below-stick-meta":"","astra-migrate-meta-layouts":"default","ast-page-background-enabled":"default","ast-page-background-meta":{"desktop":{"background-color":"","background-image":"","background-repeat":"repeat","background-position":"center center","background-size":"auto","background-attachment":"scroll","background-type":"","background-media":"","overlay-type":"","overlay-color":"","overlay-opacity":"","overlay-gradient":""},"tablet":{"background-color":"","background-image":"","background-repeat":"repeat","background-position":"center center","background-size":"auto","background-attachment":"scroll","background-type":"","background-media":"","overlay-type":"","overlay-color":"","overlay-opacity":"","overlay-gradient":""},"mobile":{"background-color":"","background-image":"","background-repeat":"repeat","background-position":"center center","background-size":"auto","background-attachment":"scroll","background-type":"","background-media":"","overlay-type":"","overlay-color":"","overlay-opacity":"","overlay-gradient":""}},"ast-content-background-meta":{"desktop":{"background-color":"var(--ast-global-color-5)","background-image":"","background-repeat":"repeat","background-position":"center center","background-size":"auto","background-attachment":"scroll","background-type":"","background-media":"","overlay-type":"","overlay-color":"","overlay-opacity":"","overlay-gradient":""},"tablet":{"background-color":"var(--ast-global-color-5)","background-image":"","background-repeat":"repeat","background-position":"center center","background-size":"auto","background-attachment":"scroll","background-type":"","background-media":"","overlay-type":"","overlay-color":"","overlay-opacity":"","overlay-gradient":""},"mobile":{"background-color":"var(--ast-global-color-5)","background-image":"","background-repeat":"repeat","background-position":"center center","background-size":"auto","background-attachment":"scroll","background-type":"","background-media":"","overlay-type":"","overlay-color":"","overlay-opacity":"","overlay-gradient":""}}},"product_brand":[],"product_cat":[19,18],"product_tag":[],"class_list":{"0":"post-580","1":"product","2":"type-product","3":"status-publish","4":"has-post-thumbnail","6":"product_cat-traditionelle-40","7":"product_cat-uncategorized","8":"desktop-align-left","9":"tablet-align-left","10":"mobile-align-left","12":"first","13":"instock","14":"shipping-taxable","15":"purchasable","16":"product-type-simple"},"yoast_head":"<!-- This site is optimized with the Yoast SEO plugin v27.5 - https:\/\/yoast.com\/product\/yoast-seo-wordpress\/ -->\n<title>Prinz Himbeere- MJED\u00cbR - Prinz<\/title>\n<meta name=\"robots\" content=\"index, follow, max-snippet:-1, max-image-preview:large, max-video-preview:-1\" \/>\n<link rel=\"canonical\" href=\"https:\/\/prinz-ks.com\/sq\/produkt\/himbere\/\" \/>\n<meta property=\"og:locale\" content=\"sq_AL\" \/>\n<meta property=\"og:type\" content=\"article\" \/>\n<meta property=\"og:title\" content=\"Prinz Himbeere- MJED\u00cbR - Prinz\" \/>\n<meta property=\"og:description\" content=\"Nj\u00eb arom\u00eb intensive e manave dhe nj\u00eb shije e ve\u00e7ant\u00eb frutash n\u00eb shije karakterizojn\u00eb k\u00ebt\u00eb k\u00ebnaq\u00ebsi t\u00eb shk\u00eblqyer t\u00eb rakis\u00eb. E frutshme dhe e but\u00eb n\u00eb fund, \u00ebsht\u00eb k\u00ebnaq\u00ebsia perfekte e pijes p\u00ebr shum\u00eb raste - si n\u00eb dim\u00ebr ashtu edhe n\u00eb ver\u00eb.\" \/>\n<meta property=\"og:url\" content=\"https:\/\/prinz-ks.com\/sq\/produkt\/himbere\/\" \/>\n<meta property=\"og:site_name\" content=\"Prinz\" \/>\n<meta property=\"article:modified_time\" content=\"2023-06-27T14:27:08+00:00\" \/>\n<meta property=\"og:image\" content=\"https:\/\/i0.wp.com\/prinz-ks.com\/wp-content\/uploads\/2023\/03\/himbere.png?fit=700%2C700&ssl=1\" \/>\n\t<meta property=\"og:image:width\" content=\"700\" \/>\n\t<meta property=\"og:image:height\" content=\"700\" \/>\n\t<meta property=\"og:image:type\" content=\"image\/png\" \/>\n<meta name=\"twitter:card\" content=\"summary_large_image\" \/>\n<meta name=\"twitter:label1\" content=\"Est. reading time\" \/>\n\t<meta name=\"twitter:data1\" content=\"1 minut\u00eb\" \/>\n<script type=\"application\/ld+json\" class=\"yoast-schema-graph\">{\"@context\":\"https:\\\/\\\/schema.org\",\"@graph\":[{\"@type\":\"WebPage\",\"@id\":\"https:\\\/\\\/prinz-ks.com\\\/product\\\/himbere\\\/\",\"url\":\"https:\\\/\\\/prinz-ks.com\\\/product\\\/himbere\\\/\",\"name\":\"Prinz Himbeere- MJED\u00cbR - Prinz\",\"isPartOf\":{\"@id\":\"https:\\\/\\\/prinz-ks.com\\\/#website\"},\"primaryImageOfPage\":{\"@id\":\"https:\\\/\\\/prinz-ks.com\\\/product\\\/himbere\\\/#primaryimage\"},\"image\":{\"@id\":\"https:\\\/\\\/prinz-ks.com\\\/product\\\/himbere\\\/#primaryimage\"},\"thumbnailUrl\":\"https:\\\/\\\/i0.wp.com\\\/prinz-ks.com\\\/wp-content\\\/uploads\\\/2023\\\/03\\\/himbere.png?fit=700%2C700&ssl=1\",\"datePublished\":\"2023-03-28T10:15:18+00:00\",\"dateModified\":\"2023-06-27T14:27:08+00:00\",\"breadcrumb\":{\"@id\":\"https:\\\/\\\/prinz-ks.com\\\/product\\\/himbere\\\/#breadcrumb\"},\"inLanguage\":\"sq\",\"potentialAction\":[{\"@type\":\"ReadAction\",\"target\":[\"https:\\\/\\\/prinz-ks.com\\\/product\\\/himbere\\\/\"]}]},{\"@type\":\"ImageObject\",\"inLanguage\":\"sq\",\"@id\":\"https:\\\/\\\/prinz-ks.com\\\/product\\\/himbere\\\/#primaryimage\",\"url\":\"https:\\\/\\\/i0.wp.com\\\/prinz-ks.com\\\/wp-content\\\/uploads\\\/2023\\\/03\\\/himbere.png?fit=700%2C700&ssl=1\",\"contentUrl\":\"https:\\\/\\\/i0.wp.com\\\/prinz-ks.com\\\/wp-content\\\/uploads\\\/2023\\\/03\\\/himbere.png?fit=700%2C700&ssl=1\",\"width\":700,\"height\":700},{\"@type\":\"BreadcrumbList\",\"@id\":\"https:\\\/\\\/prinz-ks.com\\\/product\\\/himbere\\\/#breadcrumb\",\"itemListElement\":[{\"@type\":\"ListItem\",\"position\":1,\"name\":\"Home\",\"item\":\"https:\\\/\\\/prinz-ks.com\\\/\"},{\"@type\":\"ListItem\",\"position\":2,\"name\":\"Shop\",\"item\":\"https:\\\/\\\/prinz-ks.com\\\/shop\\\/\"},{\"@type\":\"ListItem\",\"position\":3,\"name\":\"Prinz Himbeere- MJED\u00cbR\"}]},{\"@type\":\"WebSite\",\"@id\":\"https:\\\/\\\/prinz-ks.com\\\/#website\",\"url\":\"https:\\\/\\\/prinz-ks.com\\\/\",\"name\":\"Prinz\",\"description\":\"Prinz | Faqja momentalisht \u00ebsht\u00eb n\u00eb p\u00ebrpunim\",\"publisher\":{\"@id\":\"https:\\\/\\\/prinz-ks.com\\\/#organization\"},\"potentialAction\":[{\"@type\":\"SearchAction\",\"target\":{\"@type\":\"EntryPoint\",\"urlTemplate\":\"https:\\\/\\\/prinz-ks.com\\\/?s={search_term_string}\"},\"query-input\":{\"@type\":\"PropertyValueSpecification\",\"valueRequired\":true,\"valueName\":\"search_term_string\"}}],\"inLanguage\":\"sq\"},{\"@type\":\"Organization\",\"@id\":\"https:\\\/\\\/prinz-ks.com\\\/#organization\",\"name\":\"Prinz\",\"url\":\"https:\\\/\\\/prinz-ks.com\\\/\",\"logo\":{\"@type\":\"ImageObject\",\"inLanguage\":\"sq\",\"@id\":\"https:\\\/\\\/prinz-ks.com\\\/#\\\/schema\\\/logo\\\/image\\\/\",\"url\":\"https:\\\/\\\/prinz-ks.com\\\/wp-content\\\/uploads\\\/2023\\\/02\\\/logo.svg\",\"contentUrl\":\"https:\\\/\\\/prinz-ks.com\\\/wp-content\\\/uploads\\\/2023\\\/02\\\/logo.svg\",\"width\":350,\"height\":266,\"caption\":\"Prinz\"},\"image\":{\"@id\":\"https:\\\/\\\/prinz-ks.com\\\/#\\\/schema\\\/logo\\\/image\\\/\"}}]}<\/script>\n<!-- \/ Yoast SEO plugin. -->","yoast_head_json":{"title":"Prinz Himbeere- MJED\u00cbR - Prinz","robots":{"index":"index","follow":"follow","max-snippet":"max-snippet:-1","max-image-preview":"max-image-preview:large","max-video-preview":"max-video-preview:-1"},"canonical":"https:\/\/prinz-ks.com\/sq\/produkt\/himbere\/","og_locale":"sq_AL","og_type":"article","og_title":"Prinz Himbeere- MJED\u00cbR - Prinz","og_description":"Nj\u00eb arom\u00eb intensive e manave dhe nj\u00eb shije e ve\u00e7ant\u00eb frutash n\u00eb shije karakterizojn\u00eb k\u00ebt\u00eb k\u00ebnaq\u00ebsi t\u00eb shk\u00eblqyer t\u00eb rakis\u00eb. E frutshme dhe e but\u00eb n\u00eb fund, \u00ebsht\u00eb k\u00ebnaq\u00ebsia perfekte e pijes p\u00ebr shum\u00eb raste - si n\u00eb dim\u00ebr ashtu edhe n\u00eb ver\u00eb.","og_url":"https:\/\/prinz-ks.com\/sq\/produkt\/himbere\/","og_site_name":"Prinz","article_modified_time":"2023-06-27T14:27:08+00:00","og_image":[{"width":700,"height":700,"url":"https:\/\/i0.wp.com\/prinz-ks.com\/wp-content\/uploads\/2023\/03\/himbere.png?fit=700%2C700&ssl=1","type":"image\/png"}],"twitter_card":"summary_large_image","twitter_misc":{"Est. reading time":"1 minut\u00eb"},"schema":{"@context":"https:\/\/schema.org","@graph":[{"@type":"WebPage","@id":"https:\/\/prinz-ks.com\/product\/himbere\/","url":"https:\/\/prinz-ks.com\/product\/himbere\/","name":"Prinz Himbeere- MJED\u00cbR - Prinz","isPartOf":{"@id":"https:\/\/prinz-ks.com\/#website"},"primaryImageOfPage":{"@id":"https:\/\/prinz-ks.com\/product\/himbere\/#primaryimage"},"image":{"@id":"https:\/\/prinz-ks.com\/product\/himbere\/#primaryimage"},"thumbnailUrl":"https:\/\/i0.wp.com\/prinz-ks.com\/wp-content\/uploads\/2023\/03\/himbere.png?fit=700%2C700&ssl=1","datePublished":"2023-03-28T10:15:18+00:00","dateModified":"2023-06-27T14:27:08+00:00","breadcrumb":{"@id":"https:\/\/prinz-ks.com\/product\/himbere\/#breadcrumb"},"inLanguage":"sq","potentialAction":[{"@type":"ReadAction","target":["https:\/\/prinz-ks.com\/product\/himbere\/"]}]},{"@type":"ImageObject","inLanguage":"sq","@id":"https:\/\/prinz-ks.com\/product\/himbere\/#primaryimage","url":"https:\/\/i0.wp.com\/prinz-ks.com\/wp-content\/uploads\/2023\/03\/himbere.png?fit=700%2C700&ssl=1","contentUrl":"https:\/\/i0.wp.com\/prinz-ks.com\/wp-content\/uploads\/2023\/03\/himbere.png?fit=700%2C700&ssl=1","width":700,"height":700},{"@type":"BreadcrumbList","@id":"https:\/\/prinz-ks.com\/product\/himbere\/#breadcrumb","itemListElement":[{"@type":"ListItem","position":1,"name":"Home","item":"https:\/\/prinz-ks.com\/"},{"@type":"ListItem","position":2,"name":"Shop","item":"https:\/\/prinz-ks.com\/shop\/"},{"@type":"ListItem","position":3,"name":"Prinz Himbeere- MJED\u00cbR"}]},{"@type":"WebSite","@id":"https:\/\/prinz-ks.com\/#website","url":"https:\/\/prinz-ks.com\/","name":"Prinz","description":"Prinz | Faqja momentalisht \u00ebsht\u00eb n\u00eb p\u00ebrpunim","publisher":{"@id":"https:\/\/prinz-ks.com\/#organization"},"potentialAction":[{"@type":"SearchAction","target":{"@type":"EntryPoint","urlTemplate":"https:\/\/prinz-ks.com\/?s={search_term_string}"},"query-input":{"@type":"PropertyValueSpecification","valueRequired":true,"valueName":"search_term_string"}}],"inLanguage":"sq"},{"@type":"Organization","@id":"https:\/\/prinz-ks.com\/#organization","name":"Prinz","url":"https:\/\/prinz-ks.com\/","logo":{"@type":"ImageObject","inLanguage":"sq","@id":"https:\/\/prinz-ks.com\/#\/schema\/logo\/image\/","url":"https:\/\/prinz-ks.com\/wp-content\/uploads\/2023\/02\/logo.svg","contentUrl":"https:\/\/prinz-ks.com\/wp-content\/uploads\/2023\/02\/logo.svg","width":350,"height":266,"caption":"Prinz"},"image":{"@id":"https:\/\/prinz-ks.com\/#\/schema\/logo\/image\/"}}]}},"jetpack_sharing_enabled":true,"_links":{"self":[{"href":"https:\/\/prinz-ks.com\/sq\/wp-json\/wp\/v2\/product\/580","targetHints":{"allow":["GET"]}}],"collection":[{"href":"https:\/\/prinz-ks.com\/sq\/wp-json\/wp\/v2\/product"}],"about":[{"href":"https:\/\/prinz-ks.com\/sq\/wp-json\/wp\/v2\/types\/product"}],"replies":[{"embeddable":true,"href":"https:\/\/prinz-ks.com\/sq\/wp-json\/wp\/v2\/comments?post=580"}],"wp:featuredmedia":[{"embeddable":true,"href":"https:\/\/prinz-ks.com\/sq\/wp-json\/wp\/v2\/media\/581"}],"wp:attachment":[{"href":"https:\/\/prinz-ks.com\/sq\/wp-json\/wp\/v2\/media?parent=580"}],"wp:term":[{"taxonomy":"product_brand","embeddable":true,"href":"https:\/\/prinz-ks.com\/sq\/wp-json\/wp\/v2\/product_brand?post=580"},{"taxonomy":"product_cat","embeddable":true,"href":"https:\/\/prinz-ks.com\/sq\/wp-json\/wp\/v2\/product_cat?post=580"},{"taxonomy":"product_tag","embeddable":true,"href":"https:\/\/prinz-ks.com\/sq\/wp-json\/wp\/v2\/product_tag?post=580"}],"curies":[{"name":"wp","href":"https:\/\/api.w.org\/{rel}","templated":true}]}}