{"id":582,"date":"2023-03-28T10:16:46","date_gmt":"2023-03-28T10:16:46","guid":{"rendered":"http:\/\/prinz-ks.com\/?post_type=product&#038;p=582"},"modified":"2026-04-27T23:43:25","modified_gmt":"2026-04-27T23:43:25","slug":"williams-birne","status":"publish","type":"product","link":"https:\/\/prinz-ks.com\/sq\/produkt\/williams-birne\/","title":{"rendered":"Prinz Williams Birne- DARDH\u00cb"},"content":{"rendered":"<p>SHIJA TIPIKE E DARDHAVE M\u00cb T\u00cb MIRA<br \/>\n\u25cf Raki tradicionale Williams nga Austria<br \/>\n\u25cf Me dardha Williams t\u00eb verdha dhe t\u00eb l\u00ebngshme<br \/>\n\u25cf Arom\u00eb intensive me karakter t\u00eb fort\u00eb varietal<\/p>\n<p>P\u00ebrvoja shum\u00ebvje\u00e7are n\u00eb p\u00ebrzgjedhjen e frutave, p\u00ebrpunimin e tyre dhe distilimin e aft\u00eb t\u00eb dardhave Williams na mund\u00ebson prodhimin e k\u00ebsaj rakie me cil\u00ebsi t\u00eb shk\u00eblqyer. Dardhat me l\u00ebng piqen n\u00eb kushte ideale n\u00eb kopshtet e kultivuesve tan\u00eb t\u00eb frutave dhe i japin rakis\u00eb s\u00eb dardh\u00ebs arom\u00ebn e saj t\u00eb mir\u00eb, me shije frutash dhe pak t\u00eb \u00ebmb\u00ebl. P\u00ebrpunimi i duhur k\u00ebrkon jo vet\u00ebm njohuri, por edhe shum\u00eb p\u00ebrvoj\u00eb. Kjo \u00ebsht\u00eb m\u00ebnyra e vetme p\u00ebr t\u00eb krijuar nj\u00eb delikates\u00eb kaq intensive p\u00ebr shije.<\/p>\n<p>Dardhat Williams t\u00eb dor\u00ebzuara tek ne n\u00eb ferm\u00ebn e frutave kontrollohen me kujdes p\u00ebr d\u00ebmtime, shkall\u00ebn e pjekuris\u00eb, er\u00ebn dhe shijen p\u00ebrpara p\u00ebrpunimit. Mishi i bardh\u00eb duhet t\u00eb jet\u00eb i but\u00eb, por jo\u00a0 shum\u00eb i but\u00eb. Pastaj pureja piqet n\u00eb rezervuar\u00ebt e fermentimit p\u00ebr disa koh\u00eb. K\u00ebtu k\u00ebrkohet hunda e mpreht\u00eb e distiluesve tan\u00eb me p\u00ebrvoj\u00eb p\u00ebr t\u00eb zgjedhur koh\u00ebn e duhur p\u00ebr distilimin. N\u00eb procesin e distilimit t\u00eb but\u00eb t\u00eb im\u00ebt, n\u00eb temperatura ve\u00e7an\u00ebrisht t\u00eb ul\u00ebta, krijohet nj\u00eb distilim me karakter varietal tep\u00ebr t\u00eb fort\u00eb. N\u00eb m\u00ebnyr\u00eb q\u00eb nj\u00eb raki v\u00ebrtet\u00eb e mir\u00eb e Williams t\u00eb dal\u00eb nga kjo, i duhet koh\u00eb e mjaftueshme p\u00ebr t&#8217;u pjekur. Distilati ruhet p\u00ebr disa vite n\u00eb en\u00eb t\u00eb ndryshme, si p.sh. en\u00eb balte me pore t\u00eb imta. Atje shija mund t\u00eb zhvillohet n\u00eb m\u00ebnyr\u00eb optimale. P\u00ebrve\u00e7 k\u00ebsaj, periudha e pushimit e b\u00ebn rakin\u00eb m\u00eb t\u00eb but\u00eb.<\/p>\n<p>WILLIAMS RAKI NGA AUSTRIA<br \/>\nDistiller\u00ebt tan\u00eb mjesht\u00ebr vazhdojn\u00eb t\u00eb kontrollojn\u00eb shijen dhe arom\u00ebn e rakis\u00eb. Vet\u00ebm kur ata jan t\u00eb k\u00ebnaqur me rezulatatin, rakia e Williams \u00ebsht\u00eb gati p\u00ebr t&#8217;u shijuar dhe futur n\u00eb shishen tipike t\u00eb PRINZ-it. Por \u00e7far shije ka ai, Willi? E pagabueshme, n\u00eb hund\u00eb dhe n\u00eb qiellz. Shija varietale \u00ebsht\u00eb e leht\u00eb p\u00ebr t&#8217;u njohur edhe p\u00ebr ata q\u00eb pin\u00eb raki p\u00ebr her t\u00eb par. Aroma karakteristike, aroma t\u00eb qarta, t\u00eb pastra frutash n\u00eb shije me nj\u00eb fund t\u00eb gjat\u00eb. N\u00ebse jeni duke k\u00ebrkuar p\u00ebr nj\u00eb raki tipike austriake Williams, patjet\u00ebr q\u00eb do ta gjeni k\u00ebtu.<\/p>\n<p>Rekomandimi yn\u00eb p\u00ebr pije: Shijoni rakin\u00eb ton\u00eb Williams n\u00eb nj\u00eb got\u00eb t\u00eb PRINZ-it n\u00eb nj\u00eb temperatur\u00eb midis 17 dhe 18 \u00b0C.<\/p>","protected":false},"excerpt":{"rendered":"<p>RAKI DARDHE Williams<\/p>\n<p>P\u00ebrvoja shum\u00ebvje\u00e7are n\u00eb p\u00ebrzgjedhjen e frutave, p\u00ebrpunimin e tyre dhe distilimin e aft\u00eb t\u00eb dardhave Williams na mund\u00ebson prodhimin e k\u00ebsaj rakie me cil\u00ebsi t\u00eb shk\u00eblqyer. Dardhat me l\u00ebng piqen n\u00eb kushte ideale n\u00eb kopshtet e kultivuesve tan\u00eb t\u00eb frutave dhe i japin rakis\u00eb s\u00eb dardh\u00ebs arom\u00ebn e saj t\u00eb mir\u00eb, me shije frutash dhe pak t\u00eb \u00ebmb\u00ebl. P\u00ebrpunimi i duhur k\u00ebrkon jo vet\u00ebm njohuri, por edhe shum\u00eb p\u00ebrvoj\u00eb. Kjo \u00ebsht\u00eb m\u00ebnyra e vetme p\u00ebr t\u00eb krijuar nj\u00eb delikates\u00eb kaq intensive p\u00ebr shije.<\/p>","protected":false},"featured_media":583,"comment_status":"open","ping_status":"closed","template":"","meta":{"nf_dc_page":"","om_disable_all_campaigns":false,"_monsterinsights_skip_tracking":false,"_monsterinsights_sitenote_active":false,"_monsterinsights_sitenote_note":"","_monsterinsights_sitenote_category":0,"site-sidebar-layout":"default","site-content-layout":"default","ast-site-content-layout":"default","site-content-style":"default","site-sidebar-style":"default","ast-global-header-display":"","ast-banner-title-visibility":"","ast-main-header-display":"","ast-hfb-above-header-display":"","ast-hfb-below-header-display":"","ast-hfb-mobile-header-display":"","site-post-title":"","ast-breadcrumbs-content":"","ast-featured-img":"","footer-sml-layout":"","ast-disable-related-posts":"","theme-transparent-header-meta":"default","adv-header-id-meta":"","stick-header-meta":"","header-above-stick-meta":"","header-main-stick-meta":"","header-below-stick-meta":"","astra-migrate-meta-layouts":"default","ast-page-background-enabled":"default","ast-page-background-meta":{"desktop":{"background-color":"","background-image":"","background-repeat":"repeat","background-position":"center center","background-size":"auto","background-attachment":"scroll","background-type":"","background-media":"","overlay-type":"","overlay-color":"","overlay-opacity":"","overlay-gradient":""},"tablet":{"background-color":"","background-image":"","background-repeat":"repeat","background-position":"center center","background-size":"auto","background-attachment":"scroll","background-type":"","background-media":"","overlay-type":"","overlay-color":"","overlay-opacity":"","overlay-gradient":""},"mobile":{"background-color":"","background-image":"","background-repeat":"repeat","background-position":"center center","background-size":"auto","background-attachment":"scroll","background-type":"","background-media":"","overlay-type":"","overlay-color":"","overlay-opacity":"","overlay-gradient":""}},"ast-content-background-meta":{"desktop":{"background-color":"var(--ast-global-color-5)","background-image":"","background-repeat":"repeat","background-position":"center center","background-size":"auto","background-attachment":"scroll","background-type":"","background-media":"","overlay-type":"","overlay-color":"","overlay-opacity":"","overlay-gradient":""},"tablet":{"background-color":"var(--ast-global-color-5)","background-image":"","background-repeat":"repeat","background-position":"center center","background-size":"auto","background-attachment":"scroll","background-type":"","background-media":"","overlay-type":"","overlay-color":"","overlay-opacity":"","overlay-gradient":""},"mobile":{"background-color":"var(--ast-global-color-5)","background-image":"","background-repeat":"repeat","background-position":"center center","background-size":"auto","background-attachment":"scroll","background-type":"","background-media":"","overlay-type":"","overlay-color":"","overlay-opacity":"","overlay-gradient":""}}},"product_brand":[],"product_cat":[19],"product_tag":[],"class_list":{"0":"post-582","1":"product","2":"type-product","3":"status-publish","4":"has-post-thumbnail","6":"product_cat-traditionelle-40","7":"desktop-align-left","8":"tablet-align-left","9":"mobile-align-left","11":"first","12":"instock","13":"shipping-taxable","14":"purchasable","15":"product-type-simple"},"yoast_head":"<!-- This site is optimized with the Yoast SEO plugin v27.5 - https:\/\/yoast.com\/product\/yoast-seo-wordpress\/ -->\n<title>Prinz Williams Birne- DARDH\u00cb - Prinz<\/title>\n<meta name=\"robots\" content=\"index, follow, max-snippet:-1, max-image-preview:large, max-video-preview:-1\" \/>\n<link rel=\"canonical\" href=\"https:\/\/prinz-ks.com\/sq\/produkt\/williams-birne\/\" \/>\n<meta property=\"og:locale\" content=\"sq_AL\" \/>\n<meta property=\"og:type\" content=\"article\" \/>\n<meta property=\"og:title\" content=\"Prinz Williams Birne- DARDH\u00cb - Prinz\" \/>\n<meta property=\"og:description\" content=\"RAKI DARDHE Williams  P\u00ebrvoja shum\u00ebvje\u00e7are n\u00eb p\u00ebrzgjedhjen e frutave, p\u00ebrpunimin e tyre dhe distilimin e aft\u00eb t\u00eb dardhave Williams na mund\u00ebson prodhimin e k\u00ebsaj rakie me cil\u00ebsi t\u00eb shk\u00eblqyer. Dardhat me l\u00ebng piqen n\u00eb kushte ideale n\u00eb kopshtet e kultivuesve tan\u00eb t\u00eb frutave dhe i japin rakis\u00eb s\u00eb dardh\u00ebs arom\u00ebn e saj t\u00eb mir\u00eb, me shije frutash dhe pak t\u00eb \u00ebmb\u00ebl. P\u00ebrpunimi i duhur k\u00ebrkon jo vet\u00ebm njohuri, por edhe shum\u00eb p\u00ebrvoj\u00eb. Kjo \u00ebsht\u00eb m\u00ebnyra e vetme p\u00ebr t\u00eb krijuar nj\u00eb delikates\u00eb kaq intensive p\u00ebr shije.\" \/>\n<meta property=\"og:url\" content=\"https:\/\/prinz-ks.com\/sq\/produkt\/williams-birne\/\" \/>\n<meta property=\"og:site_name\" content=\"Prinz\" \/>\n<meta property=\"article:modified_time\" content=\"2026-04-27T23:43:25+00:00\" \/>\n<meta property=\"og:image\" content=\"https:\/\/i0.wp.com\/prinz-ks.com\/wp-content\/uploads\/2023\/03\/prinz-williams-schnaps-1_0l.png?fit=700%2C700&ssl=1\" \/>\n\t<meta property=\"og:image:width\" content=\"700\" \/>\n\t<meta property=\"og:image:height\" content=\"700\" \/>\n\t<meta property=\"og:image:type\" content=\"image\/png\" \/>\n<meta name=\"twitter:card\" content=\"summary_large_image\" \/>\n<meta name=\"twitter:label1\" content=\"Est. reading time\" \/>\n\t<meta name=\"twitter:data1\" content=\"2 minuta\" \/>\n<script type=\"application\/ld+json\" class=\"yoast-schema-graph\">{\"@context\":\"https:\\\/\\\/schema.org\",\"@graph\":[{\"@type\":\"WebPage\",\"@id\":\"https:\\\/\\\/prinz-ks.com\\\/product\\\/williams-birne\\\/\",\"url\":\"https:\\\/\\\/prinz-ks.com\\\/product\\\/williams-birne\\\/\",\"name\":\"Prinz Williams Birne- DARDH\u00cb - Prinz\",\"isPartOf\":{\"@id\":\"https:\\\/\\\/prinz-ks.com\\\/#website\"},\"primaryImageOfPage\":{\"@id\":\"https:\\\/\\\/prinz-ks.com\\\/product\\\/williams-birne\\\/#primaryimage\"},\"image\":{\"@id\":\"https:\\\/\\\/prinz-ks.com\\\/product\\\/williams-birne\\\/#primaryimage\"},\"thumbnailUrl\":\"https:\\\/\\\/i0.wp.com\\\/prinz-ks.com\\\/wp-content\\\/uploads\\\/2023\\\/03\\\/prinz-williams-schnaps-1_0l.png?fit=700%2C700&ssl=1\",\"datePublished\":\"2023-03-28T10:16:46+00:00\",\"dateModified\":\"2026-04-27T23:43:25+00:00\",\"breadcrumb\":{\"@id\":\"https:\\\/\\\/prinz-ks.com\\\/product\\\/williams-birne\\\/#breadcrumb\"},\"inLanguage\":\"sq\",\"potentialAction\":[{\"@type\":\"ReadAction\",\"target\":[\"https:\\\/\\\/prinz-ks.com\\\/product\\\/williams-birne\\\/\"]}]},{\"@type\":\"ImageObject\",\"inLanguage\":\"sq\",\"@id\":\"https:\\\/\\\/prinz-ks.com\\\/product\\\/williams-birne\\\/#primaryimage\",\"url\":\"https:\\\/\\\/i0.wp.com\\\/prinz-ks.com\\\/wp-content\\\/uploads\\\/2023\\\/03\\\/prinz-williams-schnaps-1_0l.png?fit=700%2C700&ssl=1\",\"contentUrl\":\"https:\\\/\\\/i0.wp.com\\\/prinz-ks.com\\\/wp-content\\\/uploads\\\/2023\\\/03\\\/prinz-williams-schnaps-1_0l.png?fit=700%2C700&ssl=1\",\"width\":700,\"height\":700},{\"@type\":\"BreadcrumbList\",\"@id\":\"https:\\\/\\\/prinz-ks.com\\\/product\\\/williams-birne\\\/#breadcrumb\",\"itemListElement\":[{\"@type\":\"ListItem\",\"position\":1,\"name\":\"Home\",\"item\":\"https:\\\/\\\/prinz-ks.com\\\/\"},{\"@type\":\"ListItem\",\"position\":2,\"name\":\"Shop\",\"item\":\"https:\\\/\\\/prinz-ks.com\\\/shop\\\/\"},{\"@type\":\"ListItem\",\"position\":3,\"name\":\"Prinz Williams Birne- DARDH\u00cb\"}]},{\"@type\":\"WebSite\",\"@id\":\"https:\\\/\\\/prinz-ks.com\\\/#website\",\"url\":\"https:\\\/\\\/prinz-ks.com\\\/\",\"name\":\"Prinz\",\"description\":\"Prinz | Faqja momentalisht \u00ebsht\u00eb n\u00eb p\u00ebrpunim\",\"publisher\":{\"@id\":\"https:\\\/\\\/prinz-ks.com\\\/#organization\"},\"potentialAction\":[{\"@type\":\"SearchAction\",\"target\":{\"@type\":\"EntryPoint\",\"urlTemplate\":\"https:\\\/\\\/prinz-ks.com\\\/?s={search_term_string}\"},\"query-input\":{\"@type\":\"PropertyValueSpecification\",\"valueRequired\":true,\"valueName\":\"search_term_string\"}}],\"inLanguage\":\"sq\"},{\"@type\":\"Organization\",\"@id\":\"https:\\\/\\\/prinz-ks.com\\\/#organization\",\"name\":\"Prinz\",\"url\":\"https:\\\/\\\/prinz-ks.com\\\/\",\"logo\":{\"@type\":\"ImageObject\",\"inLanguage\":\"sq\",\"@id\":\"https:\\\/\\\/prinz-ks.com\\\/#\\\/schema\\\/logo\\\/image\\\/\",\"url\":\"https:\\\/\\\/prinz-ks.com\\\/wp-content\\\/uploads\\\/2023\\\/02\\\/logo.svg\",\"contentUrl\":\"https:\\\/\\\/prinz-ks.com\\\/wp-content\\\/uploads\\\/2023\\\/02\\\/logo.svg\",\"width\":350,\"height\":266,\"caption\":\"Prinz\"},\"image\":{\"@id\":\"https:\\\/\\\/prinz-ks.com\\\/#\\\/schema\\\/logo\\\/image\\\/\"}}]}<\/script>\n<!-- \/ Yoast SEO plugin. -->","yoast_head_json":{"title":"Prinz Williams Birne- DARDH\u00cb - Prinz","robots":{"index":"index","follow":"follow","max-snippet":"max-snippet:-1","max-image-preview":"max-image-preview:large","max-video-preview":"max-video-preview:-1"},"canonical":"https:\/\/prinz-ks.com\/sq\/produkt\/williams-birne\/","og_locale":"sq_AL","og_type":"article","og_title":"Prinz Williams Birne- DARDH\u00cb - Prinz","og_description":"RAKI DARDHE Williams  P\u00ebrvoja shum\u00ebvje\u00e7are n\u00eb p\u00ebrzgjedhjen e frutave, p\u00ebrpunimin e tyre dhe distilimin e aft\u00eb t\u00eb dardhave Williams na mund\u00ebson prodhimin e k\u00ebsaj rakie me cil\u00ebsi t\u00eb shk\u00eblqyer. Dardhat me l\u00ebng piqen n\u00eb kushte ideale n\u00eb kopshtet e kultivuesve tan\u00eb t\u00eb frutave dhe i japin rakis\u00eb s\u00eb dardh\u00ebs arom\u00ebn e saj t\u00eb mir\u00eb, me shije frutash dhe pak t\u00eb \u00ebmb\u00ebl. P\u00ebrpunimi i duhur k\u00ebrkon jo vet\u00ebm njohuri, por edhe shum\u00eb p\u00ebrvoj\u00eb. Kjo \u00ebsht\u00eb m\u00ebnyra e vetme p\u00ebr t\u00eb krijuar nj\u00eb delikates\u00eb kaq intensive p\u00ebr shije.","og_url":"https:\/\/prinz-ks.com\/sq\/produkt\/williams-birne\/","og_site_name":"Prinz","article_modified_time":"2026-04-27T23:43:25+00:00","og_image":[{"width":700,"height":700,"url":"https:\/\/i0.wp.com\/prinz-ks.com\/wp-content\/uploads\/2023\/03\/prinz-williams-schnaps-1_0l.png?fit=700%2C700&ssl=1","type":"image\/png"}],"twitter_card":"summary_large_image","twitter_misc":{"Est. reading time":"2 minuta"},"schema":{"@context":"https:\/\/schema.org","@graph":[{"@type":"WebPage","@id":"https:\/\/prinz-ks.com\/product\/williams-birne\/","url":"https:\/\/prinz-ks.com\/product\/williams-birne\/","name":"Prinz Williams Birne- DARDH\u00cb - Prinz","isPartOf":{"@id":"https:\/\/prinz-ks.com\/#website"},"primaryImageOfPage":{"@id":"https:\/\/prinz-ks.com\/product\/williams-birne\/#primaryimage"},"image":{"@id":"https:\/\/prinz-ks.com\/product\/williams-birne\/#primaryimage"},"thumbnailUrl":"https:\/\/i0.wp.com\/prinz-ks.com\/wp-content\/uploads\/2023\/03\/prinz-williams-schnaps-1_0l.png?fit=700%2C700&ssl=1","datePublished":"2023-03-28T10:16:46+00:00","dateModified":"2026-04-27T23:43:25+00:00","breadcrumb":{"@id":"https:\/\/prinz-ks.com\/product\/williams-birne\/#breadcrumb"},"inLanguage":"sq","potentialAction":[{"@type":"ReadAction","target":["https:\/\/prinz-ks.com\/product\/williams-birne\/"]}]},{"@type":"ImageObject","inLanguage":"sq","@id":"https:\/\/prinz-ks.com\/product\/williams-birne\/#primaryimage","url":"https:\/\/i0.wp.com\/prinz-ks.com\/wp-content\/uploads\/2023\/03\/prinz-williams-schnaps-1_0l.png?fit=700%2C700&ssl=1","contentUrl":"https:\/\/i0.wp.com\/prinz-ks.com\/wp-content\/uploads\/2023\/03\/prinz-williams-schnaps-1_0l.png?fit=700%2C700&ssl=1","width":700,"height":700},{"@type":"BreadcrumbList","@id":"https:\/\/prinz-ks.com\/product\/williams-birne\/#breadcrumb","itemListElement":[{"@type":"ListItem","position":1,"name":"Home","item":"https:\/\/prinz-ks.com\/"},{"@type":"ListItem","position":2,"name":"Shop","item":"https:\/\/prinz-ks.com\/shop\/"},{"@type":"ListItem","position":3,"name":"Prinz Williams Birne- DARDH\u00cb"}]},{"@type":"WebSite","@id":"https:\/\/prinz-ks.com\/#website","url":"https:\/\/prinz-ks.com\/","name":"Prinz","description":"Prinz | Faqja momentalisht \u00ebsht\u00eb n\u00eb p\u00ebrpunim","publisher":{"@id":"https:\/\/prinz-ks.com\/#organization"},"potentialAction":[{"@type":"SearchAction","target":{"@type":"EntryPoint","urlTemplate":"https:\/\/prinz-ks.com\/?s={search_term_string}"},"query-input":{"@type":"PropertyValueSpecification","valueRequired":true,"valueName":"search_term_string"}}],"inLanguage":"sq"},{"@type":"Organization","@id":"https:\/\/prinz-ks.com\/#organization","name":"Prinz","url":"https:\/\/prinz-ks.com\/","logo":{"@type":"ImageObject","inLanguage":"sq","@id":"https:\/\/prinz-ks.com\/#\/schema\/logo\/image\/","url":"https:\/\/prinz-ks.com\/wp-content\/uploads\/2023\/02\/logo.svg","contentUrl":"https:\/\/prinz-ks.com\/wp-content\/uploads\/2023\/02\/logo.svg","width":350,"height":266,"caption":"Prinz"},"image":{"@id":"https:\/\/prinz-ks.com\/#\/schema\/logo\/image\/"}}]}},"jetpack_sharing_enabled":true,"_links":{"self":[{"href":"https:\/\/prinz-ks.com\/sq\/wp-json\/wp\/v2\/product\/582","targetHints":{"allow":["GET"]}}],"collection":[{"href":"https:\/\/prinz-ks.com\/sq\/wp-json\/wp\/v2\/product"}],"about":[{"href":"https:\/\/prinz-ks.com\/sq\/wp-json\/wp\/v2\/types\/product"}],"replies":[{"embeddable":true,"href":"https:\/\/prinz-ks.com\/sq\/wp-json\/wp\/v2\/comments?post=582"}],"wp:featuredmedia":[{"embeddable":true,"href":"https:\/\/prinz-ks.com\/sq\/wp-json\/wp\/v2\/media\/583"}],"wp:attachment":[{"href":"https:\/\/prinz-ks.com\/sq\/wp-json\/wp\/v2\/media?parent=582"}],"wp:term":[{"taxonomy":"product_brand","embeddable":true,"href":"https:\/\/prinz-ks.com\/sq\/wp-json\/wp\/v2\/product_brand?post=582"},{"taxonomy":"product_cat","embeddable":true,"href":"https:\/\/prinz-ks.com\/sq\/wp-json\/wp\/v2\/product_cat?post=582"},{"taxonomy":"product_tag","embeddable":true,"href":"https:\/\/prinz-ks.com\/sq\/wp-json\/wp\/v2\/product_tag?post=582"}],"curies":[{"name":"wp","href":"https:\/\/api.w.org\/{rel}","templated":true}]}}