{"id":584,"date":"2023-03-28T10:18:04","date_gmt":"2023-03-28T10:18:04","guid":{"rendered":"http:\/\/prinz-ks.com\/?post_type=product&#038;p=584"},"modified":"2023-07-02T17:14:31","modified_gmt":"2023-07-02T17:14:31","slug":"marille","status":"publish","type":"product","link":"https:\/\/prinz-ks.com\/sq\/produkt\/marille\/","title":{"rendered":"Prinz Marille- KAJSI"},"content":{"rendered":"<p>RAKI KAJSIE NGA AUSTRIA<br \/>\n\u25cf Specialitet rakie me kajsi t\u00eb pjekura nga dielli<br \/>\n\u25cf E pjekur dy her ne kazan\u00ebt me vakum<br \/>\n\u25cf Me trup t\u00eb plot\u00eb n\u00eb shije tipike p\u00ebr varietetin<\/p>\n<p>K\u00cbNAQ\u00cbSI TRADICIONALE E RAKIS\u00cb<br \/>\nKjo raki kajsie me arom\u00eb delikate \u00ebsht\u00eb nj\u00eb specialitet tradicional austriak. Kajsit\u00eb e \u00ebmbla me l\u00ebng, t\u00eb njohura gjithashtu si aprikoze, vijn\u00eb nga rajone t\u00eb zhytura n\u00eb diell n\u00eb ult\u00ebsirat e Alpeve. Pas vjeljes, i grijm\u00eb me kujdes dhe i distilojm\u00eb n\u00eb nj\u00eb distilim aromatik duke p\u00ebrdorur nj\u00eb proces distilimi t\u00eb dyfisht\u00eb t\u00eb im\u00ebt.<\/p>\n<p>RUAJTJE E GJAT\u00cb P\u00cbR SHIJE DISTINKTIVE<br \/>\nM\u00eb pas ruhet p\u00ebr disa vite n\u00eb en\u00eb t\u00eb ndryshme si en\u00eb balte, balona qelqi dhe rezervuar\u00eb inoksi, ku rakia e kajsis\u00eb mund t\u00eb zhvillohet n\u00eb m\u00ebnyr\u00eb optimale dhe k\u00ebshtu t\u00eb zhvillojn\u00eb nota t\u00eb pagabueshme.<\/p>\n<p>SHUM\u00cb SHIJE INTENZIVE<br \/>\nRakia tashm\u00eb bind n\u00eb hund\u00eb me nj\u00eb arom\u00eb tipike t\u00eb ndryshme t\u00eb frutave plot\u00ebsisht t\u00eb pjekura. Tonet e plota dhe intensive t\u00eb kajsis\u00eb me nj\u00eb fund t\u00eb gjat\u00eb me fruta mund t\u00eb gjenden n\u00eb shije.<\/p>\n<p>Rekomandimi yn\u00eb p\u00ebr pije: Shijoni rakin\u00eb e kajsis\u00eb n\u00eb nj\u00eb got\u00eb t\u00eb rakis\u00eb, n\u00eb nj\u00eb temperatur\u00eb midis 17 dhe 20 \u00b0C.<\/p>\n<p>&nbsp;<\/p>","protected":false},"excerpt":{"rendered":"<p>K\u00cbNAQ\u00cbSI TRADICIONALE E RAKIS\u00cb<br \/>\nKjo raki kajsie me arom\u00eb delikate \u00ebsht\u00eb nj\u00eb specialitet tradicional austriak. Kajsit\u00eb e \u00ebmbla me l\u00ebng, t\u00eb njohura gjithashtu si aprikoze, vijn\u00eb nga rajone t\u00eb zhytura n\u00eb diell n\u00eb ult\u00ebsirat e Alpeve. Pas vjeljes, i grijm\u00eb me kujdes dhe i distilojm\u00eb n\u00eb nj\u00eb distilim aromatik duke p\u00ebrdorur nj\u00eb proces distilimi t\u00eb dyfisht\u00eb t\u00eb im\u00ebt.<\/p>","protected":false},"featured_media":585,"comment_status":"open","ping_status":"closed","template":"","meta":{"nf_dc_page":"","om_disable_all_campaigns":false,"_monsterinsights_skip_tracking":false,"_monsterinsights_sitenote_active":false,"_monsterinsights_sitenote_note":"","_monsterinsights_sitenote_category":0,"site-sidebar-layout":"default","site-content-layout":"default","ast-site-content-layout":"default","site-content-style":"default","site-sidebar-style":"default","ast-global-header-display":"","ast-banner-title-visibility":"","ast-main-header-display":"","ast-hfb-above-header-display":"","ast-hfb-below-header-display":"","ast-hfb-mobile-header-display":"","site-post-title":"","ast-breadcrumbs-content":"","ast-featured-img":"","footer-sml-layout":"","ast-disable-related-posts":"","theme-transparent-header-meta":"default","adv-header-id-meta":"","stick-header-meta":"","header-above-stick-meta":"","header-main-stick-meta":"","header-below-stick-meta":"","astra-migrate-meta-layouts":"default","ast-page-background-enabled":"default","ast-page-background-meta":{"desktop":{"background-color":"","background-image":"","background-repeat":"repeat","background-position":"center center","background-size":"auto","background-attachment":"scroll","background-type":"","background-media":"","overlay-type":"","overlay-color":"","overlay-opacity":"","overlay-gradient":""},"tablet":{"background-color":"","background-image":"","background-repeat":"repeat","background-position":"center center","background-size":"auto","background-attachment":"scroll","background-type":"","background-media":"","overlay-type":"","overlay-color":"","overlay-opacity":"","overlay-gradient":""},"mobile":{"background-color":"","background-image":"","background-repeat":"repeat","background-position":"center center","background-size":"auto","background-attachment":"scroll","background-type":"","background-media":"","overlay-type":"","overlay-color":"","overlay-opacity":"","overlay-gradient":""}},"ast-content-background-meta":{"desktop":{"background-color":"var(--ast-global-color-5)","background-image":"","background-repeat":"repeat","background-position":"center center","background-size":"auto","background-attachment":"scroll","background-type":"","background-media":"","overlay-type":"","overlay-color":"","overlay-opacity":"","overlay-gradient":""},"tablet":{"background-color":"var(--ast-global-color-5)","background-image":"","background-repeat":"repeat","background-position":"center center","background-size":"auto","background-attachment":"scroll","background-type":"","background-media":"","overlay-type":"","overlay-color":"","overlay-opacity":"","overlay-gradient":""},"mobile":{"background-color":"var(--ast-global-color-5)","background-image":"","background-repeat":"repeat","background-position":"center center","background-size":"auto","background-attachment":"scroll","background-type":"","background-media":"","overlay-type":"","overlay-color":"","overlay-opacity":"","overlay-gradient":""}}},"product_brand":[],"product_cat":[19],"product_tag":[],"class_list":{"0":"post-584","1":"product","2":"type-product","3":"status-publish","4":"has-post-thumbnail","6":"product_cat-traditionelle-40","7":"desktop-align-left","8":"tablet-align-left","9":"mobile-align-left","11":"first","12":"instock","13":"shipping-taxable","14":"purchasable","15":"product-type-simple"},"yoast_head":"<!-- This site is optimized with the Yoast SEO plugin v27.5 - https:\/\/yoast.com\/product\/yoast-seo-wordpress\/ -->\n<title>Prinz Marille- KAJSI - Prinz<\/title>\n<meta name=\"robots\" content=\"index, follow, max-snippet:-1, max-image-preview:large, max-video-preview:-1\" \/>\n<link rel=\"canonical\" href=\"https:\/\/prinz-ks.com\/sq\/produkt\/marille\/\" \/>\n<meta property=\"og:locale\" content=\"sq_AL\" \/>\n<meta property=\"og:type\" content=\"article\" \/>\n<meta property=\"og:title\" content=\"Prinz Marille- KAJSI - Prinz\" \/>\n<meta property=\"og:description\" content=\"K\u00cbNAQ\u00cbSI TRADICIONALE E RAKIS\u00cb Kjo raki kajsie me arom\u00eb delikate \u00ebsht\u00eb nj\u00eb specialitet tradicional austriak. Kajsit\u00eb e \u00ebmbla me l\u00ebng, t\u00eb njohura gjithashtu si aprikoze, vijn\u00eb nga rajone t\u00eb zhytura n\u00eb diell n\u00eb ult\u00ebsirat e Alpeve. Pas vjeljes, i grijm\u00eb me kujdes dhe i distilojm\u00eb n\u00eb nj\u00eb distilim aromatik duke p\u00ebrdorur nj\u00eb proces distilimi t\u00eb dyfisht\u00eb t\u00eb im\u00ebt.\" \/>\n<meta property=\"og:url\" content=\"https:\/\/prinz-ks.com\/sq\/produkt\/marille\/\" \/>\n<meta property=\"og:site_name\" content=\"Prinz\" \/>\n<meta property=\"article:modified_time\" content=\"2023-07-02T17:14:31+00:00\" \/>\n<meta property=\"og:image\" content=\"https:\/\/i0.wp.com\/prinz-ks.com\/wp-content\/uploads\/2023\/03\/prinz-marillen-schnaps-1_0l.png?fit=700%2C700&ssl=1\" \/>\n\t<meta property=\"og:image:width\" content=\"700\" \/>\n\t<meta property=\"og:image:height\" content=\"700\" \/>\n\t<meta property=\"og:image:type\" content=\"image\/png\" \/>\n<meta name=\"twitter:card\" content=\"summary_large_image\" \/>\n<meta name=\"twitter:label1\" content=\"Est. reading time\" \/>\n\t<meta name=\"twitter:data1\" content=\"1 minut\u00eb\" \/>\n<script type=\"application\/ld+json\" class=\"yoast-schema-graph\">{\"@context\":\"https:\\\/\\\/schema.org\",\"@graph\":[{\"@type\":\"WebPage\",\"@id\":\"https:\\\/\\\/prinz-ks.com\\\/product\\\/marille\\\/\",\"url\":\"https:\\\/\\\/prinz-ks.com\\\/product\\\/marille\\\/\",\"name\":\"Prinz Marille- KAJSI - Prinz\",\"isPartOf\":{\"@id\":\"https:\\\/\\\/prinz-ks.com\\\/#website\"},\"primaryImageOfPage\":{\"@id\":\"https:\\\/\\\/prinz-ks.com\\\/product\\\/marille\\\/#primaryimage\"},\"image\":{\"@id\":\"https:\\\/\\\/prinz-ks.com\\\/product\\\/marille\\\/#primaryimage\"},\"thumbnailUrl\":\"https:\\\/\\\/i0.wp.com\\\/prinz-ks.com\\\/wp-content\\\/uploads\\\/2023\\\/03\\\/prinz-marillen-schnaps-1_0l.png?fit=700%2C700&ssl=1\",\"datePublished\":\"2023-03-28T10:18:04+00:00\",\"dateModified\":\"2023-07-02T17:14:31+00:00\",\"breadcrumb\":{\"@id\":\"https:\\\/\\\/prinz-ks.com\\\/product\\\/marille\\\/#breadcrumb\"},\"inLanguage\":\"sq\",\"potentialAction\":[{\"@type\":\"ReadAction\",\"target\":[\"https:\\\/\\\/prinz-ks.com\\\/product\\\/marille\\\/\"]}]},{\"@type\":\"ImageObject\",\"inLanguage\":\"sq\",\"@id\":\"https:\\\/\\\/prinz-ks.com\\\/product\\\/marille\\\/#primaryimage\",\"url\":\"https:\\\/\\\/i0.wp.com\\\/prinz-ks.com\\\/wp-content\\\/uploads\\\/2023\\\/03\\\/prinz-marillen-schnaps-1_0l.png?fit=700%2C700&ssl=1\",\"contentUrl\":\"https:\\\/\\\/i0.wp.com\\\/prinz-ks.com\\\/wp-content\\\/uploads\\\/2023\\\/03\\\/prinz-marillen-schnaps-1_0l.png?fit=700%2C700&ssl=1\",\"width\":700,\"height\":700},{\"@type\":\"BreadcrumbList\",\"@id\":\"https:\\\/\\\/prinz-ks.com\\\/product\\\/marille\\\/#breadcrumb\",\"itemListElement\":[{\"@type\":\"ListItem\",\"position\":1,\"name\":\"Home\",\"item\":\"https:\\\/\\\/prinz-ks.com\\\/\"},{\"@type\":\"ListItem\",\"position\":2,\"name\":\"Shop\",\"item\":\"https:\\\/\\\/prinz-ks.com\\\/shop\\\/\"},{\"@type\":\"ListItem\",\"position\":3,\"name\":\"Prinz Marille- KAJSI\"}]},{\"@type\":\"WebSite\",\"@id\":\"https:\\\/\\\/prinz-ks.com\\\/#website\",\"url\":\"https:\\\/\\\/prinz-ks.com\\\/\",\"name\":\"Prinz\",\"description\":\"Prinz | Faqja momentalisht \u00ebsht\u00eb n\u00eb p\u00ebrpunim\",\"publisher\":{\"@id\":\"https:\\\/\\\/prinz-ks.com\\\/#organization\"},\"potentialAction\":[{\"@type\":\"SearchAction\",\"target\":{\"@type\":\"EntryPoint\",\"urlTemplate\":\"https:\\\/\\\/prinz-ks.com\\\/?s={search_term_string}\"},\"query-input\":{\"@type\":\"PropertyValueSpecification\",\"valueRequired\":true,\"valueName\":\"search_term_string\"}}],\"inLanguage\":\"sq\"},{\"@type\":\"Organization\",\"@id\":\"https:\\\/\\\/prinz-ks.com\\\/#organization\",\"name\":\"Prinz\",\"url\":\"https:\\\/\\\/prinz-ks.com\\\/\",\"logo\":{\"@type\":\"ImageObject\",\"inLanguage\":\"sq\",\"@id\":\"https:\\\/\\\/prinz-ks.com\\\/#\\\/schema\\\/logo\\\/image\\\/\",\"url\":\"https:\\\/\\\/prinz-ks.com\\\/wp-content\\\/uploads\\\/2023\\\/02\\\/logo.svg\",\"contentUrl\":\"https:\\\/\\\/prinz-ks.com\\\/wp-content\\\/uploads\\\/2023\\\/02\\\/logo.svg\",\"width\":350,\"height\":266,\"caption\":\"Prinz\"},\"image\":{\"@id\":\"https:\\\/\\\/prinz-ks.com\\\/#\\\/schema\\\/logo\\\/image\\\/\"}}]}<\/script>\n<!-- \/ Yoast SEO plugin. -->","yoast_head_json":{"title":"Prinz Marille- KAJSI - Prinz","robots":{"index":"index","follow":"follow","max-snippet":"max-snippet:-1","max-image-preview":"max-image-preview:large","max-video-preview":"max-video-preview:-1"},"canonical":"https:\/\/prinz-ks.com\/sq\/produkt\/marille\/","og_locale":"sq_AL","og_type":"article","og_title":"Prinz Marille- KAJSI - Prinz","og_description":"K\u00cbNAQ\u00cbSI TRADICIONALE E RAKIS\u00cb Kjo raki kajsie me arom\u00eb delikate \u00ebsht\u00eb nj\u00eb specialitet tradicional austriak. Kajsit\u00eb e \u00ebmbla me l\u00ebng, t\u00eb njohura gjithashtu si aprikoze, vijn\u00eb nga rajone t\u00eb zhytura n\u00eb diell n\u00eb ult\u00ebsirat e Alpeve. Pas vjeljes, i grijm\u00eb me kujdes dhe i distilojm\u00eb n\u00eb nj\u00eb distilim aromatik duke p\u00ebrdorur nj\u00eb proces distilimi t\u00eb dyfisht\u00eb t\u00eb im\u00ebt.","og_url":"https:\/\/prinz-ks.com\/sq\/produkt\/marille\/","og_site_name":"Prinz","article_modified_time":"2023-07-02T17:14:31+00:00","og_image":[{"width":700,"height":700,"url":"https:\/\/i0.wp.com\/prinz-ks.com\/wp-content\/uploads\/2023\/03\/prinz-marillen-schnaps-1_0l.png?fit=700%2C700&ssl=1","type":"image\/png"}],"twitter_card":"summary_large_image","twitter_misc":{"Est. reading time":"1 minut\u00eb"},"schema":{"@context":"https:\/\/schema.org","@graph":[{"@type":"WebPage","@id":"https:\/\/prinz-ks.com\/product\/marille\/","url":"https:\/\/prinz-ks.com\/product\/marille\/","name":"Prinz Marille- KAJSI - Prinz","isPartOf":{"@id":"https:\/\/prinz-ks.com\/#website"},"primaryImageOfPage":{"@id":"https:\/\/prinz-ks.com\/product\/marille\/#primaryimage"},"image":{"@id":"https:\/\/prinz-ks.com\/product\/marille\/#primaryimage"},"thumbnailUrl":"https:\/\/i0.wp.com\/prinz-ks.com\/wp-content\/uploads\/2023\/03\/prinz-marillen-schnaps-1_0l.png?fit=700%2C700&ssl=1","datePublished":"2023-03-28T10:18:04+00:00","dateModified":"2023-07-02T17:14:31+00:00","breadcrumb":{"@id":"https:\/\/prinz-ks.com\/product\/marille\/#breadcrumb"},"inLanguage":"sq","potentialAction":[{"@type":"ReadAction","target":["https:\/\/prinz-ks.com\/product\/marille\/"]}]},{"@type":"ImageObject","inLanguage":"sq","@id":"https:\/\/prinz-ks.com\/product\/marille\/#primaryimage","url":"https:\/\/i0.wp.com\/prinz-ks.com\/wp-content\/uploads\/2023\/03\/prinz-marillen-schnaps-1_0l.png?fit=700%2C700&ssl=1","contentUrl":"https:\/\/i0.wp.com\/prinz-ks.com\/wp-content\/uploads\/2023\/03\/prinz-marillen-schnaps-1_0l.png?fit=700%2C700&ssl=1","width":700,"height":700},{"@type":"BreadcrumbList","@id":"https:\/\/prinz-ks.com\/product\/marille\/#breadcrumb","itemListElement":[{"@type":"ListItem","position":1,"name":"Home","item":"https:\/\/prinz-ks.com\/"},{"@type":"ListItem","position":2,"name":"Shop","item":"https:\/\/prinz-ks.com\/shop\/"},{"@type":"ListItem","position":3,"name":"Prinz Marille- KAJSI"}]},{"@type":"WebSite","@id":"https:\/\/prinz-ks.com\/#website","url":"https:\/\/prinz-ks.com\/","name":"Prinz","description":"Prinz | Faqja momentalisht \u00ebsht\u00eb n\u00eb p\u00ebrpunim","publisher":{"@id":"https:\/\/prinz-ks.com\/#organization"},"potentialAction":[{"@type":"SearchAction","target":{"@type":"EntryPoint","urlTemplate":"https:\/\/prinz-ks.com\/?s={search_term_string}"},"query-input":{"@type":"PropertyValueSpecification","valueRequired":true,"valueName":"search_term_string"}}],"inLanguage":"sq"},{"@type":"Organization","@id":"https:\/\/prinz-ks.com\/#organization","name":"Prinz","url":"https:\/\/prinz-ks.com\/","logo":{"@type":"ImageObject","inLanguage":"sq","@id":"https:\/\/prinz-ks.com\/#\/schema\/logo\/image\/","url":"https:\/\/prinz-ks.com\/wp-content\/uploads\/2023\/02\/logo.svg","contentUrl":"https:\/\/prinz-ks.com\/wp-content\/uploads\/2023\/02\/logo.svg","width":350,"height":266,"caption":"Prinz"},"image":{"@id":"https:\/\/prinz-ks.com\/#\/schema\/logo\/image\/"}}]}},"jetpack_sharing_enabled":true,"_links":{"self":[{"href":"https:\/\/prinz-ks.com\/sq\/wp-json\/wp\/v2\/product\/584","targetHints":{"allow":["GET"]}}],"collection":[{"href":"https:\/\/prinz-ks.com\/sq\/wp-json\/wp\/v2\/product"}],"about":[{"href":"https:\/\/prinz-ks.com\/sq\/wp-json\/wp\/v2\/types\/product"}],"replies":[{"embeddable":true,"href":"https:\/\/prinz-ks.com\/sq\/wp-json\/wp\/v2\/comments?post=584"}],"wp:featuredmedia":[{"embeddable":true,"href":"https:\/\/prinz-ks.com\/sq\/wp-json\/wp\/v2\/media\/585"}],"wp:attachment":[{"href":"https:\/\/prinz-ks.com\/sq\/wp-json\/wp\/v2\/media?parent=584"}],"wp:term":[{"taxonomy":"product_brand","embeddable":true,"href":"https:\/\/prinz-ks.com\/sq\/wp-json\/wp\/v2\/product_brand?post=584"},{"taxonomy":"product_cat","embeddable":true,"href":"https:\/\/prinz-ks.com\/sq\/wp-json\/wp\/v2\/product_cat?post=584"},{"taxonomy":"product_tag","embeddable":true,"href":"https:\/\/prinz-ks.com\/sq\/wp-json\/wp\/v2\/product_tag?post=584"}],"curies":[{"name":"wp","href":"https:\/\/api.w.org\/{rel}","templated":true}]}}