{"id":586,"date":"2023-03-28T10:19:32","date_gmt":"2023-03-28T10:19:32","guid":{"rendered":"http:\/\/prinz-ks.com\/?post_type=product&#038;p=586"},"modified":"2023-11-18T14:55:35","modified_gmt":"2023-11-18T14:55:35","slug":"zwetschke","status":"publish","type":"product","link":"https:\/\/prinz-ks.com\/sq\/produkt\/zwetschke\/","title":{"rendered":"Prinz Zwetschke- KUMBULL 1L"},"content":{"rendered":"<p>Raki Kumbulle<br \/>\nCil\u00ebsia e frutave tona ka qen\u00eb gjithmon\u00eb e nj\u00eb r\u00ebnd\u00ebsie t\u00eb madhe p\u00ebr ne. Rajoni rreth liqenit t\u00eb Konstanc\u00ebs karakterizohet nga pem\u00eb t\u00eb t\u00eb gjitha llojeve t\u00eb frutave, disa prej t\u00eb cilave jan\u00eb pothuajse aq t\u00eb vjetra sa distileria jon\u00eb. Nga k\u00ebto pem\u00eb vijn\u00eb edhe kumbullat me shum\u00eb l\u00ebng, nga t\u00eb cilat b\u00ebhet distilimi i rakis\u00eb ton\u00eb t\u00eb mir\u00eb kumbull. P\u00ebr shkak t\u00eb maturimit disavje\u00e7ar n\u00eb en\u00ebt prej balte, aroma e ve\u00e7ant\u00eb mund t\u00eb zhvillohet plot\u00ebsisht.<\/p>\n<p>Rakia e kumbull\u00ebs ka nj\u00eb shije t\u00eb but\u00eb, frutash. N\u00eb shije ajo zhvillon nj\u00eb not\u00eb t\u00eb ngjashme me marzipanin dhe nuanca t\u00eb lehta t\u00eb aromave t\u00eb pjekura. P\u00ebrve\u00e7 k\u00ebsaj, vihet re nj\u00eb loj\u00eb e ekuilibruar sheqer-acid. Nj\u00eb specialitet i shijsh\u00ebm rakie.<\/p>\n<p>Rekomandimi yn\u00eb p\u00ebr t\u00eb pir\u00eb: Shijoni rakin e kumbull\u00ebs n\u00eb nj\u00eb got\u00eb t\u00eb rakis\u00eb n\u00eb nj\u00eb temperatur\u00eb midis 17 dhe 20 \u00b0C.<\/p>","protected":false},"excerpt":{"rendered":"<p><strong>1 L<\/strong><\/p>\n<p>Rakia e kumbull\u00ebs ka nj\u00eb shije t\u00eb but\u00eb, frutash. N\u00eb shije ajo zhvillon nj\u00eb not\u00eb t\u00eb ngjashme me marzipanin dhe nuanca t\u00eb lehta t\u00eb aromave t\u00eb pjekura. P\u00ebrve\u00e7 k\u00ebsaj, vihet re nj\u00eb loj\u00eb e ekuilibruar sheqer-acid. Nj\u00eb specialitet i shijsh\u00ebm rakie.<\/p>","protected":false},"featured_media":587,"comment_status":"open","ping_status":"closed","template":"","meta":{"nf_dc_page":"","om_disable_all_campaigns":false,"_monsterinsights_skip_tracking":false,"_monsterinsights_sitenote_active":false,"_monsterinsights_sitenote_note":"","_monsterinsights_sitenote_category":0,"site-sidebar-layout":"default","site-content-layout":"default","ast-site-content-layout":"default","site-content-style":"default","site-sidebar-style":"default","ast-global-header-display":"","ast-banner-title-visibility":"","ast-main-header-display":"","ast-hfb-above-header-display":"","ast-hfb-below-header-display":"","ast-hfb-mobile-header-display":"","site-post-title":"","ast-breadcrumbs-content":"","ast-featured-img":"","footer-sml-layout":"","ast-disable-related-posts":"","theme-transparent-header-meta":"default","adv-header-id-meta":"","stick-header-meta":"","header-above-stick-meta":"","header-main-stick-meta":"","header-below-stick-meta":"","astra-migrate-meta-layouts":"default","ast-page-background-enabled":"default","ast-page-background-meta":{"desktop":{"background-color":"","background-image":"","background-repeat":"repeat","background-position":"center center","background-size":"auto","background-attachment":"scroll","background-type":"","background-media":"","overlay-type":"","overlay-color":"","overlay-opacity":"","overlay-gradient":""},"tablet":{"background-color":"","background-image":"","background-repeat":"repeat","background-position":"center center","background-size":"auto","background-attachment":"scroll","background-type":"","background-media":"","overlay-type":"","overlay-color":"","overlay-opacity":"","overlay-gradient":""},"mobile":{"background-color":"","background-image":"","background-repeat":"repeat","background-position":"center center","background-size":"auto","background-attachment":"scroll","background-type":"","background-media":"","overlay-type":"","overlay-color":"","overlay-opacity":"","overlay-gradient":""}},"ast-content-background-meta":{"desktop":{"background-color":"var(--ast-global-color-5)","background-image":"","background-repeat":"repeat","background-position":"center center","background-size":"auto","background-attachment":"scroll","background-type":"","background-media":"","overlay-type":"","overlay-color":"","overlay-opacity":"","overlay-gradient":""},"tablet":{"background-color":"var(--ast-global-color-5)","background-image":"","background-repeat":"repeat","background-position":"center center","background-size":"auto","background-attachment":"scroll","background-type":"","background-media":"","overlay-type":"","overlay-color":"","overlay-opacity":"","overlay-gradient":""},"mobile":{"background-color":"var(--ast-global-color-5)","background-image":"","background-repeat":"repeat","background-position":"center center","background-size":"auto","background-attachment":"scroll","background-type":"","background-media":"","overlay-type":"","overlay-color":"","overlay-opacity":"","overlay-gradient":""}}},"product_brand":[],"product_cat":[19],"product_tag":[],"class_list":{"0":"post-586","1":"product","2":"type-product","3":"status-publish","4":"has-post-thumbnail","6":"product_cat-traditionelle-40","7":"desktop-align-left","8":"tablet-align-left","9":"mobile-align-left","11":"first","12":"instock","13":"shipping-taxable","14":"purchasable","15":"product-type-simple"},"yoast_head":"<!-- This site is optimized with the Yoast SEO plugin v27.5 - https:\/\/yoast.com\/product\/yoast-seo-wordpress\/ -->\n<title>Prinz Zwetschke- KUMBULL 1L - Prinz<\/title>\n<meta name=\"robots\" content=\"index, follow, max-snippet:-1, max-image-preview:large, max-video-preview:-1\" \/>\n<link rel=\"canonical\" href=\"https:\/\/prinz-ks.com\/sq\/produkt\/zwetschke\/\" \/>\n<meta property=\"og:locale\" content=\"sq_AL\" \/>\n<meta property=\"og:type\" content=\"article\" \/>\n<meta property=\"og:title\" content=\"Prinz Zwetschke- KUMBULL 1L - Prinz\" \/>\n<meta property=\"og:description\" content=\"1 L  Rakia e kumbull\u00ebs ka nj\u00eb shije t\u00eb but\u00eb, frutash. N\u00eb shije ajo zhvillon nj\u00eb not\u00eb t\u00eb ngjashme me marzipanin dhe nuanca t\u00eb lehta t\u00eb aromave t\u00eb pjekura. P\u00ebrve\u00e7 k\u00ebsaj, vihet re nj\u00eb loj\u00eb e ekuilibruar sheqer-acid. Nj\u00eb specialitet i shijsh\u00ebm rakie.\" \/>\n<meta property=\"og:url\" content=\"https:\/\/prinz-ks.com\/sq\/produkt\/zwetschke\/\" \/>\n<meta property=\"og:site_name\" content=\"Prinz\" \/>\n<meta property=\"article:modified_time\" content=\"2023-11-18T14:55:35+00:00\" \/>\n<meta property=\"og:image\" content=\"https:\/\/i0.wp.com\/prinz-ks.com\/wp-content\/uploads\/2023\/03\/prinz-pfluemli-schnaps-1_0l.png?fit=700%2C700&ssl=1\" \/>\n\t<meta property=\"og:image:width\" content=\"700\" \/>\n\t<meta property=\"og:image:height\" content=\"700\" \/>\n\t<meta property=\"og:image:type\" content=\"image\/png\" \/>\n<meta name=\"twitter:card\" content=\"summary_large_image\" \/>\n<meta name=\"twitter:label1\" content=\"Est. reading time\" \/>\n\t<meta name=\"twitter:data1\" content=\"1 minut\u00eb\" \/>\n<script type=\"application\/ld+json\" class=\"yoast-schema-graph\">{\"@context\":\"https:\\\/\\\/schema.org\",\"@graph\":[{\"@type\":\"WebPage\",\"@id\":\"https:\\\/\\\/prinz-ks.com\\\/product\\\/zwetschke\\\/\",\"url\":\"https:\\\/\\\/prinz-ks.com\\\/product\\\/zwetschke\\\/\",\"name\":\"Prinz Zwetschke- KUMBULL 1L - Prinz\",\"isPartOf\":{\"@id\":\"https:\\\/\\\/prinz-ks.com\\\/#website\"},\"primaryImageOfPage\":{\"@id\":\"https:\\\/\\\/prinz-ks.com\\\/product\\\/zwetschke\\\/#primaryimage\"},\"image\":{\"@id\":\"https:\\\/\\\/prinz-ks.com\\\/product\\\/zwetschke\\\/#primaryimage\"},\"thumbnailUrl\":\"https:\\\/\\\/i0.wp.com\\\/prinz-ks.com\\\/wp-content\\\/uploads\\\/2023\\\/03\\\/prinz-pfluemli-schnaps-1_0l.png?fit=700%2C700&ssl=1\",\"datePublished\":\"2023-03-28T10:19:32+00:00\",\"dateModified\":\"2023-11-18T14:55:35+00:00\",\"breadcrumb\":{\"@id\":\"https:\\\/\\\/prinz-ks.com\\\/product\\\/zwetschke\\\/#breadcrumb\"},\"inLanguage\":\"sq\",\"potentialAction\":[{\"@type\":\"ReadAction\",\"target\":[\"https:\\\/\\\/prinz-ks.com\\\/product\\\/zwetschke\\\/\"]}]},{\"@type\":\"ImageObject\",\"inLanguage\":\"sq\",\"@id\":\"https:\\\/\\\/prinz-ks.com\\\/product\\\/zwetschke\\\/#primaryimage\",\"url\":\"https:\\\/\\\/i0.wp.com\\\/prinz-ks.com\\\/wp-content\\\/uploads\\\/2023\\\/03\\\/prinz-pfluemli-schnaps-1_0l.png?fit=700%2C700&ssl=1\",\"contentUrl\":\"https:\\\/\\\/i0.wp.com\\\/prinz-ks.com\\\/wp-content\\\/uploads\\\/2023\\\/03\\\/prinz-pfluemli-schnaps-1_0l.png?fit=700%2C700&ssl=1\",\"width\":700,\"height\":700},{\"@type\":\"BreadcrumbList\",\"@id\":\"https:\\\/\\\/prinz-ks.com\\\/product\\\/zwetschke\\\/#breadcrumb\",\"itemListElement\":[{\"@type\":\"ListItem\",\"position\":1,\"name\":\"Home\",\"item\":\"https:\\\/\\\/prinz-ks.com\\\/\"},{\"@type\":\"ListItem\",\"position\":2,\"name\":\"Shop\",\"item\":\"https:\\\/\\\/prinz-ks.com\\\/shop\\\/\"},{\"@type\":\"ListItem\",\"position\":3,\"name\":\"Prinz Zwetschke- KUMBULL 1L\"}]},{\"@type\":\"WebSite\",\"@id\":\"https:\\\/\\\/prinz-ks.com\\\/#website\",\"url\":\"https:\\\/\\\/prinz-ks.com\\\/\",\"name\":\"Prinz\",\"description\":\"Prinz | Faqja momentalisht \u00ebsht\u00eb n\u00eb p\u00ebrpunim\",\"publisher\":{\"@id\":\"https:\\\/\\\/prinz-ks.com\\\/#organization\"},\"potentialAction\":[{\"@type\":\"SearchAction\",\"target\":{\"@type\":\"EntryPoint\",\"urlTemplate\":\"https:\\\/\\\/prinz-ks.com\\\/?s={search_term_string}\"},\"query-input\":{\"@type\":\"PropertyValueSpecification\",\"valueRequired\":true,\"valueName\":\"search_term_string\"}}],\"inLanguage\":\"sq\"},{\"@type\":\"Organization\",\"@id\":\"https:\\\/\\\/prinz-ks.com\\\/#organization\",\"name\":\"Prinz\",\"url\":\"https:\\\/\\\/prinz-ks.com\\\/\",\"logo\":{\"@type\":\"ImageObject\",\"inLanguage\":\"sq\",\"@id\":\"https:\\\/\\\/prinz-ks.com\\\/#\\\/schema\\\/logo\\\/image\\\/\",\"url\":\"https:\\\/\\\/prinz-ks.com\\\/wp-content\\\/uploads\\\/2023\\\/02\\\/logo.svg\",\"contentUrl\":\"https:\\\/\\\/prinz-ks.com\\\/wp-content\\\/uploads\\\/2023\\\/02\\\/logo.svg\",\"width\":350,\"height\":266,\"caption\":\"Prinz\"},\"image\":{\"@id\":\"https:\\\/\\\/prinz-ks.com\\\/#\\\/schema\\\/logo\\\/image\\\/\"}}]}<\/script>\n<!-- \/ Yoast SEO plugin. -->","yoast_head_json":{"title":"Prinz Zwetschke- KUMBULL 1L - Prinz","robots":{"index":"index","follow":"follow","max-snippet":"max-snippet:-1","max-image-preview":"max-image-preview:large","max-video-preview":"max-video-preview:-1"},"canonical":"https:\/\/prinz-ks.com\/sq\/produkt\/zwetschke\/","og_locale":"sq_AL","og_type":"article","og_title":"Prinz Zwetschke- KUMBULL 1L - Prinz","og_description":"1 L  Rakia e kumbull\u00ebs ka nj\u00eb shije t\u00eb but\u00eb, frutash. N\u00eb shije ajo zhvillon nj\u00eb not\u00eb t\u00eb ngjashme me marzipanin dhe nuanca t\u00eb lehta t\u00eb aromave t\u00eb pjekura. P\u00ebrve\u00e7 k\u00ebsaj, vihet re nj\u00eb loj\u00eb e ekuilibruar sheqer-acid. Nj\u00eb specialitet i shijsh\u00ebm rakie.","og_url":"https:\/\/prinz-ks.com\/sq\/produkt\/zwetschke\/","og_site_name":"Prinz","article_modified_time":"2023-11-18T14:55:35+00:00","og_image":[{"width":700,"height":700,"url":"https:\/\/i0.wp.com\/prinz-ks.com\/wp-content\/uploads\/2023\/03\/prinz-pfluemli-schnaps-1_0l.png?fit=700%2C700&ssl=1","type":"image\/png"}],"twitter_card":"summary_large_image","twitter_misc":{"Est. reading time":"1 minut\u00eb"},"schema":{"@context":"https:\/\/schema.org","@graph":[{"@type":"WebPage","@id":"https:\/\/prinz-ks.com\/product\/zwetschke\/","url":"https:\/\/prinz-ks.com\/product\/zwetschke\/","name":"Prinz Zwetschke- KUMBULL 1L - Prinz","isPartOf":{"@id":"https:\/\/prinz-ks.com\/#website"},"primaryImageOfPage":{"@id":"https:\/\/prinz-ks.com\/product\/zwetschke\/#primaryimage"},"image":{"@id":"https:\/\/prinz-ks.com\/product\/zwetschke\/#primaryimage"},"thumbnailUrl":"https:\/\/i0.wp.com\/prinz-ks.com\/wp-content\/uploads\/2023\/03\/prinz-pfluemli-schnaps-1_0l.png?fit=700%2C700&ssl=1","datePublished":"2023-03-28T10:19:32+00:00","dateModified":"2023-11-18T14:55:35+00:00","breadcrumb":{"@id":"https:\/\/prinz-ks.com\/product\/zwetschke\/#breadcrumb"},"inLanguage":"sq","potentialAction":[{"@type":"ReadAction","target":["https:\/\/prinz-ks.com\/product\/zwetschke\/"]}]},{"@type":"ImageObject","inLanguage":"sq","@id":"https:\/\/prinz-ks.com\/product\/zwetschke\/#primaryimage","url":"https:\/\/i0.wp.com\/prinz-ks.com\/wp-content\/uploads\/2023\/03\/prinz-pfluemli-schnaps-1_0l.png?fit=700%2C700&ssl=1","contentUrl":"https:\/\/i0.wp.com\/prinz-ks.com\/wp-content\/uploads\/2023\/03\/prinz-pfluemli-schnaps-1_0l.png?fit=700%2C700&ssl=1","width":700,"height":700},{"@type":"BreadcrumbList","@id":"https:\/\/prinz-ks.com\/product\/zwetschke\/#breadcrumb","itemListElement":[{"@type":"ListItem","position":1,"name":"Home","item":"https:\/\/prinz-ks.com\/"},{"@type":"ListItem","position":2,"name":"Shop","item":"https:\/\/prinz-ks.com\/shop\/"},{"@type":"ListItem","position":3,"name":"Prinz Zwetschke- KUMBULL 1L"}]},{"@type":"WebSite","@id":"https:\/\/prinz-ks.com\/#website","url":"https:\/\/prinz-ks.com\/","name":"Prinz","description":"Prinz | Faqja momentalisht \u00ebsht\u00eb n\u00eb p\u00ebrpunim","publisher":{"@id":"https:\/\/prinz-ks.com\/#organization"},"potentialAction":[{"@type":"SearchAction","target":{"@type":"EntryPoint","urlTemplate":"https:\/\/prinz-ks.com\/?s={search_term_string}"},"query-input":{"@type":"PropertyValueSpecification","valueRequired":true,"valueName":"search_term_string"}}],"inLanguage":"sq"},{"@type":"Organization","@id":"https:\/\/prinz-ks.com\/#organization","name":"Prinz","url":"https:\/\/prinz-ks.com\/","logo":{"@type":"ImageObject","inLanguage":"sq","@id":"https:\/\/prinz-ks.com\/#\/schema\/logo\/image\/","url":"https:\/\/prinz-ks.com\/wp-content\/uploads\/2023\/02\/logo.svg","contentUrl":"https:\/\/prinz-ks.com\/wp-content\/uploads\/2023\/02\/logo.svg","width":350,"height":266,"caption":"Prinz"},"image":{"@id":"https:\/\/prinz-ks.com\/#\/schema\/logo\/image\/"}}]}},"jetpack_sharing_enabled":true,"_links":{"self":[{"href":"https:\/\/prinz-ks.com\/sq\/wp-json\/wp\/v2\/product\/586","targetHints":{"allow":["GET"]}}],"collection":[{"href":"https:\/\/prinz-ks.com\/sq\/wp-json\/wp\/v2\/product"}],"about":[{"href":"https:\/\/prinz-ks.com\/sq\/wp-json\/wp\/v2\/types\/product"}],"replies":[{"embeddable":true,"href":"https:\/\/prinz-ks.com\/sq\/wp-json\/wp\/v2\/comments?post=586"}],"wp:featuredmedia":[{"embeddable":true,"href":"https:\/\/prinz-ks.com\/sq\/wp-json\/wp\/v2\/media\/587"}],"wp:attachment":[{"href":"https:\/\/prinz-ks.com\/sq\/wp-json\/wp\/v2\/media?parent=586"}],"wp:term":[{"taxonomy":"product_brand","embeddable":true,"href":"https:\/\/prinz-ks.com\/sq\/wp-json\/wp\/v2\/product_brand?post=586"},{"taxonomy":"product_cat","embeddable":true,"href":"https:\/\/prinz-ks.com\/sq\/wp-json\/wp\/v2\/product_cat?post=586"},{"taxonomy":"product_tag","embeddable":true,"href":"https:\/\/prinz-ks.com\/sq\/wp-json\/wp\/v2\/product_tag?post=586"}],"curies":[{"name":"wp","href":"https:\/\/api.w.org\/{rel}","templated":true}]}}