{"id":590,"date":"2023-03-28T10:34:33","date_gmt":"2023-03-28T10:34:33","guid":{"rendered":"http:\/\/prinz-ks.com\/?post_type=product&#038;p=590"},"modified":"2026-04-15T16:43:55","modified_gmt":"2026-04-15T16:43:55","slug":"alte-haus-zwetschke","status":"publish","type":"product","link":"https:\/\/prinz-ks.com\/sq\/produkt\/alte-haus-zwetschke\/","title":{"rendered":"Alte Zwetschke- KUMBULL"},"content":{"rendered":"<p><span dir=\"auto\" style=\"vertical-align: inherit\"><span dir=\"auto\" style=\"vertical-align: inherit\">0,5 l<\/span><\/span><\/p>\n<p><span dir=\"auto\" style=\"vertical-align: inherit\"><span dir=\"auto\" style=\"vertical-align: inherit\">VIELF\u00c4LTIGE UND KOMPLETTE FR\u00dcHST\u00dcCKE <\/span><\/span><br \/>\n<em><span dir=\"auto\" style=\"vertical-align: inherit\"><span dir=\"auto\" style=\"vertical-align: inherit\">\u00b7 Kumbulla t\u00eb buta, pikant me heza nga f\u00e7ia prej druri <\/span><\/span><\/em><br \/>\n<em><span dir=\"auto\" style=\"vertical-align: inherit\"><span dir=\"auto\" style=\"vertical-align: inherit\">\u00b7 Ich destilliere und kumbullave t\u00eb pjekura nga rajoni <\/span><\/span><\/em><br \/>\n<em><span dir=\"auto\" style=\"vertical-align: inherit\"><span dir=\"auto\" style=\"vertical-align: inherit\">\u00b7 Dye her i distilluar the Maturuar n\u00eb f\u00e7i druri <\/span><\/span><\/em><br \/>\n<em><span dir=\"auto\" style=\"vertical-align: inherit\"><span dir=\"auto\" style=\"vertical-align: inherit\">\u00b7 E dallueshme n\u00eb r\u00eb\u00eb shije<\/span><\/span><\/em><\/p>\n<p><span dir=\"auto\" style=\"vertical-align: inherit\"><span dir=\"auto\" style=\"vertical-align: inherit\">VIELFALT UND KUMBLLAVE TE EMBLA-AROMATIKE <\/span><\/span><br \/>\n<em><span dir=\"auto\" style=\"vertical-align: inherit\"><span dir=\"auto\" style=\"vertical-align: inherit\">Kumbulla ist sehr beliebt und beliebt, da sie mir Obst und Gem\u00fcse schenkt, bevor ich sie notiere und schreibe Es ist wichtig, dass Sie Ihren Urlaub nicht verbringen. Ich bin der Meinung, dass die Leute nicht wissen, was sie tun und was sie tun, um sie zu t\u00f6ten.<\/span><\/span><\/em><\/p>\n<p><span dir=\"auto\" style=\"vertical-align: inherit\"><span dir=\"auto\" style=\"vertical-align: inherit\">KORRJA N\u00cb RAJON<\/span><\/span><\/p>\n<p><em><span dir=\"auto\" style=\"vertical-align: inherit\"><span dir=\"auto\" style=\"vertical-align: inherit\">Kumbulla i p\u00ebrket frutave me gur\u00eb (B\u00ebrtham\u00eb). Shum\u00ebllojshm\u00ebria und kumbull\u00ebs s\u00eb sht\u00ebpis\u00eb sht\u00eb shum\u00eb und njohur n\u00eb gjer\u00ebsit\u00eb tona gjeografike. Es gibt keine Charaktere, die mir den lang anhaltenden Duft bescheren. Ich wei\u00df nicht, was ich vor langer Zeit getan habe, und ich habe es geschafft, es f\u00fcr Distilleria zu verwenden. Die Midi-F\u00e4cher sprudeln aus dem Wasser, die Fr\u00fcchte sind blau und die Fr\u00fcchte sind nicht leicht zu reinigen und zu ernten. Es ist nicht einfach, Fr\u00fcchte zu tragen, und die Fr\u00fcchte werden oft geerntet. Das bedeutet, dass es unangenehm und unangenehm ist, den Duft und Geschmack negativ zu beeinflussen. Ich destilliere es hier, destilliere meine Fr\u00fcchte, um die Kumbullen zu beruhigen, und zwar vor der K\u00e4lte, um sie zu verkaufen, bevor ich sie auf diese Weise vertreibe.<\/span><\/span><\/em><\/p>\n<p><span dir=\"auto\" style=\"vertical-align: inherit\"><span dir=\"auto\" style=\"vertical-align: inherit\">RAKI KUMBULLE NGA FU\u00c7IA E DRURIT<\/span><\/span><\/p>\n<p><span dir=\"auto\" style=\"vertical-align: inherit\"><span dir=\"auto\" style=\"vertical-align: inherit\">Sie <\/span><\/span><br \/>\n<em><span dir=\"auto\" style=\"vertical-align: inherit\"><span dir=\"auto\" style=\"vertical-align: inherit\">haben das Gef\u00fchl, dass sie perfekt sind, und sie sind perfekt, sie sind kompleksiert und aromatisiert, um ihre Geschichte zu verdeutlichen, sie zu erhellen und zu beeindrucken. Aus diesem Grund habe ich mir nicht die M\u00fche gemacht, ein paar gl\u00fcckliche Tage zu verbringen, damit ich die klassische Prinz-Zeit genie\u00dfen kann.<\/span><\/span><\/em><\/p>\n<p><em><span dir=\"auto\" style=\"vertical-align: inherit\"><span dir=\"auto\" style=\"vertical-align: inherit\">Mein Duft ist weich, ich mag, ich bin kein zarter Marzipan und werde von Hunden dominiert. Es gibt kein k\u00f6stliches Aroma, das Fr\u00fcchte tr\u00e4gt, die Mischung, das Aroma und die Kumbulla, die zum Verzehr geeignet sind. Neues, frisches und leckeres Essen!<\/span><\/span><\/em><\/p>\n<p><span dir=\"auto\" style=\"vertical-align: inherit\"><span dir=\"auto\" style=\"vertical-align: inherit\">Empfehlenswert f\u00fcr den Aufenthalt: Shijoni Alte Haus-Zwetschke, wenn die Atmosph\u00e4re bei mir zu Hause ist und die Temperatur zwischen 17 und 21 \u00b0C liegt.<\/span><\/span><\/p>","protected":false},"excerpt":{"rendered":"<p>&nbsp;<\/p>\n<p><em><span dir=\"auto\" style=\"vertical-align: inherit\"><span dir=\"auto\" style=\"vertical-align: inherit\">Mein Duft ist weich, ich mag, ich bin kein zarter Marzipan und werde von Hunden dominiert. Es gibt kein k\u00f6stliches Aroma, das Fr\u00fcchte tr\u00e4gt, die Mischung, das Aroma und die Kumbulla, die zum Verzehr geeignet sind. Neues, frisches und leckeres Essen!<\/span><\/span><\/em><\/p>","protected":false},"featured_media":591,"comment_status":"open","ping_status":"closed","template":"","meta":{"nf_dc_page":"","om_disable_all_campaigns":false,"_monsterinsights_skip_tracking":false,"_monsterinsights_sitenote_active":false,"_monsterinsights_sitenote_note":"","_monsterinsights_sitenote_category":0,"site-sidebar-layout":"default","site-content-layout":"default","ast-site-content-layout":"default","site-content-style":"default","site-sidebar-style":"default","ast-global-header-display":"","ast-banner-title-visibility":"","ast-main-header-display":"","ast-hfb-above-header-display":"","ast-hfb-below-header-display":"","ast-hfb-mobile-header-display":"","site-post-title":"","ast-breadcrumbs-content":"","ast-featured-img":"","footer-sml-layout":"","ast-disable-related-posts":"","theme-transparent-header-meta":"default","adv-header-id-meta":"","stick-header-meta":"","header-above-stick-meta":"","header-main-stick-meta":"","header-below-stick-meta":"","astra-migrate-meta-layouts":"set","ast-page-background-enabled":"default","ast-page-background-meta":{"desktop":{"background-color":"","background-image":"","background-repeat":"repeat","background-position":"center center","background-size":"auto","background-attachment":"scroll","background-type":"","background-media":"","overlay-type":"","overlay-color":"","overlay-opacity":"","overlay-gradient":""},"tablet":{"background-color":"","background-image":"","background-repeat":"repeat","background-position":"center center","background-size":"auto","background-attachment":"scroll","background-type":"","background-media":"","overlay-type":"","overlay-color":"","overlay-opacity":"","overlay-gradient":""},"mobile":{"background-color":"","background-image":"","background-repeat":"repeat","background-position":"center center","background-size":"auto","background-attachment":"scroll","background-type":"","background-media":"","overlay-type":"","overlay-color":"","overlay-opacity":"","overlay-gradient":""}},"ast-content-background-meta":{"desktop":{"background-color":"var(--ast-global-color-5)","background-image":"","background-repeat":"repeat","background-position":"center center","background-size":"auto","background-attachment":"scroll","background-type":"","background-media":"","overlay-type":"","overlay-color":"","overlay-opacity":"","overlay-gradient":""},"tablet":{"background-color":"var(--ast-global-color-5)","background-image":"","background-repeat":"repeat","background-position":"center center","background-size":"auto","background-attachment":"scroll","background-type":"","background-media":"","overlay-type":"","overlay-color":"","overlay-opacity":"","overlay-gradient":""},"mobile":{"background-color":"var(--ast-global-color-5)","background-image":"","background-repeat":"repeat","background-position":"center center","background-size":"auto","background-attachment":"scroll","background-type":"","background-media":"","overlay-type":"","overlay-color":"","overlay-opacity":"","overlay-gradient":""}}},"product_brand":[],"product_cat":[20],"product_tag":[],"class_list":{"0":"post-590","1":"product","2":"type-product","3":"status-publish","4":"has-post-thumbnail","6":"product_cat-alte-sorten-41","7":"desktop-align-left","8":"tablet-align-left","9":"mobile-align-left","11":"first","12":"instock","13":"shipping-taxable","14":"purchasable","15":"product-type-simple"},"yoast_head":"<!-- This site is optimized with the Yoast SEO plugin v27.5 - https:\/\/yoast.com\/product\/yoast-seo-wordpress\/ -->\n<title>Alte Zwetschke- KUMBULL - Prinz<\/title>\n<meta name=\"robots\" content=\"index, follow, max-snippet:-1, max-image-preview:large, max-video-preview:-1\" \/>\n<link rel=\"canonical\" href=\"https:\/\/prinz-ks.com\/sq\/produkt\/alte-haus-zwetschke\/\" \/>\n<meta property=\"og:locale\" content=\"sq_AL\" \/>\n<meta property=\"og:type\" content=\"article\" \/>\n<meta property=\"og:title\" content=\"Alte Zwetschke- KUMBULL - Prinz\" \/>\n<meta property=\"og:description\" content=\"&nbsp;  Mein Duft ist weich, ich mag, ich bin kein zarter Marzipan und werde von Hunden dominiert. Es gibt kein k\u00f6stliches Aroma, das Fr\u00fcchte tr\u00e4gt, die Mischung, das Aroma und die Kumbulla, die zum Verzehr geeignet sind. Neues, frisches und leckeres Essen!\" \/>\n<meta property=\"og:url\" content=\"https:\/\/prinz-ks.com\/sq\/produkt\/alte-haus-zwetschke\/\" \/>\n<meta property=\"og:site_name\" content=\"Prinz\" \/>\n<meta property=\"article:modified_time\" content=\"2026-04-15T16:43:55+00:00\" \/>\n<meta property=\"og:image\" content=\"https:\/\/prinz-ks.com\/wp-content\/uploads\/2023\/03\/prinz-alte-haus-zwetschke-1_0l.png\" \/>\n\t<meta property=\"og:image:width\" content=\"700\" \/>\n\t<meta property=\"og:image:height\" content=\"700\" \/>\n\t<meta property=\"og:image:type\" content=\"image\/png\" \/>\n<meta name=\"twitter:card\" content=\"summary_large_image\" \/>\n<meta name=\"twitter:label1\" content=\"Est. reading time\" \/>\n\t<meta name=\"twitter:data1\" content=\"2 minuta\" \/>\n<script type=\"application\/ld+json\" class=\"yoast-schema-graph\">{\"@context\":\"https:\\\/\\\/schema.org\",\"@graph\":[{\"@type\":\"WebPage\",\"@id\":\"https:\\\/\\\/prinz-ks.com\\\/product\\\/alte-haus-zwetschke\\\/\",\"url\":\"https:\\\/\\\/prinz-ks.com\\\/product\\\/alte-haus-zwetschke\\\/\",\"name\":\"Alte Zwetschke- KUMBULL - Prinz\",\"isPartOf\":{\"@id\":\"https:\\\/\\\/prinz-ks.com\\\/#website\"},\"primaryImageOfPage\":{\"@id\":\"https:\\\/\\\/prinz-ks.com\\\/product\\\/alte-haus-zwetschke\\\/#primaryimage\"},\"image\":{\"@id\":\"https:\\\/\\\/prinz-ks.com\\\/product\\\/alte-haus-zwetschke\\\/#primaryimage\"},\"thumbnailUrl\":\"https:\\\/\\\/i0.wp.com\\\/prinz-ks.com\\\/wp-content\\\/uploads\\\/2023\\\/03\\\/prinz-alte-haus-zwetschke-1_0l.png?fit=700%2C700&ssl=1\",\"datePublished\":\"2023-03-28T10:34:33+00:00\",\"dateModified\":\"2026-04-15T16:43:55+00:00\",\"breadcrumb\":{\"@id\":\"https:\\\/\\\/prinz-ks.com\\\/product\\\/alte-haus-zwetschke\\\/#breadcrumb\"},\"inLanguage\":\"sq\",\"potentialAction\":[{\"@type\":\"ReadAction\",\"target\":[\"https:\\\/\\\/prinz-ks.com\\\/product\\\/alte-haus-zwetschke\\\/\"]}]},{\"@type\":\"ImageObject\",\"inLanguage\":\"sq\",\"@id\":\"https:\\\/\\\/prinz-ks.com\\\/product\\\/alte-haus-zwetschke\\\/#primaryimage\",\"url\":\"https:\\\/\\\/i0.wp.com\\\/prinz-ks.com\\\/wp-content\\\/uploads\\\/2023\\\/03\\\/prinz-alte-haus-zwetschke-1_0l.png?fit=700%2C700&ssl=1\",\"contentUrl\":\"https:\\\/\\\/i0.wp.com\\\/prinz-ks.com\\\/wp-content\\\/uploads\\\/2023\\\/03\\\/prinz-alte-haus-zwetschke-1_0l.png?fit=700%2C700&ssl=1\",\"width\":700,\"height\":700},{\"@type\":\"BreadcrumbList\",\"@id\":\"https:\\\/\\\/prinz-ks.com\\\/product\\\/alte-haus-zwetschke\\\/#breadcrumb\",\"itemListElement\":[{\"@type\":\"ListItem\",\"position\":1,\"name\":\"Home\",\"item\":\"https:\\\/\\\/prinz-ks.com\\\/\"},{\"@type\":\"ListItem\",\"position\":2,\"name\":\"Shop\",\"item\":\"https:\\\/\\\/prinz-ks.com\\\/shop\\\/\"},{\"@type\":\"ListItem\",\"position\":3,\"name\":\"Alte Zwetschke- KUMBULL\"}]},{\"@type\":\"WebSite\",\"@id\":\"https:\\\/\\\/prinz-ks.com\\\/#website\",\"url\":\"https:\\\/\\\/prinz-ks.com\\\/\",\"name\":\"Prinz\",\"description\":\"Prinz | Faqja momentalisht \u00ebsht\u00eb n\u00eb p\u00ebrpunim\",\"publisher\":{\"@id\":\"https:\\\/\\\/prinz-ks.com\\\/#organization\"},\"potentialAction\":[{\"@type\":\"SearchAction\",\"target\":{\"@type\":\"EntryPoint\",\"urlTemplate\":\"https:\\\/\\\/prinz-ks.com\\\/?s={search_term_string}\"},\"query-input\":{\"@type\":\"PropertyValueSpecification\",\"valueRequired\":true,\"valueName\":\"search_term_string\"}}],\"inLanguage\":\"sq\"},{\"@type\":\"Organization\",\"@id\":\"https:\\\/\\\/prinz-ks.com\\\/#organization\",\"name\":\"Prinz\",\"url\":\"https:\\\/\\\/prinz-ks.com\\\/\",\"logo\":{\"@type\":\"ImageObject\",\"inLanguage\":\"sq\",\"@id\":\"https:\\\/\\\/prinz-ks.com\\\/#\\\/schema\\\/logo\\\/image\\\/\",\"url\":\"https:\\\/\\\/prinz-ks.com\\\/wp-content\\\/uploads\\\/2023\\\/02\\\/logo.svg\",\"contentUrl\":\"https:\\\/\\\/prinz-ks.com\\\/wp-content\\\/uploads\\\/2023\\\/02\\\/logo.svg\",\"width\":350,\"height\":266,\"caption\":\"Prinz\"},\"image\":{\"@id\":\"https:\\\/\\\/prinz-ks.com\\\/#\\\/schema\\\/logo\\\/image\\\/\"}}]}<\/script>\n<!-- \/ Yoast SEO plugin. -->","yoast_head_json":{"title":"Alte Zwetschke- KUMBULL - Prinz","robots":{"index":"index","follow":"follow","max-snippet":"max-snippet:-1","max-image-preview":"max-image-preview:large","max-video-preview":"max-video-preview:-1"},"canonical":"https:\/\/prinz-ks.com\/sq\/produkt\/alte-haus-zwetschke\/","og_locale":"sq_AL","og_type":"article","og_title":"Alte Zwetschke- KUMBULL - Prinz","og_description":"&nbsp;  Mein Duft ist weich, ich mag, ich bin kein zarter Marzipan und werde von Hunden dominiert. Es gibt kein k\u00f6stliches Aroma, das Fr\u00fcchte tr\u00e4gt, die Mischung, das Aroma und die Kumbulla, die zum Verzehr geeignet sind. Neues, frisches und leckeres Essen!","og_url":"https:\/\/prinz-ks.com\/sq\/produkt\/alte-haus-zwetschke\/","og_site_name":"Prinz","article_modified_time":"2026-04-15T16:43:55+00:00","og_image":[{"width":700,"height":700,"url":"https:\/\/prinz-ks.com\/wp-content\/uploads\/2023\/03\/prinz-alte-haus-zwetschke-1_0l.png","type":"image\/png"}],"twitter_card":"summary_large_image","twitter_misc":{"Est. reading time":"2 minuta"},"schema":{"@context":"https:\/\/schema.org","@graph":[{"@type":"WebPage","@id":"https:\/\/prinz-ks.com\/product\/alte-haus-zwetschke\/","url":"https:\/\/prinz-ks.com\/product\/alte-haus-zwetschke\/","name":"Alte Zwetschke- KUMBULL - Prinz","isPartOf":{"@id":"https:\/\/prinz-ks.com\/#website"},"primaryImageOfPage":{"@id":"https:\/\/prinz-ks.com\/product\/alte-haus-zwetschke\/#primaryimage"},"image":{"@id":"https:\/\/prinz-ks.com\/product\/alte-haus-zwetschke\/#primaryimage"},"thumbnailUrl":"https:\/\/i0.wp.com\/prinz-ks.com\/wp-content\/uploads\/2023\/03\/prinz-alte-haus-zwetschke-1_0l.png?fit=700%2C700&ssl=1","datePublished":"2023-03-28T10:34:33+00:00","dateModified":"2026-04-15T16:43:55+00:00","breadcrumb":{"@id":"https:\/\/prinz-ks.com\/product\/alte-haus-zwetschke\/#breadcrumb"},"inLanguage":"sq","potentialAction":[{"@type":"ReadAction","target":["https:\/\/prinz-ks.com\/product\/alte-haus-zwetschke\/"]}]},{"@type":"ImageObject","inLanguage":"sq","@id":"https:\/\/prinz-ks.com\/product\/alte-haus-zwetschke\/#primaryimage","url":"https:\/\/i0.wp.com\/prinz-ks.com\/wp-content\/uploads\/2023\/03\/prinz-alte-haus-zwetschke-1_0l.png?fit=700%2C700&ssl=1","contentUrl":"https:\/\/i0.wp.com\/prinz-ks.com\/wp-content\/uploads\/2023\/03\/prinz-alte-haus-zwetschke-1_0l.png?fit=700%2C700&ssl=1","width":700,"height":700},{"@type":"BreadcrumbList","@id":"https:\/\/prinz-ks.com\/product\/alte-haus-zwetschke\/#breadcrumb","itemListElement":[{"@type":"ListItem","position":1,"name":"Home","item":"https:\/\/prinz-ks.com\/"},{"@type":"ListItem","position":2,"name":"Shop","item":"https:\/\/prinz-ks.com\/shop\/"},{"@type":"ListItem","position":3,"name":"Alte Zwetschke- KUMBULL"}]},{"@type":"WebSite","@id":"https:\/\/prinz-ks.com\/#website","url":"https:\/\/prinz-ks.com\/","name":"Prinz","description":"Prinz | Faqja momentalisht \u00ebsht\u00eb n\u00eb p\u00ebrpunim","publisher":{"@id":"https:\/\/prinz-ks.com\/#organization"},"potentialAction":[{"@type":"SearchAction","target":{"@type":"EntryPoint","urlTemplate":"https:\/\/prinz-ks.com\/?s={search_term_string}"},"query-input":{"@type":"PropertyValueSpecification","valueRequired":true,"valueName":"search_term_string"}}],"inLanguage":"sq"},{"@type":"Organization","@id":"https:\/\/prinz-ks.com\/#organization","name":"Prinz","url":"https:\/\/prinz-ks.com\/","logo":{"@type":"ImageObject","inLanguage":"sq","@id":"https:\/\/prinz-ks.com\/#\/schema\/logo\/image\/","url":"https:\/\/prinz-ks.com\/wp-content\/uploads\/2023\/02\/logo.svg","contentUrl":"https:\/\/prinz-ks.com\/wp-content\/uploads\/2023\/02\/logo.svg","width":350,"height":266,"caption":"Prinz"},"image":{"@id":"https:\/\/prinz-ks.com\/#\/schema\/logo\/image\/"}}]}},"jetpack_sharing_enabled":true,"_links":{"self":[{"href":"https:\/\/prinz-ks.com\/sq\/wp-json\/wp\/v2\/product\/590","targetHints":{"allow":["GET"]}}],"collection":[{"href":"https:\/\/prinz-ks.com\/sq\/wp-json\/wp\/v2\/product"}],"about":[{"href":"https:\/\/prinz-ks.com\/sq\/wp-json\/wp\/v2\/types\/product"}],"replies":[{"embeddable":true,"href":"https:\/\/prinz-ks.com\/sq\/wp-json\/wp\/v2\/comments?post=590"}],"wp:featuredmedia":[{"embeddable":true,"href":"https:\/\/prinz-ks.com\/sq\/wp-json\/wp\/v2\/media\/591"}],"wp:attachment":[{"href":"https:\/\/prinz-ks.com\/sq\/wp-json\/wp\/v2\/media?parent=590"}],"wp:term":[{"taxonomy":"product_brand","embeddable":true,"href":"https:\/\/prinz-ks.com\/sq\/wp-json\/wp\/v2\/product_brand?post=590"},{"taxonomy":"product_cat","embeddable":true,"href":"https:\/\/prinz-ks.com\/sq\/wp-json\/wp\/v2\/product_cat?post=590"},{"taxonomy":"product_tag","embeddable":true,"href":"https:\/\/prinz-ks.com\/sq\/wp-json\/wp\/v2\/product_tag?post=590"}],"curies":[{"name":"wp","href":"https:\/\/api.w.org\/{rel}","templated":true}]}}