{"id":596,"date":"2023-03-28T10:40:46","date_gmt":"2023-03-28T10:40:46","guid":{"rendered":"http:\/\/prinz-ks.com\/?post_type=product&#038;p=596"},"modified":"2026-04-15T16:29:46","modified_gmt":"2026-04-15T16:29:46","slug":"alte-marille","status":"publish","type":"product","link":"https:\/\/prinz-ks.com\/sq\/produkt\/alte-marille\/","title":{"rendered":"Alte Marille- KAJSI"},"content":{"rendered":"<p>0.5L<\/p>\n<p>NGA FRUTA ME NGJYR\u00cb Mjalte T\u00cb VERDH\u00cb TEK RAKIA E KLASIT T\u00cb PAR\u00cb<\/p>\n<p><em>Kajsia t\u00eb buta me fruta nga nj\u00eb fu\u00e7i druri.<\/em><br \/>\n<em>B\u00ebr\u00eb nga kajsi plot\u00ebsisht t\u00eb pjekura me l\u00ebng, t\u00eb pjekur p\u00ebr disa muaj n\u00eb fu\u00e7i druri special t\u00eb krijuar p\u00ebr Prinz, ve\u00e7an\u00ebrisht e but\u00eb n\u00eb shije dhe p\u00ebrfundim t\u00eb gjat\u00eb.<\/em><\/p>\n<p>Kajsi- FRUTI POPULLOR<br \/>\n<em>Qoft\u00eb si re\u00e7el apo kompost, apo si specialitet rakie &#8211; aroma e tyre karakteristike me lule \u00ebsht\u00eb thjesht e mrekullueshme. P\u00ebr Prinz Alte Marille ne p\u00ebrdorim vet\u00ebm frutat m\u00eb t\u00eb mira, plot\u00ebsisht t\u00eb pjekura dhe t\u00eb \u00ebmbla me l\u00ebng.<\/em><\/p>\n<p>100% KORRJE E MIR\u00cb, 100% CIL\u00cbSI<br \/>\n<em>N\u00eb var\u00ebsi t\u00eb temperatur\u00ebs dhe motit, kajsit\u00eb e para fillojn\u00eb t\u00eb piqen nga fundi i qershorit dhe ngjyra e tyre gradualisht ndryshon nga jeshile n\u00eb nj\u00eb nuanc\u00eb t\u00eb verdh\u00eb mjalte, pak t\u00eb kuq\u00ebrremt\u00eb. N\u00eb korrik fillon koha kryesore e vjeljes p\u00ebr frutikultur\u00ebt tan\u00eb, zonat e rritjes s\u00eb t\u00eb cil\u00ebve jan\u00eb rreth rr\u00ebz\u00ebs s\u00eb Alpeve. Ne i renditim frutat e dor\u00ebzuara n\u00eb ferm\u00ebn ton\u00eb t\u00eb frutave. Ato kontrollohen si optikisht ashtu edhe ndijorisht.<\/em><\/p>\n<p>RAKI KAJSIE NGA fu\u00e7ia e drurit<br \/>\nPROCES UNIK PRODHIMOR<br \/>\n<em>Kajsiat zhveshen nga berthama dhe nga bishti, fermentimi zgjat rreth 18 dit\u00eb. M\u00eb pas pureja \u00ebsht\u00eb gati p\u00ebr distilim. N\u00eb procesin e pjekjes s\u00eb dyfisht\u00eb krijohet nj\u00eb distilim me shije frute, pa gabime aromatike, i cili m\u00eb pas ruhet n\u00eb en\u00eb balte me pore t\u00eb imta p\u00ebr disa vite. Atje ai mund t\u00eb shpaloset n\u00eb kushte optimale p\u00ebrpara se t\u00eb futet n\u00eb fu\u00e7in\u00eb prej druri p\u00ebr nj\u00eb p\u00ebrfundim me shije p\u00ebr 24 muaj. M\u00eb pas i p\u00ebrpunojm\u00eb rakiat me ekstrakte natyrale frutash &#8211; prekja e fundit p\u00ebrpara degustimit.<\/em><\/p>\n<p>NJ\u00cb RAKI P\u00cbR T\u00cb GJITHA SHQISAT<br \/>\n<em>P\u00ebr shkak t\u00eb ruajtjes n\u00eb fu\u00e7i prej druri, kajsia e vjet\u00ebr magjeps me ngjyr\u00ebn e saj t\u00eb bukur t\u00eb verdh\u00eb t\u00eb art\u00eb. N\u00eb hund\u00eb, specialiteti i kajsis\u00eb ofron nj\u00eb p\u00ebrvoj\u00eb t\u00eb v\u00ebrtet\u00eb aromatike. Tep\u00ebr frutore me nota varietale, paksa lulesh. Tonet karakteristike me trup t\u00eb plot\u00eb shpalosen m\u00eb pas n\u00eb shije me nj\u00eb \u00ebmb\u00eblsi delikate dhe not\u00eb fu\u00e7i lisi. Shija e but\u00eb dhe megjithat\u00eb e mrekullueshme frute ruhet n\u00eb fund.<\/em><\/p>\n<p><em>Nj\u00eb lloj i ve\u00e7ant\u00eb i p\u00ebrvoj\u00ebs schnapps &#8211; natyrisht n\u00eb shishen tradicionale. L\u00ebreni veten t\u00eb magjepseni nga kajsia e vjet\u00ebr nga fu\u00e7ia prej druri. Sigurohuni q\u00eb t\u00eb provoni varietetet tona tjera t\u00eb vjetra si Dardha (Williams) ose Lajthia e vjet\u00ebr!<\/em><\/p>\n<p><em>Rekomandimi yn\u00eb p\u00ebr pije: Shijoni Alte Marille me miqt\u00eb ose vet\u00ebm, si tret\u00ebs. Aromat e shk\u00eblqyera t\u00eb frutave shpalosen m\u00eb s\u00eb miri n\u00eb got\u00ebn e rakis\u00eb Prinz n\u00eb nj\u00eb temperatur\u00eb midis 17 dhe 21 \u00b0C.<\/em><\/p>","protected":false},"excerpt":{"rendered":"<p>NJ\u00cb RAKI P\u00cbR T\u00cb GJITHA SHQISAT<br \/>\n<em>P\u00ebr shkak t\u00eb ruajtjes n\u00eb fu\u00e7i prej druri, kajsia e vjet\u00ebr magjeps me ngjyr\u00ebn e saj t\u00eb bukur t\u00eb verdh\u00eb t\u00eb art\u00eb. N\u00eb hund\u00eb, specialiteti i kajsis\u00eb ofron nj\u00eb p\u00ebrvoj\u00eb t\u00eb v\u00ebrtet\u00eb aromatike. Tep\u00ebr frutore me nota varietale, paksa lulesh. Tonet karakteristike me trup t\u00eb plot\u00eb shpalosen m\u00eb pas n\u00eb shije me nj\u00eb \u00ebmb\u00eblsi delikate dhe not\u00eb fu\u00e7i lisi. Shija e but\u00eb dhe megjithat\u00eb e mrekullueshme frute ruhet n\u00eb fund.<\/em><\/p>","protected":false},"featured_media":597,"comment_status":"open","ping_status":"closed","template":"","meta":{"nf_dc_page":"","om_disable_all_campaigns":false,"_monsterinsights_skip_tracking":false,"_monsterinsights_sitenote_active":false,"_monsterinsights_sitenote_note":"","_monsterinsights_sitenote_category":0,"site-sidebar-layout":"default","site-content-layout":"default","ast-site-content-layout":"default","site-content-style":"default","site-sidebar-style":"default","ast-global-header-display":"","ast-banner-title-visibility":"","ast-main-header-display":"","ast-hfb-above-header-display":"","ast-hfb-below-header-display":"","ast-hfb-mobile-header-display":"","site-post-title":"","ast-breadcrumbs-content":"","ast-featured-img":"","footer-sml-layout":"","ast-disable-related-posts":"","theme-transparent-header-meta":"default","adv-header-id-meta":"","stick-header-meta":"","header-above-stick-meta":"","header-main-stick-meta":"","header-below-stick-meta":"","astra-migrate-meta-layouts":"set","ast-page-background-enabled":"default","ast-page-background-meta":{"desktop":{"background-color":"","background-image":"","background-repeat":"repeat","background-position":"center center","background-size":"auto","background-attachment":"scroll","background-type":"","background-media":"","overlay-type":"","overlay-color":"","overlay-opacity":"","overlay-gradient":""},"tablet":{"background-color":"","background-image":"","background-repeat":"repeat","background-position":"center center","background-size":"auto","background-attachment":"scroll","background-type":"","background-media":"","overlay-type":"","overlay-color":"","overlay-opacity":"","overlay-gradient":""},"mobile":{"background-color":"","background-image":"","background-repeat":"repeat","background-position":"center center","background-size":"auto","background-attachment":"scroll","background-type":"","background-media":"","overlay-type":"","overlay-color":"","overlay-opacity":"","overlay-gradient":""}},"ast-content-background-meta":{"desktop":{"background-color":"var(--ast-global-color-5)","background-image":"","background-repeat":"repeat","background-position":"center center","background-size":"auto","background-attachment":"scroll","background-type":"","background-media":"","overlay-type":"","overlay-color":"","overlay-opacity":"","overlay-gradient":""},"tablet":{"background-color":"var(--ast-global-color-5)","background-image":"","background-repeat":"repeat","background-position":"center center","background-size":"auto","background-attachment":"scroll","background-type":"","background-media":"","overlay-type":"","overlay-color":"","overlay-opacity":"","overlay-gradient":""},"mobile":{"background-color":"var(--ast-global-color-5)","background-image":"","background-repeat":"repeat","background-position":"center center","background-size":"auto","background-attachment":"scroll","background-type":"","background-media":"","overlay-type":"","overlay-color":"","overlay-opacity":"","overlay-gradient":""}}},"product_brand":[],"product_cat":[20],"product_tag":[],"class_list":{"0":"post-596","1":"product","2":"type-product","3":"status-publish","4":"has-post-thumbnail","6":"product_cat-alte-sorten-41","7":"desktop-align-left","8":"tablet-align-left","9":"mobile-align-left","11":"first","12":"instock","13":"shipping-taxable","14":"purchasable","15":"product-type-simple"},"yoast_head":"<!-- This site is optimized with the Yoast SEO plugin v27.5 - https:\/\/yoast.com\/product\/yoast-seo-wordpress\/ -->\n<title>Alte Marille- KAJSI - Prinz<\/title>\n<meta name=\"robots\" content=\"index, follow, max-snippet:-1, max-image-preview:large, max-video-preview:-1\" \/>\n<link rel=\"canonical\" href=\"https:\/\/prinz-ks.com\/sq\/produkt\/alte-marille\/\" \/>\n<meta property=\"og:locale\" content=\"sq_AL\" \/>\n<meta property=\"og:type\" content=\"article\" \/>\n<meta property=\"og:title\" content=\"Alte Marille- KAJSI - Prinz\" \/>\n<meta property=\"og:description\" content=\"NJ\u00cb RAKI P\u00cbR T\u00cb GJITHA SHQISAT P\u00ebr shkak t\u00eb ruajtjes n\u00eb fu\u00e7i prej druri, kajsia e vjet\u00ebr magjeps me ngjyr\u00ebn e saj t\u00eb bukur t\u00eb verdh\u00eb t\u00eb art\u00eb. N\u00eb hund\u00eb, specialiteti i kajsis\u00eb ofron nj\u00eb p\u00ebrvoj\u00eb t\u00eb v\u00ebrtet\u00eb aromatike. Tep\u00ebr frutore me nota varietale, paksa lulesh. Tonet karakteristike me trup t\u00eb plot\u00eb shpalosen m\u00eb pas n\u00eb shije me nj\u00eb \u00ebmb\u00eblsi delikate dhe not\u00eb fu\u00e7i lisi. Shija e but\u00eb dhe megjithat\u00eb e mrekullueshme frute ruhet n\u00eb fund.\" \/>\n<meta property=\"og:url\" content=\"https:\/\/prinz-ks.com\/sq\/produkt\/alte-marille\/\" \/>\n<meta property=\"og:site_name\" content=\"Prinz\" \/>\n<meta property=\"article:modified_time\" content=\"2026-04-15T16:29:46+00:00\" \/>\n<meta property=\"og:image\" content=\"https:\/\/prinz-ks.com\/wp-content\/uploads\/2023\/03\/prinz-alte-marille-1_0l_2.png\" \/>\n\t<meta property=\"og:image:width\" content=\"700\" \/>\n\t<meta property=\"og:image:height\" content=\"700\" \/>\n\t<meta property=\"og:image:type\" content=\"image\/png\" \/>\n<meta name=\"twitter:card\" content=\"summary_large_image\" \/>\n<meta name=\"twitter:label1\" content=\"Est. reading time\" \/>\n\t<meta name=\"twitter:data1\" content=\"2 minuta\" \/>\n<script type=\"application\/ld+json\" class=\"yoast-schema-graph\">{\"@context\":\"https:\\\/\\\/schema.org\",\"@graph\":[{\"@type\":\"WebPage\",\"@id\":\"https:\\\/\\\/prinz-ks.com\\\/product\\\/alte-marille\\\/\",\"url\":\"https:\\\/\\\/prinz-ks.com\\\/product\\\/alte-marille\\\/\",\"name\":\"Alte Marille- KAJSI - Prinz\",\"isPartOf\":{\"@id\":\"https:\\\/\\\/prinz-ks.com\\\/#website\"},\"primaryImageOfPage\":{\"@id\":\"https:\\\/\\\/prinz-ks.com\\\/product\\\/alte-marille\\\/#primaryimage\"},\"image\":{\"@id\":\"https:\\\/\\\/prinz-ks.com\\\/product\\\/alte-marille\\\/#primaryimage\"},\"thumbnailUrl\":\"https:\\\/\\\/i0.wp.com\\\/prinz-ks.com\\\/wp-content\\\/uploads\\\/2023\\\/03\\\/prinz-alte-marille-1_0l_2.png?fit=700%2C700&ssl=1\",\"datePublished\":\"2023-03-28T10:40:46+00:00\",\"dateModified\":\"2026-04-15T16:29:46+00:00\",\"breadcrumb\":{\"@id\":\"https:\\\/\\\/prinz-ks.com\\\/product\\\/alte-marille\\\/#breadcrumb\"},\"inLanguage\":\"sq\",\"potentialAction\":[{\"@type\":\"ReadAction\",\"target\":[\"https:\\\/\\\/prinz-ks.com\\\/product\\\/alte-marille\\\/\"]}]},{\"@type\":\"ImageObject\",\"inLanguage\":\"sq\",\"@id\":\"https:\\\/\\\/prinz-ks.com\\\/product\\\/alte-marille\\\/#primaryimage\",\"url\":\"https:\\\/\\\/i0.wp.com\\\/prinz-ks.com\\\/wp-content\\\/uploads\\\/2023\\\/03\\\/prinz-alte-marille-1_0l_2.png?fit=700%2C700&ssl=1\",\"contentUrl\":\"https:\\\/\\\/i0.wp.com\\\/prinz-ks.com\\\/wp-content\\\/uploads\\\/2023\\\/03\\\/prinz-alte-marille-1_0l_2.png?fit=700%2C700&ssl=1\",\"width\":700,\"height\":700},{\"@type\":\"BreadcrumbList\",\"@id\":\"https:\\\/\\\/prinz-ks.com\\\/product\\\/alte-marille\\\/#breadcrumb\",\"itemListElement\":[{\"@type\":\"ListItem\",\"position\":1,\"name\":\"Home\",\"item\":\"https:\\\/\\\/prinz-ks.com\\\/\"},{\"@type\":\"ListItem\",\"position\":2,\"name\":\"Shop\",\"item\":\"https:\\\/\\\/prinz-ks.com\\\/shop\\\/\"},{\"@type\":\"ListItem\",\"position\":3,\"name\":\"Alte Marille- KAJSI\"}]},{\"@type\":\"WebSite\",\"@id\":\"https:\\\/\\\/prinz-ks.com\\\/#website\",\"url\":\"https:\\\/\\\/prinz-ks.com\\\/\",\"name\":\"Prinz\",\"description\":\"Prinz | Faqja momentalisht \u00ebsht\u00eb n\u00eb p\u00ebrpunim\",\"publisher\":{\"@id\":\"https:\\\/\\\/prinz-ks.com\\\/#organization\"},\"potentialAction\":[{\"@type\":\"SearchAction\",\"target\":{\"@type\":\"EntryPoint\",\"urlTemplate\":\"https:\\\/\\\/prinz-ks.com\\\/?s={search_term_string}\"},\"query-input\":{\"@type\":\"PropertyValueSpecification\",\"valueRequired\":true,\"valueName\":\"search_term_string\"}}],\"inLanguage\":\"sq\"},{\"@type\":\"Organization\",\"@id\":\"https:\\\/\\\/prinz-ks.com\\\/#organization\",\"name\":\"Prinz\",\"url\":\"https:\\\/\\\/prinz-ks.com\\\/\",\"logo\":{\"@type\":\"ImageObject\",\"inLanguage\":\"sq\",\"@id\":\"https:\\\/\\\/prinz-ks.com\\\/#\\\/schema\\\/logo\\\/image\\\/\",\"url\":\"https:\\\/\\\/prinz-ks.com\\\/wp-content\\\/uploads\\\/2023\\\/02\\\/logo.svg\",\"contentUrl\":\"https:\\\/\\\/prinz-ks.com\\\/wp-content\\\/uploads\\\/2023\\\/02\\\/logo.svg\",\"width\":350,\"height\":266,\"caption\":\"Prinz\"},\"image\":{\"@id\":\"https:\\\/\\\/prinz-ks.com\\\/#\\\/schema\\\/logo\\\/image\\\/\"}}]}<\/script>\n<!-- \/ Yoast SEO plugin. -->","yoast_head_json":{"title":"Alte Marille- KAJSI - Prinz","robots":{"index":"index","follow":"follow","max-snippet":"max-snippet:-1","max-image-preview":"max-image-preview:large","max-video-preview":"max-video-preview:-1"},"canonical":"https:\/\/prinz-ks.com\/sq\/produkt\/alte-marille\/","og_locale":"sq_AL","og_type":"article","og_title":"Alte Marille- KAJSI - Prinz","og_description":"NJ\u00cb RAKI P\u00cbR T\u00cb GJITHA SHQISAT P\u00ebr shkak t\u00eb ruajtjes n\u00eb fu\u00e7i prej druri, kajsia e vjet\u00ebr magjeps me ngjyr\u00ebn e saj t\u00eb bukur t\u00eb verdh\u00eb t\u00eb art\u00eb. N\u00eb hund\u00eb, specialiteti i kajsis\u00eb ofron nj\u00eb p\u00ebrvoj\u00eb t\u00eb v\u00ebrtet\u00eb aromatike. Tep\u00ebr frutore me nota varietale, paksa lulesh. Tonet karakteristike me trup t\u00eb plot\u00eb shpalosen m\u00eb pas n\u00eb shije me nj\u00eb \u00ebmb\u00eblsi delikate dhe not\u00eb fu\u00e7i lisi. Shija e but\u00eb dhe megjithat\u00eb e mrekullueshme frute ruhet n\u00eb fund.","og_url":"https:\/\/prinz-ks.com\/sq\/produkt\/alte-marille\/","og_site_name":"Prinz","article_modified_time":"2026-04-15T16:29:46+00:00","og_image":[{"width":700,"height":700,"url":"https:\/\/prinz-ks.com\/wp-content\/uploads\/2023\/03\/prinz-alte-marille-1_0l_2.png","type":"image\/png"}],"twitter_card":"summary_large_image","twitter_misc":{"Est. reading time":"2 minuta"},"schema":{"@context":"https:\/\/schema.org","@graph":[{"@type":"WebPage","@id":"https:\/\/prinz-ks.com\/product\/alte-marille\/","url":"https:\/\/prinz-ks.com\/product\/alte-marille\/","name":"Alte Marille- KAJSI - Prinz","isPartOf":{"@id":"https:\/\/prinz-ks.com\/#website"},"primaryImageOfPage":{"@id":"https:\/\/prinz-ks.com\/product\/alte-marille\/#primaryimage"},"image":{"@id":"https:\/\/prinz-ks.com\/product\/alte-marille\/#primaryimage"},"thumbnailUrl":"https:\/\/i0.wp.com\/prinz-ks.com\/wp-content\/uploads\/2023\/03\/prinz-alte-marille-1_0l_2.png?fit=700%2C700&ssl=1","datePublished":"2023-03-28T10:40:46+00:00","dateModified":"2026-04-15T16:29:46+00:00","breadcrumb":{"@id":"https:\/\/prinz-ks.com\/product\/alte-marille\/#breadcrumb"},"inLanguage":"sq","potentialAction":[{"@type":"ReadAction","target":["https:\/\/prinz-ks.com\/product\/alte-marille\/"]}]},{"@type":"ImageObject","inLanguage":"sq","@id":"https:\/\/prinz-ks.com\/product\/alte-marille\/#primaryimage","url":"https:\/\/i0.wp.com\/prinz-ks.com\/wp-content\/uploads\/2023\/03\/prinz-alte-marille-1_0l_2.png?fit=700%2C700&ssl=1","contentUrl":"https:\/\/i0.wp.com\/prinz-ks.com\/wp-content\/uploads\/2023\/03\/prinz-alte-marille-1_0l_2.png?fit=700%2C700&ssl=1","width":700,"height":700},{"@type":"BreadcrumbList","@id":"https:\/\/prinz-ks.com\/product\/alte-marille\/#breadcrumb","itemListElement":[{"@type":"ListItem","position":1,"name":"Home","item":"https:\/\/prinz-ks.com\/"},{"@type":"ListItem","position":2,"name":"Shop","item":"https:\/\/prinz-ks.com\/shop\/"},{"@type":"ListItem","position":3,"name":"Alte Marille- KAJSI"}]},{"@type":"WebSite","@id":"https:\/\/prinz-ks.com\/#website","url":"https:\/\/prinz-ks.com\/","name":"Prinz","description":"Prinz | Faqja momentalisht \u00ebsht\u00eb n\u00eb p\u00ebrpunim","publisher":{"@id":"https:\/\/prinz-ks.com\/#organization"},"potentialAction":[{"@type":"SearchAction","target":{"@type":"EntryPoint","urlTemplate":"https:\/\/prinz-ks.com\/?s={search_term_string}"},"query-input":{"@type":"PropertyValueSpecification","valueRequired":true,"valueName":"search_term_string"}}],"inLanguage":"sq"},{"@type":"Organization","@id":"https:\/\/prinz-ks.com\/#organization","name":"Prinz","url":"https:\/\/prinz-ks.com\/","logo":{"@type":"ImageObject","inLanguage":"sq","@id":"https:\/\/prinz-ks.com\/#\/schema\/logo\/image\/","url":"https:\/\/prinz-ks.com\/wp-content\/uploads\/2023\/02\/logo.svg","contentUrl":"https:\/\/prinz-ks.com\/wp-content\/uploads\/2023\/02\/logo.svg","width":350,"height":266,"caption":"Prinz"},"image":{"@id":"https:\/\/prinz-ks.com\/#\/schema\/logo\/image\/"}}]}},"jetpack_sharing_enabled":true,"_links":{"self":[{"href":"https:\/\/prinz-ks.com\/sq\/wp-json\/wp\/v2\/product\/596","targetHints":{"allow":["GET"]}}],"collection":[{"href":"https:\/\/prinz-ks.com\/sq\/wp-json\/wp\/v2\/product"}],"about":[{"href":"https:\/\/prinz-ks.com\/sq\/wp-json\/wp\/v2\/types\/product"}],"replies":[{"embeddable":true,"href":"https:\/\/prinz-ks.com\/sq\/wp-json\/wp\/v2\/comments?post=596"}],"wp:featuredmedia":[{"embeddable":true,"href":"https:\/\/prinz-ks.com\/sq\/wp-json\/wp\/v2\/media\/597"}],"wp:attachment":[{"href":"https:\/\/prinz-ks.com\/sq\/wp-json\/wp\/v2\/media?parent=596"}],"wp:term":[{"taxonomy":"product_brand","embeddable":true,"href":"https:\/\/prinz-ks.com\/sq\/wp-json\/wp\/v2\/product_brand?post=596"},{"taxonomy":"product_cat","embeddable":true,"href":"https:\/\/prinz-ks.com\/sq\/wp-json\/wp\/v2\/product_cat?post=596"},{"taxonomy":"product_tag","embeddable":true,"href":"https:\/\/prinz-ks.com\/sq\/wp-json\/wp\/v2\/product_tag?post=596"}],"curies":[{"name":"wp","href":"https:\/\/api.w.org\/{rel}","templated":true}]}}