{"id":652,"date":"2023-03-28T19:49:11","date_gmt":"2023-03-28T19:49:11","guid":{"rendered":"http:\/\/prinz-ks.com\/?post_type=product&#038;p=652"},"modified":"2026-04-15T16:32:47","modified_gmt":"2026-04-15T16:32:47","slug":"caramel-cream-17-vol","status":"publish","type":"product","link":"https:\/\/prinz-ks.com\/sq\/produkt\/caramel-cream-17-vol\/","title":{"rendered":"CARAMEL CREAM LIKER 17 % VOL"},"content":{"rendered":"<p>0.5L<\/p>\n<p>KARAMEL LIKER<br \/>\n<em>Karamel Liker kremoz delikate me nj\u00eb shije intensive t\u00eb bonbonit karamel dhe<\/em><br \/>\n<em>Nota e kripur harmonizohet mrekullisht me \u00ebmb\u00eblsin\u00eb kremoze.<\/em><br \/>\n<em>B\u00ebr\u00eb nga qum\u00ebshti i fresk\u00ebt austriak, masa m\u00eb e mir\u00eb e karamelit dhe pak fleur de sel.<\/em><\/p>\n<p>Edicion Special &#8211;<br \/>\nK\u00ebnaq\u00ebsi delikate kremoze ME NJ\u00cb NOT\u00cb T\u00cb LEHT\u00cb KRIPE<\/p>\n<p><em>Kremi yn\u00eb me karamel t\u00eb kripur ka shije si nj\u00eb bonbon karamel q\u00eb shkrihet but\u00ebsisht &#8211; jo shum\u00eb i \u00ebmb\u00ebl, kremoz dhe plot shije; Krem n\u00eb fund, me nj\u00eb ndjesi t\u00eb k\u00ebndshme n\u00eb gjuh\u00eb&#8230; \u00cbmb\u00eblsia kremoze e karamelit me nj\u00eb maj\u00eb fleur de sel \u00e7on n\u00eb nj\u00eb shp\u00ebrthim t\u00eb v\u00ebrtet\u00eb shije n\u00eb qiellz.<\/em><\/p>\n<p>NJ\u00cb LIKER ME P\u00cbRB\u00cbR\u00cbS UNIK DHE TRUP T\u00cb PLOT\u00cb<\/p>\n<p><em>Me likerin e karamelit t\u00eb kripur, ne kemi krijuar nj\u00eb liker unik kremi t\u00eb b\u00ebr\u00eb nga p\u00ebrb\u00ebr\u00ebsit m\u00eb t\u00eb mir\u00eb: nj\u00eb mas\u00eb karamele e b\u00ebr\u00eb me shum\u00eb kujdes, e rafinuar me qum\u00ebsht austriak dhe nj\u00eb mas\u00eb t\u00eb but\u00eb 17% vol. alkool.<\/em><\/p>\n<p><em>Vet\u00ebm kjo do t\u00eb ishte nj\u00eb k\u00ebnaq\u00ebsi &#8211; por ne kemi menduar di\u00e7ka t\u00eb ve\u00e7ant\u00eb!<\/em><\/p>\n<p>&#8220;LULE E KRIP\u00cbS&#8221; N\u00cb LIKERIN TON\u00cb<\/p>\n<p><em>Gustator\u00ebt e njohin dhe e duan at\u00eb: Fleur de Sel, i njohur gjithashtu si lulja e krip\u00ebs, \u00ebsht\u00eb nj\u00eb lloj krip\u00eb deti shum\u00eb e ve\u00e7ant\u00eb: Procesi i gjat\u00eb i prodhimit e b\u00ebn at\u00eb nj\u00eb krip\u00eb t\u00eb vlefsh\u00ebm. Uji i detit avullon n\u00eb diell n\u00eb k\u00ebnetat e kripura t\u00eb krijuara posa\u00e7\u00ebrisht. Kripa kristalizohet n\u00eb sip\u00ebrfaqe, m\u00eb pas hiqet me dor\u00eb me nj\u00eb grabuj\u00eb druri dhe transportohet tek ne. N\u00eb kuzhin\u00ebn ton\u00eb t\u00eb likerit, Fleur de Sel plot\u00ebson kremin ton\u00eb t\u00eb karamelit t\u00eb kripur.<\/em><\/p>\n<p><em>Shijoni k\u00ebt\u00eb liker t\u00eb ve\u00e7ant\u00eb dhe unik!<\/em><\/p>\n<p><em>Rekomandimi yn\u00eb p\u00ebr pije: i ftohur mir\u00eb, n\u00eb akull, n\u00eb got\u00ebn e re t\u00eb Prinz.<\/em><\/p>","protected":false},"excerpt":{"rendered":"<p>NJ\u00cb LIKER ME P\u00cbRB\u00cbR\u00cbS UNIK DHE TRUP T\u00cb PLOT\u00cb<\/p>\n<p><em>Me likerin e karamelit t\u00eb kripur, ne kemi krijuar nj\u00eb liker unik kremi t\u00eb b\u00ebr\u00eb nga p\u00ebrb\u00ebr\u00ebsit m\u00eb t\u00eb mir\u00eb: nj\u00eb mas\u00eb karamele e b\u00ebr\u00eb me shum\u00eb kujdes, e rafinuar me qum\u00ebsht austriak dhe nj\u00eb mas\u00eb t\u00eb but\u00eb 17% vol. alkool.<\/em><\/p>\n<p><em>Vet\u00ebm kjo do t\u00eb ishte nj\u00eb k\u00ebnaq\u00ebsi &#8211; por ne kemi menduar di\u00e7ka t\u00eb ve\u00e7ant\u00eb! Lexo m\u00eb posht\u00eb\u00a0<\/em><\/p>","protected":false},"featured_media":653,"comment_status":"open","ping_status":"closed","template":"","meta":{"nf_dc_page":"","om_disable_all_campaigns":false,"_monsterinsights_skip_tracking":false,"_monsterinsights_sitenote_active":false,"_monsterinsights_sitenote_note":"","_monsterinsights_sitenote_category":0,"site-sidebar-layout":"default","site-content-layout":"default","ast-site-content-layout":"default","site-content-style":"default","site-sidebar-style":"default","ast-global-header-display":"","ast-banner-title-visibility":"","ast-main-header-display":"","ast-hfb-above-header-display":"","ast-hfb-below-header-display":"","ast-hfb-mobile-header-display":"","site-post-title":"","ast-breadcrumbs-content":"","ast-featured-img":"","footer-sml-layout":"","ast-disable-related-posts":"","theme-transparent-header-meta":"default","adv-header-id-meta":"","stick-header-meta":"","header-above-stick-meta":"","header-main-stick-meta":"","header-below-stick-meta":"","astra-migrate-meta-layouts":"set","ast-page-background-enabled":"default","ast-page-background-meta":{"desktop":{"background-color":"","background-image":"","background-repeat":"repeat","background-position":"center center","background-size":"auto","background-attachment":"scroll","background-type":"","background-media":"","overlay-type":"","overlay-color":"","overlay-opacity":"","overlay-gradient":""},"tablet":{"background-color":"","background-image":"","background-repeat":"repeat","background-position":"center center","background-size":"auto","background-attachment":"scroll","background-type":"","background-media":"","overlay-type":"","overlay-color":"","overlay-opacity":"","overlay-gradient":""},"mobile":{"background-color":"","background-image":"","background-repeat":"repeat","background-position":"center center","background-size":"auto","background-attachment":"scroll","background-type":"","background-media":"","overlay-type":"","overlay-color":"","overlay-opacity":"","overlay-gradient":""}},"ast-content-background-meta":{"desktop":{"background-color":"var(--ast-global-color-5)","background-image":"","background-repeat":"repeat","background-position":"center center","background-size":"auto","background-attachment":"scroll","background-type":"","background-media":"","overlay-type":"","overlay-color":"","overlay-opacity":"","overlay-gradient":""},"tablet":{"background-color":"var(--ast-global-color-5)","background-image":"","background-repeat":"repeat","background-position":"center center","background-size":"auto","background-attachment":"scroll","background-type":"","background-media":"","overlay-type":"","overlay-color":"","overlay-opacity":"","overlay-gradient":""},"mobile":{"background-color":"var(--ast-global-color-5)","background-image":"","background-repeat":"repeat","background-position":"center center","background-size":"auto","background-attachment":"scroll","background-type":"","background-media":"","overlay-type":"","overlay-color":"","overlay-opacity":"","overlay-gradient":""}}},"product_brand":[],"product_cat":[21],"product_tag":[],"class_list":{"0":"post-652","1":"product","2":"type-product","3":"status-publish","4":"has-post-thumbnail","6":"product_cat-likore-creams","7":"desktop-align-left","8":"tablet-align-left","9":"mobile-align-left","11":"first","12":"instock","13":"shipping-taxable","14":"purchasable","15":"product-type-simple"},"yoast_head":"<!-- This site is optimized with the Yoast SEO plugin v27.5 - https:\/\/yoast.com\/product\/yoast-seo-wordpress\/ -->\n<title>CARAMEL CREAM LIKER 17 % VOL - Prinz<\/title>\n<meta name=\"robots\" content=\"index, follow, max-snippet:-1, max-image-preview:large, max-video-preview:-1\" \/>\n<link rel=\"canonical\" href=\"https:\/\/prinz-ks.com\/sq\/produkt\/caramel-cream-17-vol\/\" \/>\n<meta property=\"og:locale\" content=\"sq_AL\" \/>\n<meta property=\"og:type\" content=\"article\" \/>\n<meta property=\"og:title\" content=\"CARAMEL CREAM LIKER 17 % VOL - Prinz\" \/>\n<meta property=\"og:description\" content=\"NJ\u00cb LIKER ME P\u00cbRB\u00cbR\u00cbS UNIK DHE TRUP T\u00cb PLOT\u00cb  Me likerin e karamelit t\u00eb kripur, ne kemi krijuar nj\u00eb liker unik kremi t\u00eb b\u00ebr\u00eb nga p\u00ebrb\u00ebr\u00ebsit m\u00eb t\u00eb mir\u00eb: nj\u00eb mas\u00eb karamele e b\u00ebr\u00eb me shum\u00eb kujdes, e rafinuar me qum\u00ebsht austriak dhe nj\u00eb mas\u00eb t\u00eb but\u00eb 17% vol. alkool.  Vet\u00ebm kjo do t\u00eb ishte nj\u00eb k\u00ebnaq\u00ebsi - por ne kemi menduar di\u00e7ka t\u00eb ve\u00e7ant\u00eb! Lexo m\u00eb posht\u00eb\u00a0\" \/>\n<meta property=\"og:url\" content=\"https:\/\/prinz-ks.com\/sq\/produkt\/caramel-cream-17-vol\/\" \/>\n<meta property=\"og:site_name\" content=\"Prinz\" \/>\n<meta property=\"article:modified_time\" content=\"2026-04-15T16:32:47+00:00\" \/>\n<meta property=\"og:image\" content=\"https:\/\/prinz-ks.com\/wp-content\/uploads\/2023\/03\/prinz-salted-caramel-cream-0_5l_2_1.png\" \/>\n\t<meta property=\"og:image:width\" content=\"700\" \/>\n\t<meta property=\"og:image:height\" content=\"700\" \/>\n\t<meta property=\"og:image:type\" content=\"image\/png\" \/>\n<meta name=\"twitter:card\" content=\"summary_large_image\" \/>\n<meta name=\"twitter:label1\" content=\"Est. reading time\" \/>\n\t<meta name=\"twitter:data1\" content=\"2 minuta\" \/>\n<script type=\"application\/ld+json\" class=\"yoast-schema-graph\">{\"@context\":\"https:\\\/\\\/schema.org\",\"@graph\":[{\"@type\":\"WebPage\",\"@id\":\"https:\\\/\\\/prinz-ks.com\\\/product\\\/caramel-cream-17-vol\\\/\",\"url\":\"https:\\\/\\\/prinz-ks.com\\\/product\\\/caramel-cream-17-vol\\\/\",\"name\":\"CARAMEL CREAM LIKER 17 % VOL - Prinz\",\"isPartOf\":{\"@id\":\"https:\\\/\\\/prinz-ks.com\\\/#website\"},\"primaryImageOfPage\":{\"@id\":\"https:\\\/\\\/prinz-ks.com\\\/product\\\/caramel-cream-17-vol\\\/#primaryimage\"},\"image\":{\"@id\":\"https:\\\/\\\/prinz-ks.com\\\/product\\\/caramel-cream-17-vol\\\/#primaryimage\"},\"thumbnailUrl\":\"https:\\\/\\\/i0.wp.com\\\/prinz-ks.com\\\/wp-content\\\/uploads\\\/2023\\\/03\\\/prinz-salted-caramel-cream-0_5l_2_1.png?fit=700%2C700&ssl=1\",\"datePublished\":\"2023-03-28T19:49:11+00:00\",\"dateModified\":\"2026-04-15T16:32:47+00:00\",\"breadcrumb\":{\"@id\":\"https:\\\/\\\/prinz-ks.com\\\/product\\\/caramel-cream-17-vol\\\/#breadcrumb\"},\"inLanguage\":\"sq\",\"potentialAction\":[{\"@type\":\"ReadAction\",\"target\":[\"https:\\\/\\\/prinz-ks.com\\\/product\\\/caramel-cream-17-vol\\\/\"]}]},{\"@type\":\"ImageObject\",\"inLanguage\":\"sq\",\"@id\":\"https:\\\/\\\/prinz-ks.com\\\/product\\\/caramel-cream-17-vol\\\/#primaryimage\",\"url\":\"https:\\\/\\\/i0.wp.com\\\/prinz-ks.com\\\/wp-content\\\/uploads\\\/2023\\\/03\\\/prinz-salted-caramel-cream-0_5l_2_1.png?fit=700%2C700&ssl=1\",\"contentUrl\":\"https:\\\/\\\/i0.wp.com\\\/prinz-ks.com\\\/wp-content\\\/uploads\\\/2023\\\/03\\\/prinz-salted-caramel-cream-0_5l_2_1.png?fit=700%2C700&ssl=1\",\"width\":700,\"height\":700},{\"@type\":\"BreadcrumbList\",\"@id\":\"https:\\\/\\\/prinz-ks.com\\\/product\\\/caramel-cream-17-vol\\\/#breadcrumb\",\"itemListElement\":[{\"@type\":\"ListItem\",\"position\":1,\"name\":\"Home\",\"item\":\"https:\\\/\\\/prinz-ks.com\\\/\"},{\"@type\":\"ListItem\",\"position\":2,\"name\":\"Shop\",\"item\":\"https:\\\/\\\/prinz-ks.com\\\/shop\\\/\"},{\"@type\":\"ListItem\",\"position\":3,\"name\":\"CARAMEL CREAM LIKER 17 % VOL\"}]},{\"@type\":\"WebSite\",\"@id\":\"https:\\\/\\\/prinz-ks.com\\\/#website\",\"url\":\"https:\\\/\\\/prinz-ks.com\\\/\",\"name\":\"Prinz\",\"description\":\"Prinz | Faqja momentalisht \u00ebsht\u00eb n\u00eb p\u00ebrpunim\",\"publisher\":{\"@id\":\"https:\\\/\\\/prinz-ks.com\\\/#organization\"},\"potentialAction\":[{\"@type\":\"SearchAction\",\"target\":{\"@type\":\"EntryPoint\",\"urlTemplate\":\"https:\\\/\\\/prinz-ks.com\\\/?s={search_term_string}\"},\"query-input\":{\"@type\":\"PropertyValueSpecification\",\"valueRequired\":true,\"valueName\":\"search_term_string\"}}],\"inLanguage\":\"sq\"},{\"@type\":\"Organization\",\"@id\":\"https:\\\/\\\/prinz-ks.com\\\/#organization\",\"name\":\"Prinz\",\"url\":\"https:\\\/\\\/prinz-ks.com\\\/\",\"logo\":{\"@type\":\"ImageObject\",\"inLanguage\":\"sq\",\"@id\":\"https:\\\/\\\/prinz-ks.com\\\/#\\\/schema\\\/logo\\\/image\\\/\",\"url\":\"https:\\\/\\\/prinz-ks.com\\\/wp-content\\\/uploads\\\/2023\\\/02\\\/logo.svg\",\"contentUrl\":\"https:\\\/\\\/prinz-ks.com\\\/wp-content\\\/uploads\\\/2023\\\/02\\\/logo.svg\",\"width\":350,\"height\":266,\"caption\":\"Prinz\"},\"image\":{\"@id\":\"https:\\\/\\\/prinz-ks.com\\\/#\\\/schema\\\/logo\\\/image\\\/\"}}]}<\/script>\n<!-- \/ Yoast SEO plugin. -->","yoast_head_json":{"title":"CARAMEL CREAM LIKER 17 % VOL - Prinz","robots":{"index":"index","follow":"follow","max-snippet":"max-snippet:-1","max-image-preview":"max-image-preview:large","max-video-preview":"max-video-preview:-1"},"canonical":"https:\/\/prinz-ks.com\/sq\/produkt\/caramel-cream-17-vol\/","og_locale":"sq_AL","og_type":"article","og_title":"CARAMEL CREAM LIKER 17 % VOL - Prinz","og_description":"NJ\u00cb LIKER ME P\u00cbRB\u00cbR\u00cbS UNIK DHE TRUP T\u00cb PLOT\u00cb  Me likerin e karamelit t\u00eb kripur, ne kemi krijuar nj\u00eb liker unik kremi t\u00eb b\u00ebr\u00eb nga p\u00ebrb\u00ebr\u00ebsit m\u00eb t\u00eb mir\u00eb: nj\u00eb mas\u00eb karamele e b\u00ebr\u00eb me shum\u00eb kujdes, e rafinuar me qum\u00ebsht austriak dhe nj\u00eb mas\u00eb t\u00eb but\u00eb 17% vol. alkool.  Vet\u00ebm kjo do t\u00eb ishte nj\u00eb k\u00ebnaq\u00ebsi - por ne kemi menduar di\u00e7ka t\u00eb ve\u00e7ant\u00eb! Lexo m\u00eb posht\u00eb\u00a0","og_url":"https:\/\/prinz-ks.com\/sq\/produkt\/caramel-cream-17-vol\/","og_site_name":"Prinz","article_modified_time":"2026-04-15T16:32:47+00:00","og_image":[{"width":700,"height":700,"url":"https:\/\/prinz-ks.com\/wp-content\/uploads\/2023\/03\/prinz-salted-caramel-cream-0_5l_2_1.png","type":"image\/png"}],"twitter_card":"summary_large_image","twitter_misc":{"Est. reading time":"2 minuta"},"schema":{"@context":"https:\/\/schema.org","@graph":[{"@type":"WebPage","@id":"https:\/\/prinz-ks.com\/product\/caramel-cream-17-vol\/","url":"https:\/\/prinz-ks.com\/product\/caramel-cream-17-vol\/","name":"CARAMEL CREAM LIKER 17 % VOL - Prinz","isPartOf":{"@id":"https:\/\/prinz-ks.com\/#website"},"primaryImageOfPage":{"@id":"https:\/\/prinz-ks.com\/product\/caramel-cream-17-vol\/#primaryimage"},"image":{"@id":"https:\/\/prinz-ks.com\/product\/caramel-cream-17-vol\/#primaryimage"},"thumbnailUrl":"https:\/\/i0.wp.com\/prinz-ks.com\/wp-content\/uploads\/2023\/03\/prinz-salted-caramel-cream-0_5l_2_1.png?fit=700%2C700&ssl=1","datePublished":"2023-03-28T19:49:11+00:00","dateModified":"2026-04-15T16:32:47+00:00","breadcrumb":{"@id":"https:\/\/prinz-ks.com\/product\/caramel-cream-17-vol\/#breadcrumb"},"inLanguage":"sq","potentialAction":[{"@type":"ReadAction","target":["https:\/\/prinz-ks.com\/product\/caramel-cream-17-vol\/"]}]},{"@type":"ImageObject","inLanguage":"sq","@id":"https:\/\/prinz-ks.com\/product\/caramel-cream-17-vol\/#primaryimage","url":"https:\/\/i0.wp.com\/prinz-ks.com\/wp-content\/uploads\/2023\/03\/prinz-salted-caramel-cream-0_5l_2_1.png?fit=700%2C700&ssl=1","contentUrl":"https:\/\/i0.wp.com\/prinz-ks.com\/wp-content\/uploads\/2023\/03\/prinz-salted-caramel-cream-0_5l_2_1.png?fit=700%2C700&ssl=1","width":700,"height":700},{"@type":"BreadcrumbList","@id":"https:\/\/prinz-ks.com\/product\/caramel-cream-17-vol\/#breadcrumb","itemListElement":[{"@type":"ListItem","position":1,"name":"Home","item":"https:\/\/prinz-ks.com\/"},{"@type":"ListItem","position":2,"name":"Shop","item":"https:\/\/prinz-ks.com\/shop\/"},{"@type":"ListItem","position":3,"name":"CARAMEL CREAM LIKER 17 % VOL"}]},{"@type":"WebSite","@id":"https:\/\/prinz-ks.com\/#website","url":"https:\/\/prinz-ks.com\/","name":"Prinz","description":"Prinz | Faqja momentalisht \u00ebsht\u00eb n\u00eb p\u00ebrpunim","publisher":{"@id":"https:\/\/prinz-ks.com\/#organization"},"potentialAction":[{"@type":"SearchAction","target":{"@type":"EntryPoint","urlTemplate":"https:\/\/prinz-ks.com\/?s={search_term_string}"},"query-input":{"@type":"PropertyValueSpecification","valueRequired":true,"valueName":"search_term_string"}}],"inLanguage":"sq"},{"@type":"Organization","@id":"https:\/\/prinz-ks.com\/#organization","name":"Prinz","url":"https:\/\/prinz-ks.com\/","logo":{"@type":"ImageObject","inLanguage":"sq","@id":"https:\/\/prinz-ks.com\/#\/schema\/logo\/image\/","url":"https:\/\/prinz-ks.com\/wp-content\/uploads\/2023\/02\/logo.svg","contentUrl":"https:\/\/prinz-ks.com\/wp-content\/uploads\/2023\/02\/logo.svg","width":350,"height":266,"caption":"Prinz"},"image":{"@id":"https:\/\/prinz-ks.com\/#\/schema\/logo\/image\/"}}]}},"jetpack_sharing_enabled":true,"_links":{"self":[{"href":"https:\/\/prinz-ks.com\/sq\/wp-json\/wp\/v2\/product\/652","targetHints":{"allow":["GET"]}}],"collection":[{"href":"https:\/\/prinz-ks.com\/sq\/wp-json\/wp\/v2\/product"}],"about":[{"href":"https:\/\/prinz-ks.com\/sq\/wp-json\/wp\/v2\/types\/product"}],"replies":[{"embeddable":true,"href":"https:\/\/prinz-ks.com\/sq\/wp-json\/wp\/v2\/comments?post=652"}],"wp:featuredmedia":[{"embeddable":true,"href":"https:\/\/prinz-ks.com\/sq\/wp-json\/wp\/v2\/media\/653"}],"wp:attachment":[{"href":"https:\/\/prinz-ks.com\/sq\/wp-json\/wp\/v2\/media?parent=652"}],"wp:term":[{"taxonomy":"product_brand","embeddable":true,"href":"https:\/\/prinz-ks.com\/sq\/wp-json\/wp\/v2\/product_brand?post=652"},{"taxonomy":"product_cat","embeddable":true,"href":"https:\/\/prinz-ks.com\/sq\/wp-json\/wp\/v2\/product_cat?post=652"},{"taxonomy":"product_tag","embeddable":true,"href":"https:\/\/prinz-ks.com\/sq\/wp-json\/wp\/v2\/product_tag?post=652"}],"curies":[{"name":"wp","href":"https:\/\/api.w.org\/{rel}","templated":true}]}}