{"id":715,"date":"2023-05-26T17:35:51","date_gmt":"2023-05-26T17:35:51","guid":{"rendered":"http:\/\/prinz-ks.com\/?post_type=product&#038;p=715"},"modified":"2026-04-15T16:36:07","modified_gmt":"2026-04-15T16:36:07","slug":"alte-waldhimbeere-mjeder-0-02l","status":"publish","type":"product","link":"https:\/\/prinz-ks.com\/sq\/produkt\/alte-waldhimbeere-mjeder-0-02l\/","title":{"rendered":"Alte Waldhimbeere- MJED\u00cbR 0.02l"},"content":{"rendered":"<p>0.02L<\/p>\n<p>AROM\u00cb INTENSIVE T\u00cb NDRYSHME T\u00cb FRUTAVE T\u00cb VOGLA T\u00cb PYLLIT<br \/>\n<em>\u00b7 Raki tipike intensive t\u00eb mjedr\u00ebs nga fu\u00e7i prej druri<\/em><br \/>\n<em>\u00b7 Distilohet dy her\u00eb n\u00eb nj\u00eb proces distilimi t\u00eb im\u00ebt<\/em><br \/>\n<em>\u00b7 Ruhet n\u00eb fu\u00e7i druri dhe rafinohet me ekstrakte frutash<\/em><br \/>\n<em>\u00b7 E k\u00ebndsh\u00ebm e \u00ebmb\u00ebl dhe tep\u00ebr aroma frutash n\u00eb nuhatje<\/em><\/p>\n<p>KARAKTERISTIKA DHE NGJYRA<br \/>\n<em>Kokrra e kuqe e gjithanshme me shijen e saj karakteristike t\u00eb fort\u00eb dhe ngjyr\u00ebn e kuqe t\u00eb ndezur \u00ebsht\u00eb nj\u00eb nga frutat m\u00eb t\u00eb njohura nga t\u00eb gjith\u00eb. N\u00eb mjedr\u00ebn ton\u00eb t\u00eb vjet\u00ebr pyjore, vetit\u00eb e saj t\u00eb imta frutash vijn\u00eb n\u00eb vetvete.<\/em><\/p>\n<p>ME EKSTRAKT NATYROR FRUTI<br \/>\n<em>Vjelja e mjedr\u00ebs s\u00eb eg\u00ebr zakonisht zgjat gjat\u00eb muajve t\u00eb ver\u00ebs deri n\u00eb shtator. Jan\u00eb gjithashtu nd\u00ebr frutat q\u00eb duhet t\u00eb p\u00ebrpunohen sa m\u00eb shpejt. Meqen\u00ebse manaferrat nuk kan\u00eb nj\u00eb p\u00ebrmbajtje t\u00eb lart\u00eb sheqeri, ato nuk shtypen, por macerohen &#8211; pra futen n\u00eb alkool. Aromat individuale t\u00eb frutave shp\u00ebrndahen dhe kalojn\u00eb n\u00eb alkool. Pastaj distilohet &#8211; dy her\u00eb, n\u00eb procesin e zakonsh\u00ebm t\u00eb distilimit fine Prinz. Pas disa vitesh pushimi n\u00eb en\u00eb balte, ne e ruajm\u00eb Distilatin me fruta intensive n\u00eb fu\u00e7i t\u00eb vogla druri Prinz dhe m\u00eb pas e p\u00ebrpunojm\u00eb me ekstrakte frutash natyrale.<\/em><\/p>\n<p>RAKI E MJEDR\u00cbS NGA FU\u00c7I PREJ DRURI<\/p>\n<p>K\u00cbNAQ\u00cbSI P\u00cbR SY DHE SHIJE<\/p>\n<p><em>Ngjyra e lidhur me fu\u00e7i vet\u00ebm me tonin e kuq\u00ebrremt\u00eb t\u00eb art\u00eb t\u00eb mjedr\u00ebs s\u00eb vjet\u00ebr \u00ebsht\u00eb thjesht e mrekullueshme. Aroma me intensitet varietal ju b\u00ebn menj\u00ebher\u00eb t\u00eb mendoni p\u00ebr manaferrat e pjekura nga dielli n\u00eb shkurre. Potenciali i plot\u00eb i frutave m\u00eb n\u00eb fund shpaloset n\u00eb shije: shija tipike e mjedr\u00ebs, nj\u00eb \u00ebmb\u00eblsi e k\u00ebndshme dhe nota e holl\u00eb e fu\u00e7is\u00eb s\u00eb lisit paksa si vanilje. Nj\u00eb p\u00ebrvoj\u00eb me manaferrat dhe nj\u00eb PATJET\u00cbR p\u00ebr t\u00eb gjith\u00eb dashamir\u00ebt e mjedr\u00ebs!<\/em><\/p>\n<p>Rekomandimi yn\u00eb p\u00ebr pije: Shijoni mjedr\u00ebn e vjet\u00ebr t\u00eb pyllit si tret\u00ebs n\u00eb nj\u00eb temperatur\u00eb nd\u00ebrmjet 17 dhe 21 \u00b0C.<\/p>\n<p>Zbuloni m\u00eb shum\u00eb eksperienca t\u00eb shijes s\u00eb varieteteve t\u00eb vjetra &#8211; nga frutat deri te lajthia.<\/p>","protected":false},"excerpt":{"rendered":"<p>K\u00cbNAQ\u00cbSI P\u00cbR SY DHE SHIJE<\/p>\n<p><em>Ngjyra e lidhur me fu\u00e7i vet\u00ebm me tonin e kuq\u00ebrremt\u00eb t\u00eb art\u00eb t\u00eb mjedr\u00ebs s\u00eb vjet\u00ebr \u00ebsht\u00eb thjesht e mrekullueshme. Aroma me intensitet varietal ju b\u00ebn menj\u00ebher\u00eb t\u00eb mendoni p\u00ebr manaferrat e pjekura nga dielli n\u00eb shkurre. Potenciali i plot\u00eb i frutave m\u00eb n\u00eb fund shpaloset n\u00eb shije: shija tipike e mjedr\u00ebs, nj\u00eb \u00ebmb\u00eblsi e k\u00ebndshme dhe nota e holl\u00eb e fu\u00e7is\u00eb s\u00eb lisit paksa si vanilje. Nj\u00eb p\u00ebrvoj\u00eb me manaferrat dhe nj\u00eb PATJET\u00cbR p\u00ebr t\u00eb gjith\u00eb dashamir\u00ebt e mjedr\u00ebs!<\/em><\/p>","protected":false},"featured_media":812,"comment_status":"open","ping_status":"closed","template":"","meta":{"nf_dc_page":"","om_disable_all_campaigns":false,"_monsterinsights_skip_tracking":false,"_monsterinsights_sitenote_active":false,"_monsterinsights_sitenote_note":"","_monsterinsights_sitenote_category":0,"site-sidebar-layout":"default","site-content-layout":"default","ast-site-content-layout":"default","site-content-style":"default","site-sidebar-style":"default","ast-global-header-display":"","ast-banner-title-visibility":"","ast-main-header-display":"","ast-hfb-above-header-display":"","ast-hfb-below-header-display":"","ast-hfb-mobile-header-display":"","site-post-title":"","ast-breadcrumbs-content":"","ast-featured-img":"","footer-sml-layout":"","ast-disable-related-posts":"","theme-transparent-header-meta":"default","adv-header-id-meta":"","stick-header-meta":"","header-above-stick-meta":"","header-main-stick-meta":"","header-below-stick-meta":"","astra-migrate-meta-layouts":"set","ast-page-background-enabled":"default","ast-page-background-meta":{"desktop":{"background-color":"","background-image":"","background-repeat":"repeat","background-position":"center center","background-size":"auto","background-attachment":"scroll","background-type":"","background-media":"","overlay-type":"","overlay-color":"","overlay-opacity":"","overlay-gradient":""},"tablet":{"background-color":"","background-image":"","background-repeat":"repeat","background-position":"center center","background-size":"auto","background-attachment":"scroll","background-type":"","background-media":"","overlay-type":"","overlay-color":"","overlay-opacity":"","overlay-gradient":""},"mobile":{"background-color":"","background-image":"","background-repeat":"repeat","background-position":"center center","background-size":"auto","background-attachment":"scroll","background-type":"","background-media":"","overlay-type":"","overlay-color":"","overlay-opacity":"","overlay-gradient":""}},"ast-content-background-meta":{"desktop":{"background-color":"var(--ast-global-color-5)","background-image":"","background-repeat":"repeat","background-position":"center center","background-size":"auto","background-attachment":"scroll","background-type":"","background-media":"","overlay-type":"","overlay-color":"","overlay-opacity":"","overlay-gradient":""},"tablet":{"background-color":"var(--ast-global-color-5)","background-image":"","background-repeat":"repeat","background-position":"center center","background-size":"auto","background-attachment":"scroll","background-type":"","background-media":"","overlay-type":"","overlay-color":"","overlay-opacity":"","overlay-gradient":""},"mobile":{"background-color":"var(--ast-global-color-5)","background-image":"","background-repeat":"repeat","background-position":"center center","background-size":"auto","background-attachment":"scroll","background-type":"","background-media":"","overlay-type":"","overlay-color":"","overlay-opacity":"","overlay-gradient":""}}},"product_brand":[],"product_cat":[27],"product_tag":[],"class_list":{"0":"post-715","1":"product","2":"type-product","3":"status-publish","4":"has-post-thumbnail","6":"product_cat-miniaturat","7":"desktop-align-left","8":"tablet-align-left","9":"mobile-align-left","11":"first","12":"instock","13":"shipping-taxable","14":"purchasable","15":"product-type-simple"},"yoast_head":"<!-- This site is optimized with the Yoast SEO plugin v27.5 - https:\/\/yoast.com\/product\/yoast-seo-wordpress\/ -->\n<title>Alte Waldhimbeere- MJED\u00cbR 0.02l - Prinz<\/title>\n<meta name=\"robots\" content=\"index, follow, max-snippet:-1, max-image-preview:large, max-video-preview:-1\" \/>\n<link rel=\"canonical\" href=\"https:\/\/prinz-ks.com\/sq\/produkt\/alte-waldhimbeere-mjeder-0-02l\/\" \/>\n<meta property=\"og:locale\" content=\"sq_AL\" \/>\n<meta property=\"og:type\" content=\"article\" \/>\n<meta property=\"og:title\" content=\"Alte Waldhimbeere- MJED\u00cbR 0.02l - Prinz\" \/>\n<meta property=\"og:description\" content=\"K\u00cbNAQ\u00cbSI P\u00cbR SY DHE SHIJE  Ngjyra e lidhur me fu\u00e7i vet\u00ebm me tonin e kuq\u00ebrremt\u00eb t\u00eb art\u00eb t\u00eb mjedr\u00ebs s\u00eb vjet\u00ebr \u00ebsht\u00eb thjesht e mrekullueshme. Aroma me intensitet varietal ju b\u00ebn menj\u00ebher\u00eb t\u00eb mendoni p\u00ebr manaferrat e pjekura nga dielli n\u00eb shkurre. Potenciali i plot\u00eb i frutave m\u00eb n\u00eb fund shpaloset n\u00eb shije: shija tipike e mjedr\u00ebs, nj\u00eb \u00ebmb\u00eblsi e k\u00ebndshme dhe nota e holl\u00eb e fu\u00e7is\u00eb s\u00eb lisit paksa si vanilje. Nj\u00eb p\u00ebrvoj\u00eb me manaferrat dhe nj\u00eb PATJET\u00cbR p\u00ebr t\u00eb gjith\u00eb dashamir\u00ebt e mjedr\u00ebs!\" \/>\n<meta property=\"og:url\" content=\"https:\/\/prinz-ks.com\/sq\/produkt\/alte-waldhimbeere-mjeder-0-02l\/\" \/>\n<meta property=\"og:site_name\" content=\"Prinz\" \/>\n<meta property=\"article:modified_time\" content=\"2026-04-15T16:36:07+00:00\" \/>\n<meta property=\"og:image\" content=\"https:\/\/prinz-ks.com\/wp-content\/uploads\/2023\/06\/prinz-alte-wald-himbeere-0_02l_2.png\" \/>\n\t<meta property=\"og:image:width\" content=\"700\" \/>\n\t<meta property=\"og:image:height\" content=\"700\" \/>\n\t<meta property=\"og:image:type\" content=\"image\/png\" \/>\n<meta name=\"twitter:card\" content=\"summary_large_image\" \/>\n<meta name=\"twitter:label1\" content=\"Est. reading time\" \/>\n\t<meta name=\"twitter:data1\" content=\"2 minuta\" \/>\n<script type=\"application\/ld+json\" class=\"yoast-schema-graph\">{\"@context\":\"https:\\\/\\\/schema.org\",\"@graph\":[{\"@type\":\"WebPage\",\"@id\":\"https:\\\/\\\/prinz-ks.com\\\/product\\\/alte-waldhimbeere-mjeder-0-02l\\\/\",\"url\":\"https:\\\/\\\/prinz-ks.com\\\/product\\\/alte-waldhimbeere-mjeder-0-02l\\\/\",\"name\":\"Alte Waldhimbeere- MJED\u00cbR 0.02l - Prinz\",\"isPartOf\":{\"@id\":\"https:\\\/\\\/prinz-ks.com\\\/#website\"},\"primaryImageOfPage\":{\"@id\":\"https:\\\/\\\/prinz-ks.com\\\/product\\\/alte-waldhimbeere-mjeder-0-02l\\\/#primaryimage\"},\"image\":{\"@id\":\"https:\\\/\\\/prinz-ks.com\\\/product\\\/alte-waldhimbeere-mjeder-0-02l\\\/#primaryimage\"},\"thumbnailUrl\":\"https:\\\/\\\/i0.wp.com\\\/prinz-ks.com\\\/wp-content\\\/uploads\\\/2023\\\/06\\\/prinz-alte-wald-himbeere-0_02l_2.png?fit=700%2C700&ssl=1\",\"datePublished\":\"2023-05-26T17:35:51+00:00\",\"dateModified\":\"2026-04-15T16:36:07+00:00\",\"breadcrumb\":{\"@id\":\"https:\\\/\\\/prinz-ks.com\\\/product\\\/alte-waldhimbeere-mjeder-0-02l\\\/#breadcrumb\"},\"inLanguage\":\"sq\",\"potentialAction\":[{\"@type\":\"ReadAction\",\"target\":[\"https:\\\/\\\/prinz-ks.com\\\/product\\\/alte-waldhimbeere-mjeder-0-02l\\\/\"]}]},{\"@type\":\"ImageObject\",\"inLanguage\":\"sq\",\"@id\":\"https:\\\/\\\/prinz-ks.com\\\/product\\\/alte-waldhimbeere-mjeder-0-02l\\\/#primaryimage\",\"url\":\"https:\\\/\\\/i0.wp.com\\\/prinz-ks.com\\\/wp-content\\\/uploads\\\/2023\\\/06\\\/prinz-alte-wald-himbeere-0_02l_2.png?fit=700%2C700&ssl=1\",\"contentUrl\":\"https:\\\/\\\/i0.wp.com\\\/prinz-ks.com\\\/wp-content\\\/uploads\\\/2023\\\/06\\\/prinz-alte-wald-himbeere-0_02l_2.png?fit=700%2C700&ssl=1\",\"width\":700,\"height\":700},{\"@type\":\"BreadcrumbList\",\"@id\":\"https:\\\/\\\/prinz-ks.com\\\/product\\\/alte-waldhimbeere-mjeder-0-02l\\\/#breadcrumb\",\"itemListElement\":[{\"@type\":\"ListItem\",\"position\":1,\"name\":\"Home\",\"item\":\"https:\\\/\\\/prinz-ks.com\\\/\"},{\"@type\":\"ListItem\",\"position\":2,\"name\":\"Shop\",\"item\":\"https:\\\/\\\/prinz-ks.com\\\/shop\\\/\"},{\"@type\":\"ListItem\",\"position\":3,\"name\":\"Alte Waldhimbeere- MJED\u00cbR 0.02l\"}]},{\"@type\":\"WebSite\",\"@id\":\"https:\\\/\\\/prinz-ks.com\\\/#website\",\"url\":\"https:\\\/\\\/prinz-ks.com\\\/\",\"name\":\"Prinz\",\"description\":\"Prinz | Faqja momentalisht \u00ebsht\u00eb n\u00eb p\u00ebrpunim\",\"publisher\":{\"@id\":\"https:\\\/\\\/prinz-ks.com\\\/#organization\"},\"potentialAction\":[{\"@type\":\"SearchAction\",\"target\":{\"@type\":\"EntryPoint\",\"urlTemplate\":\"https:\\\/\\\/prinz-ks.com\\\/?s={search_term_string}\"},\"query-input\":{\"@type\":\"PropertyValueSpecification\",\"valueRequired\":true,\"valueName\":\"search_term_string\"}}],\"inLanguage\":\"sq\"},{\"@type\":\"Organization\",\"@id\":\"https:\\\/\\\/prinz-ks.com\\\/#organization\",\"name\":\"Prinz\",\"url\":\"https:\\\/\\\/prinz-ks.com\\\/\",\"logo\":{\"@type\":\"ImageObject\",\"inLanguage\":\"sq\",\"@id\":\"https:\\\/\\\/prinz-ks.com\\\/#\\\/schema\\\/logo\\\/image\\\/\",\"url\":\"https:\\\/\\\/prinz-ks.com\\\/wp-content\\\/uploads\\\/2023\\\/02\\\/logo.svg\",\"contentUrl\":\"https:\\\/\\\/prinz-ks.com\\\/wp-content\\\/uploads\\\/2023\\\/02\\\/logo.svg\",\"width\":350,\"height\":266,\"caption\":\"Prinz\"},\"image\":{\"@id\":\"https:\\\/\\\/prinz-ks.com\\\/#\\\/schema\\\/logo\\\/image\\\/\"}}]}<\/script>\n<!-- \/ Yoast SEO plugin. -->","yoast_head_json":{"title":"Alte Waldhimbeere- MJED\u00cbR 0.02l - Prinz","robots":{"index":"index","follow":"follow","max-snippet":"max-snippet:-1","max-image-preview":"max-image-preview:large","max-video-preview":"max-video-preview:-1"},"canonical":"https:\/\/prinz-ks.com\/sq\/produkt\/alte-waldhimbeere-mjeder-0-02l\/","og_locale":"sq_AL","og_type":"article","og_title":"Alte Waldhimbeere- MJED\u00cbR 0.02l - Prinz","og_description":"K\u00cbNAQ\u00cbSI P\u00cbR SY DHE SHIJE  Ngjyra e lidhur me fu\u00e7i vet\u00ebm me tonin e kuq\u00ebrremt\u00eb t\u00eb art\u00eb t\u00eb mjedr\u00ebs s\u00eb vjet\u00ebr \u00ebsht\u00eb thjesht e mrekullueshme. Aroma me intensitet varietal ju b\u00ebn menj\u00ebher\u00eb t\u00eb mendoni p\u00ebr manaferrat e pjekura nga dielli n\u00eb shkurre. Potenciali i plot\u00eb i frutave m\u00eb n\u00eb fund shpaloset n\u00eb shije: shija tipike e mjedr\u00ebs, nj\u00eb \u00ebmb\u00eblsi e k\u00ebndshme dhe nota e holl\u00eb e fu\u00e7is\u00eb s\u00eb lisit paksa si vanilje. Nj\u00eb p\u00ebrvoj\u00eb me manaferrat dhe nj\u00eb PATJET\u00cbR p\u00ebr t\u00eb gjith\u00eb dashamir\u00ebt e mjedr\u00ebs!","og_url":"https:\/\/prinz-ks.com\/sq\/produkt\/alte-waldhimbeere-mjeder-0-02l\/","og_site_name":"Prinz","article_modified_time":"2026-04-15T16:36:07+00:00","og_image":[{"width":700,"height":700,"url":"https:\/\/prinz-ks.com\/wp-content\/uploads\/2023\/06\/prinz-alte-wald-himbeere-0_02l_2.png","type":"image\/png"}],"twitter_card":"summary_large_image","twitter_misc":{"Est. reading time":"2 minuta"},"schema":{"@context":"https:\/\/schema.org","@graph":[{"@type":"WebPage","@id":"https:\/\/prinz-ks.com\/product\/alte-waldhimbeere-mjeder-0-02l\/","url":"https:\/\/prinz-ks.com\/product\/alte-waldhimbeere-mjeder-0-02l\/","name":"Alte Waldhimbeere- MJED\u00cbR 0.02l - Prinz","isPartOf":{"@id":"https:\/\/prinz-ks.com\/#website"},"primaryImageOfPage":{"@id":"https:\/\/prinz-ks.com\/product\/alte-waldhimbeere-mjeder-0-02l\/#primaryimage"},"image":{"@id":"https:\/\/prinz-ks.com\/product\/alte-waldhimbeere-mjeder-0-02l\/#primaryimage"},"thumbnailUrl":"https:\/\/i0.wp.com\/prinz-ks.com\/wp-content\/uploads\/2023\/06\/prinz-alte-wald-himbeere-0_02l_2.png?fit=700%2C700&ssl=1","datePublished":"2023-05-26T17:35:51+00:00","dateModified":"2026-04-15T16:36:07+00:00","breadcrumb":{"@id":"https:\/\/prinz-ks.com\/product\/alte-waldhimbeere-mjeder-0-02l\/#breadcrumb"},"inLanguage":"sq","potentialAction":[{"@type":"ReadAction","target":["https:\/\/prinz-ks.com\/product\/alte-waldhimbeere-mjeder-0-02l\/"]}]},{"@type":"ImageObject","inLanguage":"sq","@id":"https:\/\/prinz-ks.com\/product\/alte-waldhimbeere-mjeder-0-02l\/#primaryimage","url":"https:\/\/i0.wp.com\/prinz-ks.com\/wp-content\/uploads\/2023\/06\/prinz-alte-wald-himbeere-0_02l_2.png?fit=700%2C700&ssl=1","contentUrl":"https:\/\/i0.wp.com\/prinz-ks.com\/wp-content\/uploads\/2023\/06\/prinz-alte-wald-himbeere-0_02l_2.png?fit=700%2C700&ssl=1","width":700,"height":700},{"@type":"BreadcrumbList","@id":"https:\/\/prinz-ks.com\/product\/alte-waldhimbeere-mjeder-0-02l\/#breadcrumb","itemListElement":[{"@type":"ListItem","position":1,"name":"Home","item":"https:\/\/prinz-ks.com\/"},{"@type":"ListItem","position":2,"name":"Shop","item":"https:\/\/prinz-ks.com\/shop\/"},{"@type":"ListItem","position":3,"name":"Alte Waldhimbeere- MJED\u00cbR 0.02l"}]},{"@type":"WebSite","@id":"https:\/\/prinz-ks.com\/#website","url":"https:\/\/prinz-ks.com\/","name":"Prinz","description":"Prinz | Faqja momentalisht \u00ebsht\u00eb n\u00eb p\u00ebrpunim","publisher":{"@id":"https:\/\/prinz-ks.com\/#organization"},"potentialAction":[{"@type":"SearchAction","target":{"@type":"EntryPoint","urlTemplate":"https:\/\/prinz-ks.com\/?s={search_term_string}"},"query-input":{"@type":"PropertyValueSpecification","valueRequired":true,"valueName":"search_term_string"}}],"inLanguage":"sq"},{"@type":"Organization","@id":"https:\/\/prinz-ks.com\/#organization","name":"Prinz","url":"https:\/\/prinz-ks.com\/","logo":{"@type":"ImageObject","inLanguage":"sq","@id":"https:\/\/prinz-ks.com\/#\/schema\/logo\/image\/","url":"https:\/\/prinz-ks.com\/wp-content\/uploads\/2023\/02\/logo.svg","contentUrl":"https:\/\/prinz-ks.com\/wp-content\/uploads\/2023\/02\/logo.svg","width":350,"height":266,"caption":"Prinz"},"image":{"@id":"https:\/\/prinz-ks.com\/#\/schema\/logo\/image\/"}}]}},"jetpack_sharing_enabled":true,"_links":{"self":[{"href":"https:\/\/prinz-ks.com\/sq\/wp-json\/wp\/v2\/product\/715","targetHints":{"allow":["GET"]}}],"collection":[{"href":"https:\/\/prinz-ks.com\/sq\/wp-json\/wp\/v2\/product"}],"about":[{"href":"https:\/\/prinz-ks.com\/sq\/wp-json\/wp\/v2\/types\/product"}],"replies":[{"embeddable":true,"href":"https:\/\/prinz-ks.com\/sq\/wp-json\/wp\/v2\/comments?post=715"}],"wp:featuredmedia":[{"embeddable":true,"href":"https:\/\/prinz-ks.com\/sq\/wp-json\/wp\/v2\/media\/812"}],"wp:attachment":[{"href":"https:\/\/prinz-ks.com\/sq\/wp-json\/wp\/v2\/media?parent=715"}],"wp:term":[{"taxonomy":"product_brand","embeddable":true,"href":"https:\/\/prinz-ks.com\/sq\/wp-json\/wp\/v2\/product_brand?post=715"},{"taxonomy":"product_cat","embeddable":true,"href":"https:\/\/prinz-ks.com\/sq\/wp-json\/wp\/v2\/product_cat?post=715"},{"taxonomy":"product_tag","embeddable":true,"href":"https:\/\/prinz-ks.com\/sq\/wp-json\/wp\/v2\/product_tag?post=715"}],"curies":[{"name":"wp","href":"https:\/\/api.w.org\/{rel}","templated":true}]}}