{"id":718,"date":"2023-05-26T17:54:16","date_gmt":"2023-05-26T17:54:16","guid":{"rendered":"http:\/\/prinz-ks.com\/?post_type=product&#038;p=718"},"modified":"2026-04-15T16:35:56","modified_gmt":"2026-04-15T16:35:56","slug":"alte-haselnuss-lajthi-0-02l","status":"publish","type":"product","link":"https:\/\/prinz-ks.com\/sq\/produkt\/alte-haselnuss-lajthi-0-02l\/","title":{"rendered":"Alte Haselnuss -LAJTHI 0.02l"},"content":{"rendered":"<p>0.02L<\/p>\n<p>SHIJE E PLOT\u00cb LAJTHIE P\u00cbRMES PJEKJES<br \/>\n<em>\u00b7 Lajthi me trup t\u00eb plot\u00eb nga fu\u00e7ia prej druri<\/em><br \/>\n<em>\u00b7 B\u00ebr\u00eb nga lajthi t\u00eb pjekura<\/em><br \/>\n<em>\u00b7 Ruhet n\u00eb fu\u00e7i druri p\u00ebr disa muaj<\/em><br \/>\n<em>\u00b7 Shije e fort\u00eb Lajthie, p\u00ebrfundim i but\u00eb<\/em><\/p>\n<p>KARAKTERISTIKE DHE INTENSIVE<br \/>\n<em>E fort\u00eb dhe me shije t\u00eb shijshme me nj\u00eb not\u00eb t\u00eb leht\u00eb t\u00eb hidhur &#8211; kjo i b\u00ebn lajthit\u00eb jo vet\u00ebm nj\u00eb p\u00ebrb\u00ebr\u00ebs t\u00eb njohur pjekjeje p\u00ebr \u00ebmb\u00eblsira dhe biskota. I distiluar dhe i ruajtur n\u00eb fu\u00e7i druri, b\u00ebhet nj\u00eb specialitet i mrekulluesh\u00ebm i schnapps &#8211; lajthia e vjet\u00ebr.<\/em><\/p>\n<p>T\u00cb P\u00cbRHAPUR DHE T\u00cb NJOHUR<br \/>\n<em>Shum\u00ebllojshm\u00ebria popullore e arrave \u00ebsht\u00eb e njohur p\u00ebr mij\u00ebra vjet dhe lul\u00ebzon pothuajse n\u00eb t\u00eb gjith\u00eb Evrop\u00ebn. Vjelja e frutave, t\u00eb cilat zakonisht rriten n\u00eb shkurre disa metra t\u00eb larta, fillon n\u00eb shtator. M\u00eb pas ato thahen p\u00ebr disa jav\u00eb para se t&#8217;i p\u00ebrpunojm\u00eb n\u00eb distileri ton\u00eb t\u00eb mir\u00eb.<\/em><\/p>\n<p>MACERIMI DHE DISTILIMI<br \/>\n<em>P\u00ebr t\u00eb rritur shijen karakteristike t\u00eb Lajthive, i pjekim para macerimit. L\u00ebshohen aroma t\u00eb mrekullueshme q\u00eb mbushin t\u00eb gjith\u00eb distilerin\u00eb ton\u00eb. I distiluar dy her\u00eb, distilimi tep\u00ebr aromatik i lajthis\u00eb ruhet fillimisht n\u00eb en\u00eb balte dhe m\u00eb pas n\u00eb fu\u00e7i druri, gj\u00eb q\u00eb i jep ngjyr\u00ebn e theksuar t\u00eb but\u00eb dhe t\u00eb verdh\u00eb t\u00eb art\u00eb.<\/em><\/p>\n<p>RAKIA E LAJTHIS\u00cb NGA fu\u00e7ia e drurit<\/p>\n<p>TENDIMI I \u00c7OKOLLAT\u00cbS ME LAJTHI<br \/>\n<em>N\u00eb hund\u00eb dominojn\u00eb notat intensive dhe aromatike t\u00eb lajthis\u00eb. Schnapps (Rakia) \u00ebsht\u00eb jasht\u00ebzakonisht intensive dhe i but\u00eb n\u00eb shije. Tonet e therta t\u00eb arrave, \u00e7okollat\u00ebs dhe karamelit formojn\u00eb kulmin e shijes s\u00eb k\u00ebtij specialiteti. Nj\u00eb p\u00ebrvoj\u00eb e plot\u00eb q\u00eb mbetet n\u00eb am\u00ebz.<\/em><\/p>\n<p><em>Rekomandimi yn\u00eb p\u00ebr pije: Shijoni lajthin\u00eb e vjet\u00ebr si tretje n\u00eb nj\u00eb got\u00eb Rakie (Prinz) n\u00eb nj\u00eb temperatur\u00eb mes 17 dhe 21 \u00b0C. P\u00ebr nj\u00eb shije ve\u00e7an\u00ebrisht intensive, shtoni nj\u00eb kok\u00ebrr lajthi t\u00eb t\u00ebr\u00eb n\u00eb got\u00eb! Dhe n\u00ebse ju p\u00eblqeni pak m\u00eb t\u00eb frutshme, pse t\u00eb mos provoni Raki nga Kumbulla (Alte Zwetschke) ose Kajsi e vjet\u00ebr (Alte Marille).<\/em><\/p>","protected":false},"excerpt":{"rendered":"<p><em>SHIJE E PLOT\u00cb LAJTHIE P\u00cbRMES PJEKJES<\/em><br \/>\n<em>\u00b7 Lajthi me trup t\u00eb plot\u00eb nga fu\u00e7ia prej druri<\/em><br \/>\n<em>\u00b7 B\u00ebr\u00eb nga lajthi t\u00eb pjekura<\/em><br \/>\n<em>\u00b7 Ruhet n\u00eb fu\u00e7i druri p\u00ebr disa muaj<\/em><br \/>\n<em>\u00b7 Shije e fort\u00eb Lajthie, p\u00ebrfundim i but\u00eb<\/em><\/p>","protected":false},"featured_media":809,"comment_status":"open","ping_status":"closed","template":"","meta":{"nf_dc_page":"","om_disable_all_campaigns":false,"_monsterinsights_skip_tracking":false,"_monsterinsights_sitenote_active":false,"_monsterinsights_sitenote_note":"","_monsterinsights_sitenote_category":0,"site-sidebar-layout":"default","site-content-layout":"default","ast-site-content-layout":"default","site-content-style":"default","site-sidebar-style":"default","ast-global-header-display":"","ast-banner-title-visibility":"","ast-main-header-display":"","ast-hfb-above-header-display":"","ast-hfb-below-header-display":"","ast-hfb-mobile-header-display":"","site-post-title":"","ast-breadcrumbs-content":"","ast-featured-img":"","footer-sml-layout":"","ast-disable-related-posts":"","theme-transparent-header-meta":"default","adv-header-id-meta":"","stick-header-meta":"","header-above-stick-meta":"","header-main-stick-meta":"","header-below-stick-meta":"","astra-migrate-meta-layouts":"set","ast-page-background-enabled":"default","ast-page-background-meta":{"desktop":{"background-color":"","background-image":"","background-repeat":"repeat","background-position":"center center","background-size":"auto","background-attachment":"scroll","background-type":"","background-media":"","overlay-type":"","overlay-color":"","overlay-opacity":"","overlay-gradient":""},"tablet":{"background-color":"","background-image":"","background-repeat":"repeat","background-position":"center center","background-size":"auto","background-attachment":"scroll","background-type":"","background-media":"","overlay-type":"","overlay-color":"","overlay-opacity":"","overlay-gradient":""},"mobile":{"background-color":"","background-image":"","background-repeat":"repeat","background-position":"center center","background-size":"auto","background-attachment":"scroll","background-type":"","background-media":"","overlay-type":"","overlay-color":"","overlay-opacity":"","overlay-gradient":""}},"ast-content-background-meta":{"desktop":{"background-color":"var(--ast-global-color-5)","background-image":"","background-repeat":"repeat","background-position":"center center","background-size":"auto","background-attachment":"scroll","background-type":"","background-media":"","overlay-type":"","overlay-color":"","overlay-opacity":"","overlay-gradient":""},"tablet":{"background-color":"var(--ast-global-color-5)","background-image":"","background-repeat":"repeat","background-position":"center center","background-size":"auto","background-attachment":"scroll","background-type":"","background-media":"","overlay-type":"","overlay-color":"","overlay-opacity":"","overlay-gradient":""},"mobile":{"background-color":"var(--ast-global-color-5)","background-image":"","background-repeat":"repeat","background-position":"center center","background-size":"auto","background-attachment":"scroll","background-type":"","background-media":"","overlay-type":"","overlay-color":"","overlay-opacity":"","overlay-gradient":""}}},"product_brand":[],"product_cat":[27],"product_tag":[],"class_list":{"0":"post-718","1":"product","2":"type-product","3":"status-publish","4":"has-post-thumbnail","6":"product_cat-miniaturat","7":"desktop-align-left","8":"tablet-align-left","9":"mobile-align-left","11":"first","12":"instock","13":"shipping-taxable","14":"purchasable","15":"product-type-simple"},"yoast_head":"<!-- This site is optimized with the Yoast SEO plugin v27.5 - https:\/\/yoast.com\/product\/yoast-seo-wordpress\/ -->\n<title>Alte Haselnuss -LAJTHI 0.02l - Prinz<\/title>\n<meta name=\"robots\" content=\"index, follow, max-snippet:-1, max-image-preview:large, max-video-preview:-1\" \/>\n<link rel=\"canonical\" href=\"https:\/\/prinz-ks.com\/sq\/produkt\/alte-haselnuss-lajthi-0-02l\/\" \/>\n<meta property=\"og:locale\" content=\"sq_AL\" \/>\n<meta property=\"og:type\" content=\"article\" \/>\n<meta property=\"og:title\" content=\"Alte Haselnuss -LAJTHI 0.02l - Prinz\" \/>\n<meta property=\"og:description\" content=\"SHIJE E PLOT\u00cb LAJTHIE P\u00cbRMES PJEKJES \u00b7 Lajthi me trup t\u00eb plot\u00eb nga fu\u00e7ia prej druri \u00b7 B\u00ebr\u00eb nga lajthi t\u00eb pjekura \u00b7 Ruhet n\u00eb fu\u00e7i druri p\u00ebr disa muaj \u00b7 Shije e fort\u00eb Lajthie, p\u00ebrfundim i but\u00eb\" \/>\n<meta property=\"og:url\" content=\"https:\/\/prinz-ks.com\/sq\/produkt\/alte-haselnuss-lajthi-0-02l\/\" \/>\n<meta property=\"og:site_name\" content=\"Prinz\" \/>\n<meta property=\"article:modified_time\" content=\"2026-04-15T16:35:56+00:00\" \/>\n<meta property=\"og:image\" content=\"https:\/\/prinz-ks.com\/wp-content\/uploads\/2023\/06\/prinz-alte-haselnuss-0_02l_3.png\" \/>\n\t<meta property=\"og:image:width\" content=\"700\" \/>\n\t<meta property=\"og:image:height\" content=\"700\" \/>\n\t<meta property=\"og:image:type\" content=\"image\/png\" \/>\n<meta name=\"twitter:card\" content=\"summary_large_image\" \/>\n<meta name=\"twitter:label1\" content=\"Est. reading time\" \/>\n\t<meta name=\"twitter:data1\" content=\"2 minuta\" \/>\n<script type=\"application\/ld+json\" class=\"yoast-schema-graph\">{\"@context\":\"https:\\\/\\\/schema.org\",\"@graph\":[{\"@type\":\"WebPage\",\"@id\":\"https:\\\/\\\/prinz-ks.com\\\/product\\\/alte-haselnuss-lajthi-0-02l\\\/\",\"url\":\"https:\\\/\\\/prinz-ks.com\\\/product\\\/alte-haselnuss-lajthi-0-02l\\\/\",\"name\":\"Alte Haselnuss -LAJTHI 0.02l - Prinz\",\"isPartOf\":{\"@id\":\"https:\\\/\\\/prinz-ks.com\\\/#website\"},\"primaryImageOfPage\":{\"@id\":\"https:\\\/\\\/prinz-ks.com\\\/product\\\/alte-haselnuss-lajthi-0-02l\\\/#primaryimage\"},\"image\":{\"@id\":\"https:\\\/\\\/prinz-ks.com\\\/product\\\/alte-haselnuss-lajthi-0-02l\\\/#primaryimage\"},\"thumbnailUrl\":\"https:\\\/\\\/i0.wp.com\\\/prinz-ks.com\\\/wp-content\\\/uploads\\\/2023\\\/06\\\/prinz-alte-haselnuss-0_02l_3.png?fit=700%2C700&ssl=1\",\"datePublished\":\"2023-05-26T17:54:16+00:00\",\"dateModified\":\"2026-04-15T16:35:56+00:00\",\"breadcrumb\":{\"@id\":\"https:\\\/\\\/prinz-ks.com\\\/product\\\/alte-haselnuss-lajthi-0-02l\\\/#breadcrumb\"},\"inLanguage\":\"sq\",\"potentialAction\":[{\"@type\":\"ReadAction\",\"target\":[\"https:\\\/\\\/prinz-ks.com\\\/product\\\/alte-haselnuss-lajthi-0-02l\\\/\"]}]},{\"@type\":\"ImageObject\",\"inLanguage\":\"sq\",\"@id\":\"https:\\\/\\\/prinz-ks.com\\\/product\\\/alte-haselnuss-lajthi-0-02l\\\/#primaryimage\",\"url\":\"https:\\\/\\\/i0.wp.com\\\/prinz-ks.com\\\/wp-content\\\/uploads\\\/2023\\\/06\\\/prinz-alte-haselnuss-0_02l_3.png?fit=700%2C700&ssl=1\",\"contentUrl\":\"https:\\\/\\\/i0.wp.com\\\/prinz-ks.com\\\/wp-content\\\/uploads\\\/2023\\\/06\\\/prinz-alte-haselnuss-0_02l_3.png?fit=700%2C700&ssl=1\",\"width\":700,\"height\":700},{\"@type\":\"BreadcrumbList\",\"@id\":\"https:\\\/\\\/prinz-ks.com\\\/product\\\/alte-haselnuss-lajthi-0-02l\\\/#breadcrumb\",\"itemListElement\":[{\"@type\":\"ListItem\",\"position\":1,\"name\":\"Home\",\"item\":\"https:\\\/\\\/prinz-ks.com\\\/\"},{\"@type\":\"ListItem\",\"position\":2,\"name\":\"Shop\",\"item\":\"https:\\\/\\\/prinz-ks.com\\\/shop\\\/\"},{\"@type\":\"ListItem\",\"position\":3,\"name\":\"Alte Haselnuss -LAJTHI 0.02l\"}]},{\"@type\":\"WebSite\",\"@id\":\"https:\\\/\\\/prinz-ks.com\\\/#website\",\"url\":\"https:\\\/\\\/prinz-ks.com\\\/\",\"name\":\"Prinz\",\"description\":\"Prinz | Faqja momentalisht \u00ebsht\u00eb n\u00eb p\u00ebrpunim\",\"publisher\":{\"@id\":\"https:\\\/\\\/prinz-ks.com\\\/#organization\"},\"potentialAction\":[{\"@type\":\"SearchAction\",\"target\":{\"@type\":\"EntryPoint\",\"urlTemplate\":\"https:\\\/\\\/prinz-ks.com\\\/?s={search_term_string}\"},\"query-input\":{\"@type\":\"PropertyValueSpecification\",\"valueRequired\":true,\"valueName\":\"search_term_string\"}}],\"inLanguage\":\"sq\"},{\"@type\":\"Organization\",\"@id\":\"https:\\\/\\\/prinz-ks.com\\\/#organization\",\"name\":\"Prinz\",\"url\":\"https:\\\/\\\/prinz-ks.com\\\/\",\"logo\":{\"@type\":\"ImageObject\",\"inLanguage\":\"sq\",\"@id\":\"https:\\\/\\\/prinz-ks.com\\\/#\\\/schema\\\/logo\\\/image\\\/\",\"url\":\"https:\\\/\\\/prinz-ks.com\\\/wp-content\\\/uploads\\\/2023\\\/02\\\/logo.svg\",\"contentUrl\":\"https:\\\/\\\/prinz-ks.com\\\/wp-content\\\/uploads\\\/2023\\\/02\\\/logo.svg\",\"width\":350,\"height\":266,\"caption\":\"Prinz\"},\"image\":{\"@id\":\"https:\\\/\\\/prinz-ks.com\\\/#\\\/schema\\\/logo\\\/image\\\/\"}}]}<\/script>\n<!-- \/ Yoast SEO plugin. -->","yoast_head_json":{"title":"Alte Haselnuss -LAJTHI 0.02l - Prinz","robots":{"index":"index","follow":"follow","max-snippet":"max-snippet:-1","max-image-preview":"max-image-preview:large","max-video-preview":"max-video-preview:-1"},"canonical":"https:\/\/prinz-ks.com\/sq\/produkt\/alte-haselnuss-lajthi-0-02l\/","og_locale":"sq_AL","og_type":"article","og_title":"Alte Haselnuss -LAJTHI 0.02l - Prinz","og_description":"SHIJE E PLOT\u00cb LAJTHIE P\u00cbRMES PJEKJES \u00b7 Lajthi me trup t\u00eb plot\u00eb nga fu\u00e7ia prej druri \u00b7 B\u00ebr\u00eb nga lajthi t\u00eb pjekura \u00b7 Ruhet n\u00eb fu\u00e7i druri p\u00ebr disa muaj \u00b7 Shije e fort\u00eb Lajthie, p\u00ebrfundim i but\u00eb","og_url":"https:\/\/prinz-ks.com\/sq\/produkt\/alte-haselnuss-lajthi-0-02l\/","og_site_name":"Prinz","article_modified_time":"2026-04-15T16:35:56+00:00","og_image":[{"width":700,"height":700,"url":"https:\/\/prinz-ks.com\/wp-content\/uploads\/2023\/06\/prinz-alte-haselnuss-0_02l_3.png","type":"image\/png"}],"twitter_card":"summary_large_image","twitter_misc":{"Est. reading time":"2 minuta"},"schema":{"@context":"https:\/\/schema.org","@graph":[{"@type":"WebPage","@id":"https:\/\/prinz-ks.com\/product\/alte-haselnuss-lajthi-0-02l\/","url":"https:\/\/prinz-ks.com\/product\/alte-haselnuss-lajthi-0-02l\/","name":"Alte Haselnuss -LAJTHI 0.02l - Prinz","isPartOf":{"@id":"https:\/\/prinz-ks.com\/#website"},"primaryImageOfPage":{"@id":"https:\/\/prinz-ks.com\/product\/alte-haselnuss-lajthi-0-02l\/#primaryimage"},"image":{"@id":"https:\/\/prinz-ks.com\/product\/alte-haselnuss-lajthi-0-02l\/#primaryimage"},"thumbnailUrl":"https:\/\/i0.wp.com\/prinz-ks.com\/wp-content\/uploads\/2023\/06\/prinz-alte-haselnuss-0_02l_3.png?fit=700%2C700&ssl=1","datePublished":"2023-05-26T17:54:16+00:00","dateModified":"2026-04-15T16:35:56+00:00","breadcrumb":{"@id":"https:\/\/prinz-ks.com\/product\/alte-haselnuss-lajthi-0-02l\/#breadcrumb"},"inLanguage":"sq","potentialAction":[{"@type":"ReadAction","target":["https:\/\/prinz-ks.com\/product\/alte-haselnuss-lajthi-0-02l\/"]}]},{"@type":"ImageObject","inLanguage":"sq","@id":"https:\/\/prinz-ks.com\/product\/alte-haselnuss-lajthi-0-02l\/#primaryimage","url":"https:\/\/i0.wp.com\/prinz-ks.com\/wp-content\/uploads\/2023\/06\/prinz-alte-haselnuss-0_02l_3.png?fit=700%2C700&ssl=1","contentUrl":"https:\/\/i0.wp.com\/prinz-ks.com\/wp-content\/uploads\/2023\/06\/prinz-alte-haselnuss-0_02l_3.png?fit=700%2C700&ssl=1","width":700,"height":700},{"@type":"BreadcrumbList","@id":"https:\/\/prinz-ks.com\/product\/alte-haselnuss-lajthi-0-02l\/#breadcrumb","itemListElement":[{"@type":"ListItem","position":1,"name":"Home","item":"https:\/\/prinz-ks.com\/"},{"@type":"ListItem","position":2,"name":"Shop","item":"https:\/\/prinz-ks.com\/shop\/"},{"@type":"ListItem","position":3,"name":"Alte Haselnuss -LAJTHI 0.02l"}]},{"@type":"WebSite","@id":"https:\/\/prinz-ks.com\/#website","url":"https:\/\/prinz-ks.com\/","name":"Prinz","description":"Prinz | Faqja momentalisht \u00ebsht\u00eb n\u00eb p\u00ebrpunim","publisher":{"@id":"https:\/\/prinz-ks.com\/#organization"},"potentialAction":[{"@type":"SearchAction","target":{"@type":"EntryPoint","urlTemplate":"https:\/\/prinz-ks.com\/?s={search_term_string}"},"query-input":{"@type":"PropertyValueSpecification","valueRequired":true,"valueName":"search_term_string"}}],"inLanguage":"sq"},{"@type":"Organization","@id":"https:\/\/prinz-ks.com\/#organization","name":"Prinz","url":"https:\/\/prinz-ks.com\/","logo":{"@type":"ImageObject","inLanguage":"sq","@id":"https:\/\/prinz-ks.com\/#\/schema\/logo\/image\/","url":"https:\/\/prinz-ks.com\/wp-content\/uploads\/2023\/02\/logo.svg","contentUrl":"https:\/\/prinz-ks.com\/wp-content\/uploads\/2023\/02\/logo.svg","width":350,"height":266,"caption":"Prinz"},"image":{"@id":"https:\/\/prinz-ks.com\/#\/schema\/logo\/image\/"}}]}},"jetpack_sharing_enabled":true,"_links":{"self":[{"href":"https:\/\/prinz-ks.com\/sq\/wp-json\/wp\/v2\/product\/718","targetHints":{"allow":["GET"]}}],"collection":[{"href":"https:\/\/prinz-ks.com\/sq\/wp-json\/wp\/v2\/product"}],"about":[{"href":"https:\/\/prinz-ks.com\/sq\/wp-json\/wp\/v2\/types\/product"}],"replies":[{"embeddable":true,"href":"https:\/\/prinz-ks.com\/sq\/wp-json\/wp\/v2\/comments?post=718"}],"wp:featuredmedia":[{"embeddable":true,"href":"https:\/\/prinz-ks.com\/sq\/wp-json\/wp\/v2\/media\/809"}],"wp:attachment":[{"href":"https:\/\/prinz-ks.com\/sq\/wp-json\/wp\/v2\/media?parent=718"}],"wp:term":[{"taxonomy":"product_brand","embeddable":true,"href":"https:\/\/prinz-ks.com\/sq\/wp-json\/wp\/v2\/product_brand?post=718"},{"taxonomy":"product_cat","embeddable":true,"href":"https:\/\/prinz-ks.com\/sq\/wp-json\/wp\/v2\/product_cat?post=718"},{"taxonomy":"product_tag","embeddable":true,"href":"https:\/\/prinz-ks.com\/sq\/wp-json\/wp\/v2\/product_tag?post=718"}],"curies":[{"name":"wp","href":"https:\/\/api.w.org\/{rel}","templated":true}]}}