{"id":790,"date":"2023-06-08T19:25:46","date_gmt":"2023-06-08T19:25:46","guid":{"rendered":"http:\/\/prinz-ks.com\/?post_type=product&#038;p=790"},"modified":"2026-04-15T16:35:18","modified_gmt":"2026-04-15T16:35:18","slug":"alte-zwetschke-kumbull-0-02l","status":"publish","type":"product","link":"https:\/\/prinz-ks.com\/sq\/produkt\/alte-zwetschke-kumbull-0-02l\/","title":{"rendered":"Alte Zwetschke &#8211; KUMBULL 0.02l"},"content":{"rendered":"<p>0.02L<\/p>\n<p>VARIETET I FRUTAVE KOMPLEKS<br \/>\n<em>\u00b7 Kumbulla t\u00eb buta, pikante me er\u00ebza nga fu\u00e7ia prej druri<\/em><br \/>\n<em>\u00b7 Me distilimin e kumbullave t\u00eb pjekura nga rajoni<\/em><br \/>\n<em>\u00b7 Dy her i distiluar dhe Maturuar n\u00eb fu\u00e7i druri<\/em><br \/>\n<em>\u00b7 E dallueshme n\u00eb er\u00eb dhe shije<\/em><\/p>\n<p>VARIETETI I KUMBLLAVE TE EMBLA-AROMATIKE<br \/>\n<em>Kumbulla \u00ebsht\u00eb ve\u00e7an\u00ebrisht e popullarizuar n\u00eb gjer\u00ebsin\u00eb ton\u00eb gjeografike dhe me frutin e saj t\u00eb fort\u00eb dhe notat e holla, t\u00eb \u00ebmbla dhe t\u00eb tharta, nuk \u00ebsht\u00eb ideale vet\u00ebm p\u00ebr t\u00eb ngr\u00ebn\u00eb t\u00eb fresk\u00ebt ose p\u00ebr pjekje. Me shum\u00eb dashuri dhe kujdes, krijohet nj\u00eb distilim q\u00eb i jep shijen e shk\u00eblqyer kumbull\u00ebs son\u00eb t\u00eb vjet\u00ebr.<\/em><\/p>\n<p>KORRJA N\u00cb RAJON<\/p>\n<p><em>Kumbulla i p\u00ebrket frutave me gur\u00eb (B\u00ebrtham\u00eb). Shum\u00ebllojshm\u00ebria e kumbull\u00ebs s\u00eb sht\u00ebpis\u00eb \u00ebsht\u00eb shum\u00eb e njohur n\u00eb gjer\u00ebsit\u00eb tona gjeografike. Ka nj\u00eb karakter t\u00eb ve\u00e7ant\u00eb frutash me arom\u00eb t\u00eb l\u00ebngshme. Tuli i verdh\u00eb ka nj\u00eb p\u00ebrmbajtje t\u00eb lart\u00eb sheqeri, gj\u00eb q\u00eb e b\u00ebn at\u00eb shum\u00eb t\u00eb p\u00ebrshtatsh\u00ebm p\u00ebr Distilim. Midis fundit t\u00eb gushtit dhe shtatorit, frutat blu n\u00eb t\u00eb zez\u00eb-vjollc\u00eb piqen n\u00eb kopshtet e frutave tan\u00eb. Pas dor\u00ebzimit n\u00eb ferm\u00ebn ton\u00eb t\u00eb frutave, frutat p\u00ebrpunohen menj\u00ebher\u00eb. Heqja e b\u00ebrthamave \u00ebsht\u00eb shum\u00eb e r\u00ebnd\u00ebsishme, pasi ato do t\u00eb ndikonin negativisht n\u00eb arom\u00ebn e rakis\u00eb. I distiluar dy her\u00eb, distilimi me fruta t\u00eb kumbull\u00ebs ruhet n\u00eb en\u00eb prej balte p\u00ebr nj\u00eb koh\u00eb t\u00eb gjat\u00eb p\u00ebrpara se t\u00eb vendoset n\u00eb fu\u00e7i druri p\u00ebr disa muaj.<\/em><\/p>\n<p>RAKI KUMBULLE NGA FU\u00c7IA E DRURIT<\/p>\n<p>T\u00cb THEKSUAR DH FINE-PIKANT<br \/>\n<em>Aty rakia gjen shijen e saj perfekte, si t\u00eb thuash, pasi gama komplekse e aromave t\u00eb kumbull\u00ebs plot\u00ebson mrekullisht shijet e drurit. S\u00eb fundi, ne i p\u00ebrsosim rakiat me ekstrakte natyrale frutash p\u00ebrpara se t\u00eb jen\u00eb gati p\u00ebr t&#8217;u shijuar n\u00eb shishen klasike Prinz.<\/em><\/p>\n<p><em>Nj\u00eb arom\u00eb dalluese, me lule, me nj\u00eb not\u00eb delikate marzipani q\u00eb dominon hund\u00ebn. N\u00eb shije shpalosen aroma t\u00eb holla frutash, pak pikante dhe \u00ebmb\u00eblsia e k\u00ebndshme e kumbull\u00ebs s\u00eb vjet\u00ebr t\u00eb sht\u00ebpis\u00eb. Nj\u00eb raki frutash e but\u00eb n\u00eb nj\u00eb klas\u00eb tjet\u00ebr niveli!<\/em><\/p>\n<p>Rekomandimi yn\u00eb p\u00ebr pije: Shijoni Alte Haus-Zwetschke si nj\u00eb tret\u00ebs ose thjesht n\u00eb nj\u00eb atmosfer\u00eb me miqt\u00eb tuaj, n\u00eb nj\u00eb got\u00eb rakie (Prinz) n\u00eb nj\u00eb temperatur\u00eb nd\u00ebrmjet 17 dhe 21 \u00b0C.<\/p>\n<p>&nbsp;<\/p>\n<p>&nbsp;<\/p>","protected":false},"excerpt":{"rendered":"<p>&nbsp;<\/p>\n<p><em>Nj\u00eb arom\u00eb dalluese, me lule, me nj\u00eb not\u00eb delikate marzipani q\u00eb dominon hund\u00ebn. N\u00eb shije shpalosen aroma t\u00eb holla frutash, pak pikante dhe \u00ebmb\u00eblsia e k\u00ebndshme e kumbull\u00ebs s\u00eb vjet\u00ebr t\u00eb sht\u00ebpis\u00eb. Nj\u00eb raki frutash e but\u00eb n\u00eb nj\u00eb klas\u00eb tjet\u00ebr niveli!<\/em><\/p>","protected":false},"featured_media":810,"comment_status":"open","ping_status":"closed","template":"","meta":{"nf_dc_page":"","om_disable_all_campaigns":false,"_monsterinsights_skip_tracking":false,"_monsterinsights_sitenote_active":false,"_monsterinsights_sitenote_note":"","_monsterinsights_sitenote_category":0,"site-sidebar-layout":"default","site-content-layout":"default","ast-site-content-layout":"default","site-content-style":"default","site-sidebar-style":"default","ast-global-header-display":"","ast-banner-title-visibility":"","ast-main-header-display":"","ast-hfb-above-header-display":"","ast-hfb-below-header-display":"","ast-hfb-mobile-header-display":"","site-post-title":"","ast-breadcrumbs-content":"","ast-featured-img":"","footer-sml-layout":"","ast-disable-related-posts":"","theme-transparent-header-meta":"default","adv-header-id-meta":"","stick-header-meta":"","header-above-stick-meta":"","header-main-stick-meta":"","header-below-stick-meta":"","astra-migrate-meta-layouts":"set","ast-page-background-enabled":"default","ast-page-background-meta":{"desktop":{"background-color":"","background-image":"","background-repeat":"repeat","background-position":"center center","background-size":"auto","background-attachment":"scroll","background-type":"","background-media":"","overlay-type":"","overlay-color":"","overlay-opacity":"","overlay-gradient":""},"tablet":{"background-color":"","background-image":"","background-repeat":"repeat","background-position":"center center","background-size":"auto","background-attachment":"scroll","background-type":"","background-media":"","overlay-type":"","overlay-color":"","overlay-opacity":"","overlay-gradient":""},"mobile":{"background-color":"","background-image":"","background-repeat":"repeat","background-position":"center center","background-size":"auto","background-attachment":"scroll","background-type":"","background-media":"","overlay-type":"","overlay-color":"","overlay-opacity":"","overlay-gradient":""}},"ast-content-background-meta":{"desktop":{"background-color":"var(--ast-global-color-5)","background-image":"","background-repeat":"repeat","background-position":"center center","background-size":"auto","background-attachment":"scroll","background-type":"","background-media":"","overlay-type":"","overlay-color":"","overlay-opacity":"","overlay-gradient":""},"tablet":{"background-color":"var(--ast-global-color-5)","background-image":"","background-repeat":"repeat","background-position":"center center","background-size":"auto","background-attachment":"scroll","background-type":"","background-media":"","overlay-type":"","overlay-color":"","overlay-opacity":"","overlay-gradient":""},"mobile":{"background-color":"var(--ast-global-color-5)","background-image":"","background-repeat":"repeat","background-position":"center center","background-size":"auto","background-attachment":"scroll","background-type":"","background-media":"","overlay-type":"","overlay-color":"","overlay-opacity":"","overlay-gradient":""}}},"product_brand":[],"product_cat":[27],"product_tag":[],"class_list":{"0":"post-790","1":"product","2":"type-product","3":"status-publish","4":"has-post-thumbnail","6":"product_cat-miniaturat","7":"desktop-align-left","8":"tablet-align-left","9":"mobile-align-left","11":"first","12":"instock","13":"shipping-taxable","14":"purchasable","15":"product-type-simple"},"yoast_head":"<!-- This site is optimized with the Yoast SEO plugin v27.5 - https:\/\/yoast.com\/product\/yoast-seo-wordpress\/ -->\n<title>Alte Zwetschke - KUMBULL 0.02l - Prinz<\/title>\n<meta name=\"robots\" content=\"index, follow, max-snippet:-1, max-image-preview:large, max-video-preview:-1\" \/>\n<link rel=\"canonical\" href=\"https:\/\/prinz-ks.com\/sq\/produkt\/alte-zwetschke-kumbull-0-02l\/\" \/>\n<meta property=\"og:locale\" content=\"sq_AL\" \/>\n<meta property=\"og:type\" content=\"article\" \/>\n<meta property=\"og:title\" content=\"Alte Zwetschke - KUMBULL 0.02l - Prinz\" \/>\n<meta property=\"og:description\" content=\"&nbsp;  Nj\u00eb arom\u00eb dalluese, me lule, me nj\u00eb not\u00eb delikate marzipani q\u00eb dominon hund\u00ebn. N\u00eb shije shpalosen aroma t\u00eb holla frutash, pak pikante dhe \u00ebmb\u00eblsia e k\u00ebndshme e kumbull\u00ebs s\u00eb vjet\u00ebr t\u00eb sht\u00ebpis\u00eb. Nj\u00eb raki frutash e but\u00eb n\u00eb nj\u00eb klas\u00eb tjet\u00ebr niveli!\" \/>\n<meta property=\"og:url\" content=\"https:\/\/prinz-ks.com\/sq\/produkt\/alte-zwetschke-kumbull-0-02l\/\" \/>\n<meta property=\"og:site_name\" content=\"Prinz\" \/>\n<meta property=\"article:modified_time\" content=\"2026-04-15T16:35:18+00:00\" \/>\n<meta property=\"og:image\" content=\"https:\/\/prinz-ks.com\/wp-content\/uploads\/2023\/06\/prinz-alte-haus-zwetschke-0_02l_2.png\" \/>\n\t<meta property=\"og:image:width\" content=\"700\" \/>\n\t<meta property=\"og:image:height\" content=\"700\" \/>\n\t<meta property=\"og:image:type\" content=\"image\/png\" \/>\n<meta name=\"twitter:card\" content=\"summary_large_image\" \/>\n<meta name=\"twitter:label1\" content=\"Est. reading time\" \/>\n\t<meta name=\"twitter:data1\" content=\"2 minuta\" \/>\n<script type=\"application\/ld+json\" class=\"yoast-schema-graph\">{\"@context\":\"https:\\\/\\\/schema.org\",\"@graph\":[{\"@type\":\"WebPage\",\"@id\":\"https:\\\/\\\/prinz-ks.com\\\/product\\\/alte-zwetschke-kumbull-0-02l\\\/\",\"url\":\"https:\\\/\\\/prinz-ks.com\\\/product\\\/alte-zwetschke-kumbull-0-02l\\\/\",\"name\":\"Alte Zwetschke - KUMBULL 0.02l - Prinz\",\"isPartOf\":{\"@id\":\"https:\\\/\\\/prinz-ks.com\\\/#website\"},\"primaryImageOfPage\":{\"@id\":\"https:\\\/\\\/prinz-ks.com\\\/product\\\/alte-zwetschke-kumbull-0-02l\\\/#primaryimage\"},\"image\":{\"@id\":\"https:\\\/\\\/prinz-ks.com\\\/product\\\/alte-zwetschke-kumbull-0-02l\\\/#primaryimage\"},\"thumbnailUrl\":\"https:\\\/\\\/i0.wp.com\\\/prinz-ks.com\\\/wp-content\\\/uploads\\\/2023\\\/06\\\/prinz-alte-haus-zwetschke-0_02l_2.png?fit=700%2C700&ssl=1\",\"datePublished\":\"2023-06-08T19:25:46+00:00\",\"dateModified\":\"2026-04-15T16:35:18+00:00\",\"breadcrumb\":{\"@id\":\"https:\\\/\\\/prinz-ks.com\\\/product\\\/alte-zwetschke-kumbull-0-02l\\\/#breadcrumb\"},\"inLanguage\":\"sq\",\"potentialAction\":[{\"@type\":\"ReadAction\",\"target\":[\"https:\\\/\\\/prinz-ks.com\\\/product\\\/alte-zwetschke-kumbull-0-02l\\\/\"]}]},{\"@type\":\"ImageObject\",\"inLanguage\":\"sq\",\"@id\":\"https:\\\/\\\/prinz-ks.com\\\/product\\\/alte-zwetschke-kumbull-0-02l\\\/#primaryimage\",\"url\":\"https:\\\/\\\/i0.wp.com\\\/prinz-ks.com\\\/wp-content\\\/uploads\\\/2023\\\/06\\\/prinz-alte-haus-zwetschke-0_02l_2.png?fit=700%2C700&ssl=1\",\"contentUrl\":\"https:\\\/\\\/i0.wp.com\\\/prinz-ks.com\\\/wp-content\\\/uploads\\\/2023\\\/06\\\/prinz-alte-haus-zwetschke-0_02l_2.png?fit=700%2C700&ssl=1\",\"width\":700,\"height\":700},{\"@type\":\"BreadcrumbList\",\"@id\":\"https:\\\/\\\/prinz-ks.com\\\/product\\\/alte-zwetschke-kumbull-0-02l\\\/#breadcrumb\",\"itemListElement\":[{\"@type\":\"ListItem\",\"position\":1,\"name\":\"Home\",\"item\":\"https:\\\/\\\/prinz-ks.com\\\/\"},{\"@type\":\"ListItem\",\"position\":2,\"name\":\"Shop\",\"item\":\"https:\\\/\\\/prinz-ks.com\\\/shop\\\/\"},{\"@type\":\"ListItem\",\"position\":3,\"name\":\"Alte Zwetschke &#8211; KUMBULL 0.02l\"}]},{\"@type\":\"WebSite\",\"@id\":\"https:\\\/\\\/prinz-ks.com\\\/#website\",\"url\":\"https:\\\/\\\/prinz-ks.com\\\/\",\"name\":\"Prinz\",\"description\":\"Prinz | Faqja momentalisht \u00ebsht\u00eb n\u00eb p\u00ebrpunim\",\"publisher\":{\"@id\":\"https:\\\/\\\/prinz-ks.com\\\/#organization\"},\"potentialAction\":[{\"@type\":\"SearchAction\",\"target\":{\"@type\":\"EntryPoint\",\"urlTemplate\":\"https:\\\/\\\/prinz-ks.com\\\/?s={search_term_string}\"},\"query-input\":{\"@type\":\"PropertyValueSpecification\",\"valueRequired\":true,\"valueName\":\"search_term_string\"}}],\"inLanguage\":\"sq\"},{\"@type\":\"Organization\",\"@id\":\"https:\\\/\\\/prinz-ks.com\\\/#organization\",\"name\":\"Prinz\",\"url\":\"https:\\\/\\\/prinz-ks.com\\\/\",\"logo\":{\"@type\":\"ImageObject\",\"inLanguage\":\"sq\",\"@id\":\"https:\\\/\\\/prinz-ks.com\\\/#\\\/schema\\\/logo\\\/image\\\/\",\"url\":\"https:\\\/\\\/prinz-ks.com\\\/wp-content\\\/uploads\\\/2023\\\/02\\\/logo.svg\",\"contentUrl\":\"https:\\\/\\\/prinz-ks.com\\\/wp-content\\\/uploads\\\/2023\\\/02\\\/logo.svg\",\"width\":350,\"height\":266,\"caption\":\"Prinz\"},\"image\":{\"@id\":\"https:\\\/\\\/prinz-ks.com\\\/#\\\/schema\\\/logo\\\/image\\\/\"}}]}<\/script>\n<!-- \/ Yoast SEO plugin. -->","yoast_head_json":{"title":"Alte Zwetschke - KUMBULL 0.02l - Prinz","robots":{"index":"index","follow":"follow","max-snippet":"max-snippet:-1","max-image-preview":"max-image-preview:large","max-video-preview":"max-video-preview:-1"},"canonical":"https:\/\/prinz-ks.com\/sq\/produkt\/alte-zwetschke-kumbull-0-02l\/","og_locale":"sq_AL","og_type":"article","og_title":"Alte Zwetschke - KUMBULL 0.02l - Prinz","og_description":"&nbsp;  Nj\u00eb arom\u00eb dalluese, me lule, me nj\u00eb not\u00eb delikate marzipani q\u00eb dominon hund\u00ebn. N\u00eb shije shpalosen aroma t\u00eb holla frutash, pak pikante dhe \u00ebmb\u00eblsia e k\u00ebndshme e kumbull\u00ebs s\u00eb vjet\u00ebr t\u00eb sht\u00ebpis\u00eb. Nj\u00eb raki frutash e but\u00eb n\u00eb nj\u00eb klas\u00eb tjet\u00ebr niveli!","og_url":"https:\/\/prinz-ks.com\/sq\/produkt\/alte-zwetschke-kumbull-0-02l\/","og_site_name":"Prinz","article_modified_time":"2026-04-15T16:35:18+00:00","og_image":[{"width":700,"height":700,"url":"https:\/\/prinz-ks.com\/wp-content\/uploads\/2023\/06\/prinz-alte-haus-zwetschke-0_02l_2.png","type":"image\/png"}],"twitter_card":"summary_large_image","twitter_misc":{"Est. reading time":"2 minuta"},"schema":{"@context":"https:\/\/schema.org","@graph":[{"@type":"WebPage","@id":"https:\/\/prinz-ks.com\/product\/alte-zwetschke-kumbull-0-02l\/","url":"https:\/\/prinz-ks.com\/product\/alte-zwetschke-kumbull-0-02l\/","name":"Alte Zwetschke - KUMBULL 0.02l - Prinz","isPartOf":{"@id":"https:\/\/prinz-ks.com\/#website"},"primaryImageOfPage":{"@id":"https:\/\/prinz-ks.com\/product\/alte-zwetschke-kumbull-0-02l\/#primaryimage"},"image":{"@id":"https:\/\/prinz-ks.com\/product\/alte-zwetschke-kumbull-0-02l\/#primaryimage"},"thumbnailUrl":"https:\/\/i0.wp.com\/prinz-ks.com\/wp-content\/uploads\/2023\/06\/prinz-alte-haus-zwetschke-0_02l_2.png?fit=700%2C700&ssl=1","datePublished":"2023-06-08T19:25:46+00:00","dateModified":"2026-04-15T16:35:18+00:00","breadcrumb":{"@id":"https:\/\/prinz-ks.com\/product\/alte-zwetschke-kumbull-0-02l\/#breadcrumb"},"inLanguage":"sq","potentialAction":[{"@type":"ReadAction","target":["https:\/\/prinz-ks.com\/product\/alte-zwetschke-kumbull-0-02l\/"]}]},{"@type":"ImageObject","inLanguage":"sq","@id":"https:\/\/prinz-ks.com\/product\/alte-zwetschke-kumbull-0-02l\/#primaryimage","url":"https:\/\/i0.wp.com\/prinz-ks.com\/wp-content\/uploads\/2023\/06\/prinz-alte-haus-zwetschke-0_02l_2.png?fit=700%2C700&ssl=1","contentUrl":"https:\/\/i0.wp.com\/prinz-ks.com\/wp-content\/uploads\/2023\/06\/prinz-alte-haus-zwetschke-0_02l_2.png?fit=700%2C700&ssl=1","width":700,"height":700},{"@type":"BreadcrumbList","@id":"https:\/\/prinz-ks.com\/product\/alte-zwetschke-kumbull-0-02l\/#breadcrumb","itemListElement":[{"@type":"ListItem","position":1,"name":"Home","item":"https:\/\/prinz-ks.com\/"},{"@type":"ListItem","position":2,"name":"Shop","item":"https:\/\/prinz-ks.com\/shop\/"},{"@type":"ListItem","position":3,"name":"Alte Zwetschke &#8211; KUMBULL 0.02l"}]},{"@type":"WebSite","@id":"https:\/\/prinz-ks.com\/#website","url":"https:\/\/prinz-ks.com\/","name":"Prinz","description":"Prinz | Faqja momentalisht \u00ebsht\u00eb n\u00eb p\u00ebrpunim","publisher":{"@id":"https:\/\/prinz-ks.com\/#organization"},"potentialAction":[{"@type":"SearchAction","target":{"@type":"EntryPoint","urlTemplate":"https:\/\/prinz-ks.com\/?s={search_term_string}"},"query-input":{"@type":"PropertyValueSpecification","valueRequired":true,"valueName":"search_term_string"}}],"inLanguage":"sq"},{"@type":"Organization","@id":"https:\/\/prinz-ks.com\/#organization","name":"Prinz","url":"https:\/\/prinz-ks.com\/","logo":{"@type":"ImageObject","inLanguage":"sq","@id":"https:\/\/prinz-ks.com\/#\/schema\/logo\/image\/","url":"https:\/\/prinz-ks.com\/wp-content\/uploads\/2023\/02\/logo.svg","contentUrl":"https:\/\/prinz-ks.com\/wp-content\/uploads\/2023\/02\/logo.svg","width":350,"height":266,"caption":"Prinz"},"image":{"@id":"https:\/\/prinz-ks.com\/#\/schema\/logo\/image\/"}}]}},"jetpack_sharing_enabled":true,"_links":{"self":[{"href":"https:\/\/prinz-ks.com\/sq\/wp-json\/wp\/v2\/product\/790","targetHints":{"allow":["GET"]}}],"collection":[{"href":"https:\/\/prinz-ks.com\/sq\/wp-json\/wp\/v2\/product"}],"about":[{"href":"https:\/\/prinz-ks.com\/sq\/wp-json\/wp\/v2\/types\/product"}],"replies":[{"embeddable":true,"href":"https:\/\/prinz-ks.com\/sq\/wp-json\/wp\/v2\/comments?post=790"}],"wp:featuredmedia":[{"embeddable":true,"href":"https:\/\/prinz-ks.com\/sq\/wp-json\/wp\/v2\/media\/810"}],"wp:attachment":[{"href":"https:\/\/prinz-ks.com\/sq\/wp-json\/wp\/v2\/media?parent=790"}],"wp:term":[{"taxonomy":"product_brand","embeddable":true,"href":"https:\/\/prinz-ks.com\/sq\/wp-json\/wp\/v2\/product_brand?post=790"},{"taxonomy":"product_cat","embeddable":true,"href":"https:\/\/prinz-ks.com\/sq\/wp-json\/wp\/v2\/product_cat?post=790"},{"taxonomy":"product_tag","embeddable":true,"href":"https:\/\/prinz-ks.com\/sq\/wp-json\/wp\/v2\/product_tag?post=790"}],"curies":[{"name":"wp","href":"https:\/\/api.w.org\/{rel}","templated":true}]}}