{"id":823,"date":"2024-01-29T10:30:16","date_gmt":"2024-01-29T10:30:16","guid":{"rendered":"https:\/\/prinz-ks.com\/?post_type=product&#038;p=823"},"modified":"2026-04-15T16:35:06","modified_gmt":"2026-04-15T16:35:06","slug":"alte-williams-dardhe-shishe-me-kembe-0-5-l","status":"publish","type":"product","link":"https:\/\/prinz-ks.com\/sq\/produkt\/alte-williams-dardhe-shishe-me-kembe-0-5-l\/","title":{"rendered":"Alte Williams- Dardh\u00eb \/ Shishe me k\u00ebmb\u00eb 0.5 L"},"content":{"rendered":"<p>0.5L<\/p>\n<p>E P\u00cbRPUNUAR ME BUT\u00cbSI P\u00cbR SHIJE MAKSIMALE T\u00cb FRUTAVE<br \/>\n<em>\u00b7 Raki t\u00eb pakrahasueshme Williams nga fu\u00e7i prej druri<\/em><br \/>\n<em>\u00b7 B\u00ebr\u00eb nga dardha t\u00eb pjekura nga dielli nga vendet m\u00eb t\u00eb mira<\/em><br \/>\n<em>\u00b7 Distilohet but\u00ebsisht dhe ruhet p\u00ebr disa vite<\/em><br \/>\n<em>\u00b7 Me trup t\u00eb plot\u00eb, pikante dhe tep\u00ebr t\u00eb but\u00eb<\/em><\/p>\n<p>DARDHA M\u00cb POPULLORE<br \/>\n<em>Williams-Christ \u00ebsht\u00eb padyshim nj\u00eb nga llojet m\u00eb t\u00eb njohura t\u00eb dardhave, jo vet\u00ebm kur b\u00ebhet fjal\u00eb p\u00ebr t\u00eb ngr\u00ebn\u00eb, por edhe p\u00ebr distilimin e rakis\u00eb. Shija e tyre e pakrahasueshme dallohet qart\u00eb nga varietetet e tjera, madje edhe p\u00ebr njoh\u00ebsit e pap\u00ebrvoj\u00eb t\u00eb rakis\u00eb. E shoq\u00ebruar me nj\u00eb not\u00eb t\u00eb holl\u00eb fu\u00e7i lisi, krijohet nj\u00eb specialitet shum\u00eb i ve\u00e7ant\u00eb: dardha e vjet\u00ebr Williams.<\/em><\/p>\n<p>FRUTA T\u00cb VERDHA T\u00cb ART\u00cb ME NJ\u00cb AROM\u00cb INTENSIVE<br \/>\n<em>Vet\u00ebm frutat me cil\u00ebsi m\u00eb t\u00eb mir\u00eb, t\u00eb pjekura nga dielli, t\u00eb cilat jan\u00eb pjekur n\u00eb kushte optimale klimatike n\u00eb kopshtet e kultivuesve tan\u00eb t\u00eb frutave, p\u00ebrdoren p\u00ebr t\u00eb prodhuar distilimin e mir\u00eb Williams. Korrja zakonisht fillon n\u00eb gusht dhe shtator. N\u00eb ferm\u00ebn e frutave, ne kontrollojm\u00eb pjekurin\u00eb e frutave t\u00eb sapo dor\u00ebzuara. Fruti i bardh\u00eb brenda duhet t\u00eb jet\u00eb i but\u00eb, por jo me miell.\u00a0<\/em><\/p>\n<p>PRODHIM SFIDUES<br \/>\n<em>Nj\u00eb ndjenj\u00eb ose m\u00eb mir\u00eb nj\u00eb hund\u00eb e im\u00ebt p\u00ebr koh\u00ebn e duhur t\u00eb hapave individual\u00eb t\u00eb p\u00ebrpunimit \u00ebsht\u00eb shum\u00eb e r\u00ebnd\u00ebsishme me dardh\u00ebn Williams. Edhe gabimet e vogla ndikojn\u00eb n\u00eb rezultatin e m\u00ebvonsh\u00ebm t\u00eb shijes. Prandaj, procesi i qitjes k\u00ebrkon gjithashtu aft\u00ebsi t\u00eb ve\u00e7anta dhe nj\u00eb p\u00ebrvoj\u00eb t\u00eb madhe. Me kujdes, duke p\u00ebrdorur procesin e distilimit t\u00eb pap\u00ebrpunuar dhe t\u00eb im\u00ebt, distiluesit tan\u00eb mjesht\u00ebr sigurojn\u00eb q\u00eb aromat e shk\u00eblqyera, komplekse t\u00eb frutave t\u00eb transferohen plot\u00ebsisht n\u00eb Distilat.<\/em><\/p>\n<p>RAKIA WILLIAMS NGA FU\u00c7IA E DRURIT<\/p>\n<p>TE BUTA DHE PIKANT ME KARAKTER FU\u00c7I DRURI<br \/>\n<em>Pas ruajtjes n\u00eb en\u00eb balte, rakia vendoset n\u00eb fu\u00e7i druri p\u00ebr disa muaj, ku lloji i drurit t\u00eb p\u00ebrdorur \u00ebsht\u00eb vendimtar p\u00ebr shijen. Kjo \u00ebsht\u00eb e vetmja m\u00ebnyr\u00eb q\u00eb dardha e vjeter Williams (Alte Williams-Christbirne) t\u00eb marr\u00eb karakterin tipik t\u00eb fu\u00e7is\u00eb pa mposhtur aromat e frutave. Dhe ato tashm\u00eb mund t\u00eb gjenden n\u00eb hund\u00eb \u2013 me shum\u00eb shtresa, intensive dhe karakteristike. P\u00ebrshtypjet vazhdojn\u00eb n\u00eb qiellz\u00eb dhe nj\u00eb p\u00ebrfundim t\u00eb gjat\u00eb. Shija e plot\u00eb, por e but\u00eb e frutave shoq\u00ebrohet me nj\u00eb \u00ebmb\u00eblsi delikate dhe nota t\u00eb k\u00ebndshme pikante. Nj\u00eb p\u00ebrvoj\u00eb e v\u00ebrtet\u00eb k\u00ebnaq\u00ebsie!<\/em><\/p>\n<p>Kjo shishe e ve\u00e7ant\u00eb mund t\u00eb p\u00ebrdoret shum\u00eb her\u00eb, duke rimbushur p\u00ebrs\u00ebri me raki dardhe.<\/p>\n<p>Rekomandimi yn\u00eb p\u00ebr pije: Shijoni rakin\u00eb e dardh\u00ebs Williams si tret\u00ebs, vet\u00ebm ose n\u00eb nj\u00eb atmosfer\u00eb t\u00eb relaksuar \u2013 ashtu si\u00e7 ju p\u00eblqen. Aromat e frutave shpalosen ve\u00e7an\u00ebrisht mir\u00eb n\u00eb got\u00ebn e rakis\u00eb Prinz n\u00eb nj\u00eb temperatur\u00eb nd\u00ebrmjet 17 dhe 21 \u00b0C.<\/p>","protected":false},"excerpt":{"rendered":"<p><em>Williams-Christ \u00ebsht\u00eb padyshim nj\u00eb nga llojet m\u00eb t\u00eb njohura t\u00eb dardhave, jo vet\u00ebm kur b\u00ebhet fjal\u00eb p\u00ebr t\u00eb ngr\u00ebn\u00eb, por edhe p\u00ebr distilimin e rakis\u00eb. Shija e tyre e pakrahasueshme dallohet qart\u00eb nga varietetet e tjera, madje edhe p\u00ebr njoh\u00ebsit e pap\u00ebrvoj\u00eb t\u00eb rakis\u00eb. E shoq\u00ebruar me nj\u00eb not\u00eb t\u00eb holl\u00eb fu\u00e7i lisi, krijohet nj\u00eb specialitet shum\u00eb i ve\u00e7ant\u00eb: dardha e vjet\u00ebr Williams<\/em><\/p>","protected":false},"featured_media":825,"comment_status":"open","ping_status":"closed","template":"","meta":{"nf_dc_page":"","om_disable_all_campaigns":false,"_monsterinsights_skip_tracking":false,"_monsterinsights_sitenote_active":false,"_monsterinsights_sitenote_note":"","_monsterinsights_sitenote_category":0,"site-sidebar-layout":"default","site-content-layout":"","ast-site-content-layout":"default","site-content-style":"default","site-sidebar-style":"default","ast-global-header-display":"","ast-banner-title-visibility":"","ast-main-header-display":"","ast-hfb-above-header-display":"","ast-hfb-below-header-display":"","ast-hfb-mobile-header-display":"","site-post-title":"","ast-breadcrumbs-content":"","ast-featured-img":"","footer-sml-layout":"","ast-disable-related-posts":"","theme-transparent-header-meta":"default","adv-header-id-meta":"","stick-header-meta":"","header-above-stick-meta":"","header-main-stick-meta":"","header-below-stick-meta":"","astra-migrate-meta-layouts":"set","ast-page-background-enabled":"default","ast-page-background-meta":{"desktop":{"background-color":"","background-image":"","background-repeat":"repeat","background-position":"center center","background-size":"auto","background-attachment":"scroll","background-type":"","background-media":"","overlay-type":"","overlay-color":"","overlay-opacity":"","overlay-gradient":""},"tablet":{"background-color":"","background-image":"","background-repeat":"repeat","background-position":"center center","background-size":"auto","background-attachment":"scroll","background-type":"","background-media":"","overlay-type":"","overlay-color":"","overlay-opacity":"","overlay-gradient":""},"mobile":{"background-color":"","background-image":"","background-repeat":"repeat","background-position":"center center","background-size":"auto","background-attachment":"scroll","background-type":"","background-media":"","overlay-type":"","overlay-color":"","overlay-opacity":"","overlay-gradient":""}},"ast-content-background-meta":{"desktop":{"background-color":"var(--ast-global-color-5)","background-image":"","background-repeat":"repeat","background-position":"center center","background-size":"auto","background-attachment":"scroll","background-type":"","background-media":"","overlay-type":"","overlay-color":"","overlay-opacity":"","overlay-gradient":""},"tablet":{"background-color":"var(--ast-global-color-5)","background-image":"","background-repeat":"repeat","background-position":"center center","background-size":"auto","background-attachment":"scroll","background-type":"","background-media":"","overlay-type":"","overlay-color":"","overlay-opacity":"","overlay-gradient":""},"mobile":{"background-color":"var(--ast-global-color-5)","background-image":"","background-repeat":"repeat","background-position":"center center","background-size":"auto","background-attachment":"scroll","background-type":"","background-media":"","overlay-type":"","overlay-color":"","overlay-opacity":"","overlay-gradient":""}}},"product_brand":[],"product_cat":[32],"product_tag":[],"class_list":{"0":"post-823","1":"product","2":"type-product","3":"status-publish","4":"has-post-thumbnail","6":"product_cat-gota-dhurata","7":"desktop-align-left","8":"tablet-align-left","9":"mobile-align-left","11":"first","12":"outofstock","13":"shipping-taxable","14":"purchasable","15":"product-type-simple"},"yoast_head":"<!-- This site is optimized with the Yoast SEO plugin v27.5 - https:\/\/yoast.com\/product\/yoast-seo-wordpress\/ -->\n<title>Alte Williams- Dardh\u00eb \/ Shishe me k\u00ebmb\u00eb 0.5 L - Prinz<\/title>\n<meta name=\"robots\" content=\"index, follow, max-snippet:-1, max-image-preview:large, max-video-preview:-1\" \/>\n<link rel=\"canonical\" href=\"https:\/\/prinz-ks.com\/sq\/produkt\/alte-williams-dardhe-shishe-me-kembe-0-5-l\/\" \/>\n<meta property=\"og:locale\" content=\"sq_AL\" \/>\n<meta property=\"og:type\" content=\"article\" \/>\n<meta property=\"og:title\" content=\"Alte Williams- Dardh\u00eb \/ Shishe me k\u00ebmb\u00eb 0.5 L - Prinz\" \/>\n<meta property=\"og:description\" content=\"Williams-Christ \u00ebsht\u00eb padyshim nj\u00eb nga llojet m\u00eb t\u00eb njohura t\u00eb dardhave, jo vet\u00ebm kur b\u00ebhet fjal\u00eb p\u00ebr t\u00eb ngr\u00ebn\u00eb, por edhe p\u00ebr distilimin e rakis\u00eb. Shija e tyre e pakrahasueshme dallohet qart\u00eb nga varietetet e tjera, madje edhe p\u00ebr njoh\u00ebsit e pap\u00ebrvoj\u00eb t\u00eb rakis\u00eb. E shoq\u00ebruar me nj\u00eb not\u00eb t\u00eb holl\u00eb fu\u00e7i lisi, krijohet nj\u00eb specialitet shum\u00eb i ve\u00e7ant\u00eb: dardha e vjet\u00ebr Williams\" \/>\n<meta property=\"og:url\" content=\"https:\/\/prinz-ks.com\/sq\/produkt\/alte-williams-dardhe-shishe-me-kembe-0-5-l\/\" \/>\n<meta property=\"og:site_name\" content=\"Prinz\" \/>\n<meta property=\"article:modified_time\" content=\"2026-04-15T16:35:06+00:00\" \/>\n<meta property=\"og:image\" content=\"https:\/\/prinz-ks.com\/wp-content\/uploads\/2024\/01\/20240129_101901-scaled.jpg\" \/>\n\t<meta property=\"og:image:width\" content=\"1154\" \/>\n\t<meta property=\"og:image:height\" content=\"2560\" \/>\n\t<meta property=\"og:image:type\" content=\"image\/jpeg\" \/>\n<meta name=\"twitter:card\" content=\"summary_large_image\" \/>\n<meta name=\"twitter:label1\" content=\"Est. reading time\" \/>\n\t<meta name=\"twitter:data1\" content=\"3 minuta\" \/>\n<script type=\"application\/ld+json\" class=\"yoast-schema-graph\">{\"@context\":\"https:\\\/\\\/schema.org\",\"@graph\":[{\"@type\":\"WebPage\",\"@id\":\"https:\\\/\\\/prinz-ks.com\\\/product\\\/alte-williams-dardhe-shishe-me-kembe-0-5-l\\\/\",\"url\":\"https:\\\/\\\/prinz-ks.com\\\/product\\\/alte-williams-dardhe-shishe-me-kembe-0-5-l\\\/\",\"name\":\"Alte Williams- Dardh\u00eb \\\/ Shishe me k\u00ebmb\u00eb 0.5 L - Prinz\",\"isPartOf\":{\"@id\":\"https:\\\/\\\/prinz-ks.com\\\/#website\"},\"primaryImageOfPage\":{\"@id\":\"https:\\\/\\\/prinz-ks.com\\\/product\\\/alte-williams-dardhe-shishe-me-kembe-0-5-l\\\/#primaryimage\"},\"image\":{\"@id\":\"https:\\\/\\\/prinz-ks.com\\\/product\\\/alte-williams-dardhe-shishe-me-kembe-0-5-l\\\/#primaryimage\"},\"thumbnailUrl\":\"https:\\\/\\\/i0.wp.com\\\/prinz-ks.com\\\/wp-content\\\/uploads\\\/2024\\\/01\\\/20240129_101901-scaled.jpg?fit=1154%2C2560&ssl=1\",\"datePublished\":\"2024-01-29T10:30:16+00:00\",\"dateModified\":\"2026-04-15T16:35:06+00:00\",\"breadcrumb\":{\"@id\":\"https:\\\/\\\/prinz-ks.com\\\/product\\\/alte-williams-dardhe-shishe-me-kembe-0-5-l\\\/#breadcrumb\"},\"inLanguage\":\"sq\",\"potentialAction\":[{\"@type\":\"ReadAction\",\"target\":[\"https:\\\/\\\/prinz-ks.com\\\/product\\\/alte-williams-dardhe-shishe-me-kembe-0-5-l\\\/\"]}]},{\"@type\":\"ImageObject\",\"inLanguage\":\"sq\",\"@id\":\"https:\\\/\\\/prinz-ks.com\\\/product\\\/alte-williams-dardhe-shishe-me-kembe-0-5-l\\\/#primaryimage\",\"url\":\"https:\\\/\\\/i0.wp.com\\\/prinz-ks.com\\\/wp-content\\\/uploads\\\/2024\\\/01\\\/20240129_101901-scaled.jpg?fit=1154%2C2560&ssl=1\",\"contentUrl\":\"https:\\\/\\\/i0.wp.com\\\/prinz-ks.com\\\/wp-content\\\/uploads\\\/2024\\\/01\\\/20240129_101901-scaled.jpg?fit=1154%2C2560&ssl=1\",\"width\":1154,\"height\":2560},{\"@type\":\"BreadcrumbList\",\"@id\":\"https:\\\/\\\/prinz-ks.com\\\/product\\\/alte-williams-dardhe-shishe-me-kembe-0-5-l\\\/#breadcrumb\",\"itemListElement\":[{\"@type\":\"ListItem\",\"position\":1,\"name\":\"Home\",\"item\":\"https:\\\/\\\/prinz-ks.com\\\/\"},{\"@type\":\"ListItem\",\"position\":2,\"name\":\"Shop\",\"item\":\"https:\\\/\\\/prinz-ks.com\\\/shop\\\/\"},{\"@type\":\"ListItem\",\"position\":3,\"name\":\"Alte Williams- Dardh\u00eb \\\/ Shishe me k\u00ebmb\u00eb 0.5 L\"}]},{\"@type\":\"WebSite\",\"@id\":\"https:\\\/\\\/prinz-ks.com\\\/#website\",\"url\":\"https:\\\/\\\/prinz-ks.com\\\/\",\"name\":\"Prinz\",\"description\":\"Prinz | Faqja momentalisht \u00ebsht\u00eb n\u00eb p\u00ebrpunim\",\"publisher\":{\"@id\":\"https:\\\/\\\/prinz-ks.com\\\/#organization\"},\"potentialAction\":[{\"@type\":\"SearchAction\",\"target\":{\"@type\":\"EntryPoint\",\"urlTemplate\":\"https:\\\/\\\/prinz-ks.com\\\/?s={search_term_string}\"},\"query-input\":{\"@type\":\"PropertyValueSpecification\",\"valueRequired\":true,\"valueName\":\"search_term_string\"}}],\"inLanguage\":\"sq\"},{\"@type\":\"Organization\",\"@id\":\"https:\\\/\\\/prinz-ks.com\\\/#organization\",\"name\":\"Prinz\",\"url\":\"https:\\\/\\\/prinz-ks.com\\\/\",\"logo\":{\"@type\":\"ImageObject\",\"inLanguage\":\"sq\",\"@id\":\"https:\\\/\\\/prinz-ks.com\\\/#\\\/schema\\\/logo\\\/image\\\/\",\"url\":\"https:\\\/\\\/prinz-ks.com\\\/wp-content\\\/uploads\\\/2023\\\/02\\\/logo.svg\",\"contentUrl\":\"https:\\\/\\\/prinz-ks.com\\\/wp-content\\\/uploads\\\/2023\\\/02\\\/logo.svg\",\"width\":350,\"height\":266,\"caption\":\"Prinz\"},\"image\":{\"@id\":\"https:\\\/\\\/prinz-ks.com\\\/#\\\/schema\\\/logo\\\/image\\\/\"}}]}<\/script>\n<!-- \/ Yoast SEO plugin. -->","yoast_head_json":{"title":"Alte Williams- Dardh\u00eb \/ Shishe me k\u00ebmb\u00eb 0.5 L - Prinz","robots":{"index":"index","follow":"follow","max-snippet":"max-snippet:-1","max-image-preview":"max-image-preview:large","max-video-preview":"max-video-preview:-1"},"canonical":"https:\/\/prinz-ks.com\/sq\/produkt\/alte-williams-dardhe-shishe-me-kembe-0-5-l\/","og_locale":"sq_AL","og_type":"article","og_title":"Alte Williams- Dardh\u00eb \/ Shishe me k\u00ebmb\u00eb 0.5 L - Prinz","og_description":"Williams-Christ \u00ebsht\u00eb padyshim nj\u00eb nga llojet m\u00eb t\u00eb njohura t\u00eb dardhave, jo vet\u00ebm kur b\u00ebhet fjal\u00eb p\u00ebr t\u00eb ngr\u00ebn\u00eb, por edhe p\u00ebr distilimin e rakis\u00eb. Shija e tyre e pakrahasueshme dallohet qart\u00eb nga varietetet e tjera, madje edhe p\u00ebr njoh\u00ebsit e pap\u00ebrvoj\u00eb t\u00eb rakis\u00eb. E shoq\u00ebruar me nj\u00eb not\u00eb t\u00eb holl\u00eb fu\u00e7i lisi, krijohet nj\u00eb specialitet shum\u00eb i ve\u00e7ant\u00eb: dardha e vjet\u00ebr Williams","og_url":"https:\/\/prinz-ks.com\/sq\/produkt\/alte-williams-dardhe-shishe-me-kembe-0-5-l\/","og_site_name":"Prinz","article_modified_time":"2026-04-15T16:35:06+00:00","og_image":[{"width":1154,"height":2560,"url":"https:\/\/prinz-ks.com\/wp-content\/uploads\/2024\/01\/20240129_101901-scaled.jpg","type":"image\/jpeg"}],"twitter_card":"summary_large_image","twitter_misc":{"Est. reading time":"3 minuta"},"schema":{"@context":"https:\/\/schema.org","@graph":[{"@type":"WebPage","@id":"https:\/\/prinz-ks.com\/product\/alte-williams-dardhe-shishe-me-kembe-0-5-l\/","url":"https:\/\/prinz-ks.com\/product\/alte-williams-dardhe-shishe-me-kembe-0-5-l\/","name":"Alte Williams- Dardh\u00eb \/ Shishe me k\u00ebmb\u00eb 0.5 L - Prinz","isPartOf":{"@id":"https:\/\/prinz-ks.com\/#website"},"primaryImageOfPage":{"@id":"https:\/\/prinz-ks.com\/product\/alte-williams-dardhe-shishe-me-kembe-0-5-l\/#primaryimage"},"image":{"@id":"https:\/\/prinz-ks.com\/product\/alte-williams-dardhe-shishe-me-kembe-0-5-l\/#primaryimage"},"thumbnailUrl":"https:\/\/i0.wp.com\/prinz-ks.com\/wp-content\/uploads\/2024\/01\/20240129_101901-scaled.jpg?fit=1154%2C2560&ssl=1","datePublished":"2024-01-29T10:30:16+00:00","dateModified":"2026-04-15T16:35:06+00:00","breadcrumb":{"@id":"https:\/\/prinz-ks.com\/product\/alte-williams-dardhe-shishe-me-kembe-0-5-l\/#breadcrumb"},"inLanguage":"sq","potentialAction":[{"@type":"ReadAction","target":["https:\/\/prinz-ks.com\/product\/alte-williams-dardhe-shishe-me-kembe-0-5-l\/"]}]},{"@type":"ImageObject","inLanguage":"sq","@id":"https:\/\/prinz-ks.com\/product\/alte-williams-dardhe-shishe-me-kembe-0-5-l\/#primaryimage","url":"https:\/\/i0.wp.com\/prinz-ks.com\/wp-content\/uploads\/2024\/01\/20240129_101901-scaled.jpg?fit=1154%2C2560&ssl=1","contentUrl":"https:\/\/i0.wp.com\/prinz-ks.com\/wp-content\/uploads\/2024\/01\/20240129_101901-scaled.jpg?fit=1154%2C2560&ssl=1","width":1154,"height":2560},{"@type":"BreadcrumbList","@id":"https:\/\/prinz-ks.com\/product\/alte-williams-dardhe-shishe-me-kembe-0-5-l\/#breadcrumb","itemListElement":[{"@type":"ListItem","position":1,"name":"Home","item":"https:\/\/prinz-ks.com\/"},{"@type":"ListItem","position":2,"name":"Shop","item":"https:\/\/prinz-ks.com\/shop\/"},{"@type":"ListItem","position":3,"name":"Alte Williams- Dardh\u00eb \/ Shishe me k\u00ebmb\u00eb 0.5 L"}]},{"@type":"WebSite","@id":"https:\/\/prinz-ks.com\/#website","url":"https:\/\/prinz-ks.com\/","name":"Prinz","description":"Prinz | Faqja momentalisht \u00ebsht\u00eb n\u00eb p\u00ebrpunim","publisher":{"@id":"https:\/\/prinz-ks.com\/#organization"},"potentialAction":[{"@type":"SearchAction","target":{"@type":"EntryPoint","urlTemplate":"https:\/\/prinz-ks.com\/?s={search_term_string}"},"query-input":{"@type":"PropertyValueSpecification","valueRequired":true,"valueName":"search_term_string"}}],"inLanguage":"sq"},{"@type":"Organization","@id":"https:\/\/prinz-ks.com\/#organization","name":"Prinz","url":"https:\/\/prinz-ks.com\/","logo":{"@type":"ImageObject","inLanguage":"sq","@id":"https:\/\/prinz-ks.com\/#\/schema\/logo\/image\/","url":"https:\/\/prinz-ks.com\/wp-content\/uploads\/2023\/02\/logo.svg","contentUrl":"https:\/\/prinz-ks.com\/wp-content\/uploads\/2023\/02\/logo.svg","width":350,"height":266,"caption":"Prinz"},"image":{"@id":"https:\/\/prinz-ks.com\/#\/schema\/logo\/image\/"}}]}},"jetpack_sharing_enabled":true,"_links":{"self":[{"href":"https:\/\/prinz-ks.com\/sq\/wp-json\/wp\/v2\/product\/823","targetHints":{"allow":["GET"]}}],"collection":[{"href":"https:\/\/prinz-ks.com\/sq\/wp-json\/wp\/v2\/product"}],"about":[{"href":"https:\/\/prinz-ks.com\/sq\/wp-json\/wp\/v2\/types\/product"}],"replies":[{"embeddable":true,"href":"https:\/\/prinz-ks.com\/sq\/wp-json\/wp\/v2\/comments?post=823"}],"wp:featuredmedia":[{"embeddable":true,"href":"https:\/\/prinz-ks.com\/sq\/wp-json\/wp\/v2\/media\/825"}],"wp:attachment":[{"href":"https:\/\/prinz-ks.com\/sq\/wp-json\/wp\/v2\/media?parent=823"}],"wp:term":[{"taxonomy":"product_brand","embeddable":true,"href":"https:\/\/prinz-ks.com\/sq\/wp-json\/wp\/v2\/product_brand?post=823"},{"taxonomy":"product_cat","embeddable":true,"href":"https:\/\/prinz-ks.com\/sq\/wp-json\/wp\/v2\/product_cat?post=823"},{"taxonomy":"product_tag","embeddable":true,"href":"https:\/\/prinz-ks.com\/sq\/wp-json\/wp\/v2\/product_tag?post=823"}],"curies":[{"name":"wp","href":"https:\/\/api.w.org\/{rel}","templated":true}]}}